{"id":21545,"date":"2019-07-08T17:43:45","date_gmt":"2019-07-08T20:43:45","guid":{"rendered":"https:\/\/mercadobinario.com.br\/?page_id=21545"},"modified":"2021-04-15T12:07:43","modified_gmt":"2021-04-15T15:07:43","slug":"marketing-com-inteligencia-artificial","status":"publish","type":"page","link":"https:\/\/mercadobinario.com.br\/blog\/marketing-com-inteligencia-artificial\/","title":{"rendered":"Intelig\u00eancia Artificial"},"content":{"rendered":"<p>[vc_row height=&#8221;auto&#8221; width=&#8221;full&#8221; color_scheme=&#8221;alternate&#8221;][vc_column][rev_slider_vc alias=&#8221;inteligencia-artificial&#8221;][\/vc_column][\/vc_row][vc_row height=&#8221;auto&#8221; color_scheme=&#8221;custom&#8221; us_bg_color=&#8221;rgba(0,0,0,0.01)&#8221; el_id=&#8221;contato-home&#8221; css=&#8221;.vc_custom_1557259998617{margin-bottom: 200px !important;}&#8221;][vc_column width=&#8221;1\/4&#8243;][\/vc_column][vc_column width=&#8221;1\/2&#8243;][gravityform id=&#8221;37&#8243; title=&#8221;false&#8221; description=&#8221;false&#8221; ajax=&#8221;false&#8221;][\/vc_column][vc_column width=&#8221;1\/4&#8243;][\/vc_column][\/vc_row][vc_row height=&#8221;auto&#8221; css=&#8221;.vc_custom_1551378141825{margin-top: 30px !important;margin-bottom: 30px !important;}&#8221;][vc_column width=&#8221;1\/2&#8243;][ultimate_spacer height=&#8221;30&#8243; height_on_tabs=&#8221;30&#8243; height_on_tabs_portrait=&#8221;30&#8243; height_on_mob_landscape=&#8221;30&#8243; height_on_mob=&#8221;30&#8243;][vc_column_text css=&#8221;.vc_custom_1562694962627{margin-bottom: 30px !important;}&#8221;]<\/p>\n<h2 style=\"text-align: left;\">Usar Intelig\u00eancia Artificial no seu marketing para aumentar suas vendas<\/h2>\n<p>[\/vc_column_text][ultimate_spacer height=&#8221;30&#8243; height_on_tabs=&#8221;30&#8243; height_on_tabs_portrait=&#8221;30&#8243; height_on_mob_landscape=&#8221;30&#8243; height_on_mob=&#8221;30&#8243;][vc_column_text]O rob\u00f4 Elevaweb consegue analisar seus dados de neg\u00f3cios e gerar recomenda\u00e7\u00f5es para que seu marketing seja otimizado e voc\u00ea consiga resultados reais. Nossa ferramenta de conte\u00fado por IA usar\u00e1 estes dados para gerar otimiza\u00e7\u00f5es que realmente convertam em vendas para depois a m\u00eddia de otimiza\u00e7\u00e3o encontrar o seu p\u00fablico ideal.[\/vc_column_text][ultimate_spacer height=&#8221;30&#8243; height_on_tabs=&#8221;30&#8243; height_on_tabs_portrait=&#8221;30&#8243; height_on_mob_landscape=&#8221;30&#8243; height_on_mob=&#8221;30&#8243;][ult_buttons btn_title=&#8221;Baixe o infogr\u00e1fico&#8221; btn_link=&#8221;url:https%3A%2F%2Fmateriais.criacaode.site%2Finfografico-robo-elevaweb||target:%20_blank|&#8221; btn_title_color=&#8221;#ffffff&#8221; btn_bg_color=&#8221;#00528e&#8221; icon_size=&#8221;32&#8243; btn_icon_pos=&#8221;ubtn-sep-icon-at-left&#8221; btn_border_style=&#8221;solid&#8221; btn_border_size=&#8221;0&#8243; btn_radius=&#8221;7&#8243; btn_font_size=&#8221;desktop:20px;&#8221;][\/vc_column][vc_column width=&#8221;1\/2&#8243;][us_image image=&#8221;21580&#8243; animate=&#8221;afr&#8221;][\/vc_column][\/vc_row][vc_row bg_type=&#8221;bg_color&#8221; bg_color_value=&#8221;#f8f9fa&#8221;][vc_column][ultimate_spacer height=&#8221;60&#8243; height_on_tabs=&#8221;30&#8243; height_on_tabs_portrait=&#8221;30&#8243; height_on_mob_landscape=&#8221;30&#8243; height_on_mob=&#8221;30&#8243;][vc_column_text css=&#8221;.vc_custom_1562866827421{margin-bottom: 30px !important;}&#8221;]<\/p>\n<h2 style=\"text-align: center;\">BENEF\u00cdCIOS<\/h2>\n<p>[\/vc_column_text][ultimate_spacer height=&#8221;60&#8243; height_on_tabs=&#8221;30&#8243; height_on_tabs_portrait=&#8221;30&#8243; height_on_mob_landscape=&#8221;30&#8243; height_on_mob=&#8221;30&#8243;][vc_row_inner][vc_column_inner width=&#8221;1\/3&#8243;][bsf-info-box icon_size=&#8221;32&#8243; title=&#8221;Teste de 30 em 30 minutos&#8221;]APi de intelig\u00eancia artificial que altera sua campanha de 30 em 30 minutos[\/bsf-info-box][\/vc_column_inner][vc_column_inner width=&#8221;1\/3&#8243;][bsf-info-box icon_size=&#8221;32&#8243; title=&#8221;Resultados em 1 m\u00eas&#8221;]No primeiro m\u00eas o foco \u00e9 em cliques, CTR e \u00cdndice de Qualidade[\/bsf-info-box][\/vc_column_inner][vc_column_inner width=&#8221;1\/3&#8243;][bsf-info-box icon_size=&#8221;32&#8243; title=&#8221;Relat\u00f3rios&#8221;]Relat\u00f3rio de IA e uma metodologia de Ads com AI <span style=\"font-weight: 400;\">que j\u00e1 funciona <\/span>com <span style=\"font-weight: 400;\">mais de 100 clientes<\/span>[\/bsf-info-box][\/vc_column_inner][\/vc_row_inner][ultimate_spacer height=&#8221;60&#8243; height_on_tabs=&#8221;30&#8243; height_on_tabs_portrait=&#8221;30&#8243; height_on_mob_landscape=&#8221;30&#8243; height_on_mob=&#8221;30&#8243;][\/vc_column][\/vc_row][vc_row height=&#8221;auto&#8221; css=&#8221;.vc_custom_1551378141825{margin-top: 30px !important;margin-bottom: 30px !important;}&#8221;][vc_column][ultimate_spacer height=&#8221;30&#8243; height_on_tabs=&#8221;30&#8243; height_on_tabs_portrait=&#8221;30&#8243; height_on_mob_landscape=&#8221;30&#8243; height_on_mob=&#8221;30&#8243;][vc_column_text css=&#8221;.vc_custom_1562867766544{margin-bottom: 30px !important;}&#8221;]<\/p>\n<h2 style=\"text-align: center;\">VANTAGENS PARA<\/h2>\n<p>[\/vc_column_text][ultimate_spacer height=&#8221;30&#8243; height_on_tabs=&#8221;30&#8243; height_on_tabs_portrait=&#8221;30&#8243; height_on_mob_landscape=&#8221;30&#8243; height_on_mob=&#8221;30&#8243;][\/vc_column][\/vc_row][vc_row][vc_column width=&#8221;1\/3&#8243;][bsf-info-box icon_size=&#8221;32&#8243; title=&#8221;Empresas&#8221;]Tenha mais resultados usando intelig\u00eancia artificial e maximize o alcance das campanhas de Google da sua empresa.[\/bsf-info-box][\/vc_column][vc_column width=&#8221;1\/3&#8243;][bsf-info-box icon_size=&#8221;32&#8243; title=&#8221;Ag\u00eancias&#8221;]<\/p>\n<div class=\"key-icon-box icon-default icon-top kd-animated fadeInUp mb2 kd-animate\" data-animation-delay=\"200\">\n<div class=\"ib-wrapper\">\n<p>Eleve sua oferta de servi\u00e7o de marketing digital a um outro n\u00edvel para seus clientes.<\/p>\n<\/div>\n<\/div>\n<p>[\/bsf-info-box][\/vc_column][vc_column width=&#8221;1\/3&#8243;][bsf-info-box icon_size=&#8221;32&#8243; title=&#8221;Portais&#8221;]A melhor forma de automatizar os alcances dos seus an\u00fancios e com um custo de clique menor.[\/bsf-info-box][\/vc_column][\/vc_row][vc_row][vc_column][ultimate_spacer height=&#8221;60&#8243; height_on_tabs=&#8221;30&#8243; height_on_tabs_portrait=&#8221;30&#8243; height_on_mob_landscape=&#8221;30&#8243; height_on_mob=&#8221;30&#8243;][vc_column_text css=&#8221;.vc_custom_1557168589293{margin-bottom: 30px !important;}&#8221;]<\/p>\n<h2 style=\"text-align: center;\">AMAMOS O QUE FAZEMOS, POR ISSO SOMOS RECONHECIDOS<\/h2>\n<p>[\/vc_column_text][ultimate_spacer height=&#8221;30&#8243; height_on_tabs=&#8221;30&#8243; height_on_tabs_portrait=&#8221;30&#8243; height_on_mob_landscape=&#8221;30&#8243; height_on_mob=&#8221;30&#8243;][us_grid post_type=&#8221;us_testimonial&#8221; items_layout=&#8221;testimonial_1&#8243; type=&#8221;carousel&#8221; columns=&#8221;1&#8243; carousel_arrows=&#8221;1&#8243; filter_show_all=&#8221;&#8221;][ultimate_spacer height=&#8221;60&#8243; height_on_tabs=&#8221;30&#8243; height_on_tabs_portrait=&#8221;30&#8243; height_on_mob_landscape=&#8221;30&#8243; height_on_mob=&#8221;30&#8243;][\/vc_column][\/vc_row]<\/p>\n","protected":false},"excerpt":{"rendered":"<p>[vc_row height=&#8221;auto&#8221; width=&#8221;full&#8221; color_scheme=&#8221;alternate&#8221;][vc_column][rev_slider_vc alias=&#8221;inteligencia-artificial&#8221;][\/vc_column][\/vc_row][vc_row height=&#8221;auto&#8221; color_scheme=&#8221;custom&#8221; us_bg_color=&#8221;rgba(0,0,0,0.01)&#8221; el_id=&#8221;contato-home&#8221; css=&#8221;.vc_custom_1557259998617{margin-bottom: 200px !important;}&#8221;][vc_column width=&#8221;1\/4&#8243;][\/vc_column][vc_column width=&#8221;1\/2&#8243;][gravityform id=&#8221;37&#8243; title=&#8221;false&#8221; description=&#8221;false&#8221; ajax=&#8221;false&#8221;][\/vc_column][vc_column width=&#8221;1\/4&#8243;][\/vc_column][\/vc_row][vc_row height=&#8221;auto&#8221; css=&#8221;.vc_custom_1551378141825{margin-top: 30px !important;margin-bottom: 30px !important;}&#8221;][vc_column width=&#8221;1\/2&#8243;][ultimate_spacer height=&#8221;30&#8243; height_on_tabs=&#8221;30&#8243; height_on_tabs_portrait=&#8221;30&#8243; height_on_mob_landscape=&#8221;30&#8243; height_on_mob=&#8221;30&#8243;][vc_column_text css=&#8221;.vc_custom_1562694962627{margin-bottom: 30px !important;}&#8221;] Usar Intelig\u00eancia Artificial no seu marketing para aumentar suas vendas [\/vc_column_text][ultimate_spacer height=&#8221;30&#8243; height_on_tabs=&#8221;30&#8243; height_on_tabs_portrait=&#8221;30&#8243; height_on_mob_landscape=&#8221;30&#8243; height_on_mob=&#8221;30&#8243;][vc_column_text]O rob\u00f4 Elevaweb consegue analisar seus [&hellip;]<\/p>\n","protected":false},"author":24,"featured_media":0,"parent":0,"menu_order":0,"comment_status":"closed","ping_status":"closed","template":"","meta":{"_seopress_robots_primary_cat":"","inline_featured_image":false,"site-sidebar-layout":"no-sidebar","site-content-layout":"plain-container","ast-site-content-layout":"","site-content-style":"default","site-sidebar-style":"default","ast-global-header-display":"","ast-banner-title-visibility":"","ast-main-header-display":"","ast-hfb-above-header-display":"","ast-hfb-below-header-display":"","ast-hfb-mobile-header-display":"","site-post-title":"disabled","ast-breadcrumbs-content":"","ast-featured-img":"disabled","footer-sml-layout":"","theme-transparent-header-meta":"","adv-header-id-meta":"","stick-header-meta":"","header-above-stick-meta":"","header-main-stick-meta":"","header-below-stick-meta":"","astra-migrate-meta-layouts":"default","ast-page-background-enabled":"default","ast-page-background-meta":{"desktop":{"background-color":"var(--ast-global-color-4)","background-image":"","background-repeat":"repeat","background-position":"center center","background-size":"auto","background-attachment":"scroll","background-type":"","background-media":"","overlay-type":"","overlay-color":"","overlay-opacity":"","overlay-gradient":""},"tablet":{"background-color":"","background-image":"","background-repeat":"repeat","background-position":"center center","background-size":"auto","background-attachment":"scroll","background-type":"","background-media":"","overlay-type":"","overlay-color":"","overlay-opacity":"","overlay-gradient":""},"mobile":{"background-color":"","background-image":"","background-repeat":"repeat","background-position":"center center","background-size":"auto","background-attachment":"scroll","background-type":"","background-media":"","overlay-type":"","overlay-color":"","overlay-opacity":"","overlay-gradient":""}},"ast-content-background-meta":{"desktop":{"background-color":"var(--ast-global-color-5)","background-image":"","background-repeat":"repeat","background-position":"center center","background-size":"auto","background-attachment":"scroll","background-type":"","background-media":"","overlay-type":"","overlay-color":"","overlay-opacity":"","overlay-gradient":""},"tablet":{"background-color":"var(--ast-global-color-5)","background-image":"","background-repeat":"repeat","background-position":"center center","background-size":"auto","background-attachment":"scroll","background-type":"","background-media":"","overlay-type":"","overlay-color":"","overlay-opacity":"","overlay-gradient":""},"mobile":{"background-color":"var(--ast-global-color-5)","background-image":"","background-repeat":"repeat","background-position":"center center","background-size":"auto","background-attachment":"scroll","background-type":"","background-media":"","overlay-type":"","overlay-color":"","overlay-opacity":"","overlay-gradient":""}}},"yoast_head":"<!-- This site is optimized with the Yoast SEO Premium plugin v17.3 (Yoast SEO v19.11) - https:\/\/yoast.com\/wordpress\/plugins\/seo\/ -->\n<title>Intelig\u00eancia Artificial - Mercado Bin\u00e1rio - Ag\u00eancia de marketing Digital<\/title>\n<meta name=\"robots\" content=\"index, follow, max-snippet:-1, max-image-preview:large, max-video-preview:-1\" \/>\n<link rel=\"canonical\" href=\"https:\/\/mercadobinario.com.br\/blog\/marketing-com-inteligencia-artificial\/\" \/>\n<meta property=\"og:locale\" content=\"pt_BR\" \/>\n<meta property=\"og:type\" content=\"article\" \/>\n<meta property=\"og:title\" content=\"Intelig\u00eancia Artificial\" \/>\n<meta property=\"og:description\" content=\"[vc_row height=&#8221;auto&#8221; width=&#8221;full&#8221; color_scheme=&#8221;alternate&#8221;][vc_column][rev_slider_vc alias=&#8221;inteligencia-artificial&#8221;][\/vc_column][\/vc_row][vc_row height=&#8221;auto&#8221; color_scheme=&#8221;custom&#8221; us_bg_color=&#8221;rgba(0,0,0,0.01)&#8221; el_id=&#8221;contato-home&#8221; css=&#8221;.vc_custom_1557259998617{margin-bottom: 200px !important;}&#8221;][vc_column width=&#8221;1\/4&#8243;][\/vc_column][vc_column width=&#8221;1\/2&#8243;][gravityform id=&#8221;37&#8243; title=&#8221;false&#8221; description=&#8221;false&#8221; ajax=&#8221;false&#8221;][\/vc_column][vc_column width=&#8221;1\/4&#8243;][\/vc_column][\/vc_row][vc_row height=&#8221;auto&#8221; css=&#8221;.vc_custom_1551378141825{margin-top: 30px !important;margin-bottom: 30px !important;}&#8221;][vc_column width=&#8221;1\/2&#8243;][ultimate_spacer height=&#8221;30&#8243; height_on_tabs=&#8221;30&#8243; height_on_tabs_portrait=&#8221;30&#8243; height_on_mob_landscape=&#8221;30&#8243; height_on_mob=&#8221;30&#8243;][vc_column_text css=&#8221;.vc_custom_1562694962627{margin-bottom: 30px !important;}&#8221;] Usar Intelig\u00eancia Artificial no seu marketing para aumentar suas vendas [\/vc_column_text][ultimate_spacer height=&#8221;30&#8243; height_on_tabs=&#8221;30&#8243; height_on_tabs_portrait=&#8221;30&#8243; height_on_mob_landscape=&#8221;30&#8243; height_on_mob=&#8221;30&#8243;][vc_column_text]O rob\u00f4 Elevaweb consegue analisar seus [&hellip;]\" \/>\n<meta property=\"og:url\" content=\"https:\/\/mercadobinario.com.br\/blog\/marketing-com-inteligencia-artificial\/\" \/>\n<meta property=\"og:site_name\" content=\"Mercado Bin\u00e1rio - Ag\u00eancia de marketing Digital\" \/>\n<meta property=\"article:publisher\" content=\"https:\/\/www.facebook.com\/mercadobinario\/\" \/>\n<meta property=\"article:modified_time\" content=\"2021-04-15T15:07:43+00:00\" \/>\n<meta name=\"twitter:card\" content=\"summary_large_image\" \/>\n<meta name=\"twitter:site\" content=\"@mercadobinario\" \/>\n<meta name=\"twitter:label1\" content=\"Est. tempo de leitura\" \/>\n\t<meta name=\"twitter:data1\" content=\"4 minutos\" \/>\n<script type=\"application\/ld+json\" class=\"yoast-schema-graph\">{\"@context\":\"https:\/\/schema.org\",\"@graph\":[{\"@type\":\"WebPage\",\"@id\":\"https:\/\/mercadobinario.com.br\/blog\/marketing-com-inteligencia-artificial\/\",\"url\":\"https:\/\/mercadobinario.com.br\/blog\/marketing-com-inteligencia-artificial\/\",\"name\":\"Intelig\u00eancia Artificial - Mercado Bin\u00e1rio - Ag\u00eancia de marketing Digital\",\"isPartOf\":{\"@id\":\"https:\/\/mercadobinario.com.br\/blog\/#website\"},\"datePublished\":\"2019-07-08T20:43:45+00:00\",\"dateModified\":\"2021-04-15T15:07:43+00:00\",\"breadcrumb\":{\"@id\":\"https:\/\/mercadobinario.com.br\/blog\/marketing-com-inteligencia-artificial\/#breadcrumb\"},\"inLanguage\":\"pt-BR\",\"potentialAction\":[{\"@type\":\"ReadAction\",\"target\":[\"https:\/\/mercadobinario.com.br\/blog\/marketing-com-inteligencia-artificial\/\"]}]},{\"@type\":\"BreadcrumbList\",\"@id\":\"https:\/\/mercadobinario.com.br\/blog\/marketing-com-inteligencia-artificial\/#breadcrumb\",\"itemListElement\":[{\"@type\":\"ListItem\",\"position\":1,\"name\":\"In\u00edcio\",\"item\":\"https:\/\/mercadobinario.com.br\/blog\/\"},{\"@type\":\"ListItem\",\"position\":2,\"name\":\"Intelig\u00eancia Artificial\"}]},{\"@type\":\"WebSite\",\"@id\":\"https:\/\/mercadobinario.com.br\/blog\/#website\",\"url\":\"https:\/\/mercadobinario.com.br\/blog\/\",\"name\":\"Mercado Binario Ag\u00eancia de Marketing Digital Curitiba e S\u00e3o Paulo\",\"description\":\"Ag\u00eancia de Marketing Digital em Curitiba - Somos a solu\u00e7\u00e3o completa para sua empresa. Com uma metodologia \u00fanica. Entre em contatoCria\u00e7\u00e3o de Sites, E-commerce, Automa\u00e7\u00e3o e Marketing Digital\",\"potentialAction\":[{\"@type\":\"SearchAction\",\"target\":{\"@type\":\"EntryPoint\",\"urlTemplate\":\"https:\/\/mercadobinario.com.br\/blog\/?s={search_term_string}\"},\"query-input\":\"required name=search_term_string\"}],\"inLanguage\":\"pt-BR\"}]}<\/script>\n<!-- \/ Yoast SEO Premium plugin. -->","yoast_head_json":{"title":"Intelig\u00eancia Artificial - Mercado Bin\u00e1rio - Ag\u00eancia de marketing Digital","robots":{"index":"index","follow":"follow","max-snippet":"max-snippet:-1","max-image-preview":"max-image-preview:large","max-video-preview":"max-video-preview:-1"},"canonical":"https:\/\/mercadobinario.com.br\/blog\/marketing-com-inteligencia-artificial\/","og_locale":"pt_BR","og_type":"article","og_title":"Intelig\u00eancia Artificial","og_description":"[vc_row height=&#8221;auto&#8221; width=&#8221;full&#8221; color_scheme=&#8221;alternate&#8221;][vc_column][rev_slider_vc alias=&#8221;inteligencia-artificial&#8221;][\/vc_column][\/vc_row][vc_row height=&#8221;auto&#8221; color_scheme=&#8221;custom&#8221; us_bg_color=&#8221;rgba(0,0,0,0.01)&#8221; el_id=&#8221;contato-home&#8221; css=&#8221;.vc_custom_1557259998617{margin-bottom: 200px !important;}&#8221;][vc_column width=&#8221;1\/4&#8243;][\/vc_column][vc_column width=&#8221;1\/2&#8243;][gravityform id=&#8221;37&#8243; title=&#8221;false&#8221; description=&#8221;false&#8221; ajax=&#8221;false&#8221;][\/vc_column][vc_column width=&#8221;1\/4&#8243;][\/vc_column][\/vc_row][vc_row height=&#8221;auto&#8221; css=&#8221;.vc_custom_1551378141825{margin-top: 30px !important;margin-bottom: 30px !important;}&#8221;][vc_column width=&#8221;1\/2&#8243;][ultimate_spacer height=&#8221;30&#8243; height_on_tabs=&#8221;30&#8243; height_on_tabs_portrait=&#8221;30&#8243; height_on_mob_landscape=&#8221;30&#8243; height_on_mob=&#8221;30&#8243;][vc_column_text css=&#8221;.vc_custom_1562694962627{margin-bottom: 30px !important;}&#8221;] Usar Intelig\u00eancia Artificial no seu marketing para aumentar suas vendas [\/vc_column_text][ultimate_spacer height=&#8221;30&#8243; height_on_tabs=&#8221;30&#8243; height_on_tabs_portrait=&#8221;30&#8243; height_on_mob_landscape=&#8221;30&#8243; height_on_mob=&#8221;30&#8243;][vc_column_text]O rob\u00f4 Elevaweb consegue analisar seus [&hellip;]","og_url":"https:\/\/mercadobinario.com.br\/blog\/marketing-com-inteligencia-artificial\/","og_site_name":"Mercado Bin\u00e1rio - Ag\u00eancia de marketing Digital","article_publisher":"https:\/\/www.facebook.com\/mercadobinario\/","article_modified_time":"2021-04-15T15:07:43+00:00","twitter_card":"summary_large_image","twitter_site":"@mercadobinario","twitter_misc":{"Est. tempo de leitura":"4 minutos"},"schema":{"@context":"https:\/\/schema.org","@graph":[{"@type":"WebPage","@id":"https:\/\/mercadobinario.com.br\/blog\/marketing-com-inteligencia-artificial\/","url":"https:\/\/mercadobinario.com.br\/blog\/marketing-com-inteligencia-artificial\/","name":"Intelig\u00eancia Artificial - Mercado Bin\u00e1rio - Ag\u00eancia de marketing Digital","isPartOf":{"@id":"https:\/\/mercadobinario.com.br\/blog\/#website"},"datePublished":"2019-07-08T20:43:45+00:00","dateModified":"2021-04-15T15:07:43+00:00","breadcrumb":{"@id":"https:\/\/mercadobinario.com.br\/blog\/marketing-com-inteligencia-artificial\/#breadcrumb"},"inLanguage":"pt-BR","potentialAction":[{"@type":"ReadAction","target":["https:\/\/mercadobinario.com.br\/blog\/marketing-com-inteligencia-artificial\/"]}]},{"@type":"BreadcrumbList","@id":"https:\/\/mercadobinario.com.br\/blog\/marketing-com-inteligencia-artificial\/#breadcrumb","itemListElement":[{"@type":"ListItem","position":1,"name":"In\u00edcio","item":"https:\/\/mercadobinario.com.br\/blog\/"},{"@type":"ListItem","position":2,"name":"Intelig\u00eancia Artificial"}]},{"@type":"WebSite","@id":"https:\/\/mercadobinario.com.br\/blog\/#website","url":"https:\/\/mercadobinario.com.br\/blog\/","name":"Mercado Binario Ag\u00eancia de Marketing Digital Curitiba e S\u00e3o Paulo","description":"Ag\u00eancia de Marketing Digital em Curitiba - Somos a solu\u00e7\u00e3o completa para sua empresa. Com uma metodologia \u00fanica. Entre em contatoCria\u00e7\u00e3o de Sites, E-commerce, Automa\u00e7\u00e3o e Marketing Digital","potentialAction":[{"@type":"SearchAction","target":{"@type":"EntryPoint","urlTemplate":"https:\/\/mercadobinario.com.br\/blog\/?s={search_term_string}"},"query-input":"required name=search_term_string"}],"inLanguage":"pt-BR"}]}},"_links":{"self":[{"href":"https:\/\/mercadobinario.com.br\/blog\/wp-json\/wp\/v2\/pages\/21545"}],"collection":[{"href":"https:\/\/mercadobinario.com.br\/blog\/wp-json\/wp\/v2\/pages"}],"about":[{"href":"https:\/\/mercadobinario.com.br\/blog\/wp-json\/wp\/v2\/types\/page"}],"author":[{"embeddable":true,"href":"https:\/\/mercadobinario.com.br\/blog\/wp-json\/wp\/v2\/users\/24"}],"replies":[{"embeddable":true,"href":"https:\/\/mercadobinario.com.br\/blog\/wp-json\/wp\/v2\/comments?post=21545"}],"version-history":[{"count":0,"href":"https:\/\/mercadobinario.com.br\/blog\/wp-json\/wp\/v2\/pages\/21545\/revisions"}],"wp:attachment":[{"href":"https:\/\/mercadobinario.com.br\/blog\/wp-json\/wp\/v2\/media?parent=21545"}],"curies":[{"name":"wp","href":"https:\/\/api.w.org\/{rel}","templated":true}]}}