{"id":23333,"date":"2020-07-17T14:26:40","date_gmt":"2020-07-17T17:26:40","guid":{"rendered":"https:\/\/mercadobinario.com.br\/?page_id=23333"},"modified":"2021-04-15T12:38:55","modified_gmt":"2021-04-15T15:38:55","slug":"site-e-e-commerce","status":"publish","type":"page","link":"https:\/\/mercadobinario.com.br\/blog\/site-e-e-commerce\/","title":{"rendered":"Site e E-commerce"},"content":{"rendered":"\t\t<div data-elementor-type=\"wp-page\" data-elementor-id=\"23333\" class=\"elementor elementor-23333\">\n\t\t\t\t\t\t<div class=\"elementor-inner\">\n\t\t\t\t<div class=\"elementor-section-wrap\">\n\t\t\t\t\t\t\t\t\t<section class=\"elementor-section elementor-top-section elementor-element elementor-element-d816487 elementor-section-height-min-height elementor-section-stretched elementor-section-full_width elementor-section-height-default elementor-section-items-middle\" data-id=\"d816487\" data-element_type=\"section\" data-settings=\"{&quot;background_background&quot;:&quot;classic&quot;,&quot;stretch_section&quot;:&quot;section-stretched&quot;}\">\n\t\t\t\t\t\t<div class=\"elementor-container elementor-column-gap-default\">\n\t\t\t\t\t\t\t<div class=\"elementor-row\">\n\t\t\t\t\t<div class=\"elementor-column elementor-col-100 elementor-top-column elementor-element elementor-element-f69bb7c\" data-id=\"f69bb7c\" data-element_type=\"column\">\n\t\t\t<div class=\"elementor-column-wrap elementor-element-populated\">\n\t\t\t\t\t\t\t<div class=\"elementor-widget-wrap\">\n\t\t\t\t\t\t<div class=\"elementor-element elementor-element-daec6bb elementor-widget elementor-widget-heading\" data-id=\"daec6bb\" data-element_type=\"widget\" data-settings=\"{&quot;motion_fx_motion_fx_scrolling&quot;:&quot;yes&quot;,&quot;motion_fx_scale_effect&quot;:&quot;yes&quot;,&quot;motion_fx_scale_direction&quot;:&quot;in-out&quot;,&quot;motion_fx_scale_range&quot;:{&quot;unit&quot;:&quot;%&quot;,&quot;size&quot;:&quot;&quot;,&quot;sizes&quot;:{&quot;start&quot;:24,&quot;end&quot;:76}},&quot;motion_fx_scale_speed&quot;:{&quot;unit&quot;:&quot;px&quot;,&quot;size&quot;:4,&quot;sizes&quot;:[]},&quot;motion_fx_devices&quot;:[&quot;desktop&quot;,&quot;tablet&quot;,&quot;mobile&quot;]}\" data-widget_type=\"heading.default\">\n\t\t\t\t<div class=\"elementor-widget-container\">\n\t\t\t<h2 class=\"elementor-heading-title elementor-size-default\">Site e E-commerce<\/h2>\t\t<\/div>\n\t\t\t\t<\/div>\n\t\t\t\t\t\t<\/div>\n\t\t\t\t\t<\/div>\n\t\t<\/div>\n\t\t\t\t\t\t\t\t<\/div>\n\t\t\t\t\t<\/div>\n\t\t<\/section>\n\t\t\t\t<section class=\"elementor-section elementor-top-section elementor-element elementor-element-755704e elementor-section-stretched elementor-section-boxed elementor-section-height-default elementor-section-height-default\" data-id=\"755704e\" data-element_type=\"section\" data-settings=\"{&quot;stretch_section&quot;:&quot;section-stretched&quot;}\">\n\t\t\t\t\t\t<div class=\"elementor-container elementor-column-gap-default\">\n\t\t\t\t\t\t\t<div class=\"elementor-row\">\n\t\t\t\t\t<div class=\"elementor-column elementor-col-50 elementor-top-column elementor-element elementor-element-014ae9f\" data-id=\"014ae9f\" data-element_type=\"column\">\n\t\t\t<div class=\"elementor-column-wrap elementor-element-populated\">\n\t\t\t\t\t\t\t<div class=\"elementor-widget-wrap\">\n\t\t\t\t\t\t<div class=\"elementor-element elementor-element-c2e69c8 elementor-invisible elementor-widget elementor-widget-heading\" data-id=\"c2e69c8\" data-element_type=\"widget\" data-settings=\"{&quot;_animation&quot;:&quot;fadeInDown&quot;,&quot;_animation_delay&quot;:10}\" data-widget_type=\"heading.default\">\n\t\t\t\t<div class=\"elementor-widget-container\">\n\t\t\t<h2 class=\"elementor-heading-title elementor-size-default\">Seu site vende?<\/h2>\t\t<\/div>\n\t\t\t\t<\/div>\n\t\t\t\t<div class=\"elementor-element elementor-element-f6104b9 elementor-invisible elementor-widget elementor-widget-text-editor\" data-id=\"f6104b9\" data-element_type=\"widget\" data-settings=\"{&quot;_animation&quot;:&quot;fadeInDown&quot;,&quot;_animation_delay&quot;:12}\" data-widget_type=\"text-editor.default\">\n\t\t\t\t<div class=\"elementor-widget-container\">\n\t\t\t\t\t\t\t\t<div class=\"elementor-text-editor elementor-clearfix\">\n\t\t\t\t<p>A base de qualquer estrat\u00e9gia digital inicia em um site, ele \u00e9 o ponto de contato para iniciar o relacionamento com seus clientes.<\/p><p>Mas existe uma grande diferen\u00e7a entre um site comum e um site que realmente gere convers\u00e3o.<\/p><p>Uma boa estrutura de alta convers\u00e3o consiste: <br \/>&#8211; Site r\u00e1pido;<br \/>&#8211; Chamada para a\u00e7\u00e3o e formul\u00e1rios vis\u00edveis e f\u00e1ceis de converter;<br \/>&#8211; Promessa da Empresa Clara ( qual dor voc\u00ea resolve?);<br \/>&#8211; Oferta Vantajosa;<br \/>&#8211; Otimizado para o Google.<\/p><p>Poucos sites conseguem unir estes cinco elementos de uma vez.<\/p>\t\t\t\t\t<\/div>\n\t\t\t\t\t\t<\/div>\n\t\t\t\t<\/div>\n\t\t\t\t\t\t<\/div>\n\t\t\t\t\t<\/div>\n\t\t<\/div>\n\t\t\t\t<div class=\"elementor-column elementor-col-50 elementor-top-column elementor-element elementor-element-f0f53d0\" data-id=\"f0f53d0\" data-element_type=\"column\">\n\t\t\t<div class=\"elementor-column-wrap elementor-element-populated\">\n\t\t\t\t\t\t\t<div class=\"elementor-widget-wrap\">\n\t\t\t\t\t\t<div class=\"elementor-element elementor-element-69ec93e elementor-invisible elementor-widget elementor-widget-image\" data-id=\"69ec93e\" data-element_type=\"widget\" data-settings=\"{&quot;_animation&quot;:&quot;fadeInLeft&quot;,&quot;_animation_delay&quot;:18}\" data-widget_type=\"image.default\">\n\t\t\t\t<div class=\"elementor-widget-container\">\n\t\t\t\t\t\t\t\t<div class=\"elementor-image\">\n\t\t\t\t\t\t\t\t\t\t\t\t<img width=\"500\" height=\"450\" src=\"https:\/\/mercadobinario.com.br\/blog\/wp-content\/uploads\/2020\/07\/site.png\" class=\"attachment-large size-large\" alt=\"\" loading=\"lazy\" srcset=\"https:\/\/mercadobinario.com.br\/blog\/wp-content\/uploads\/2020\/07\/site.png 500w, https:\/\/mercadobinario.com.br\/blog\/wp-content\/uploads\/2020\/07\/site-300x270.png 300w\" sizes=\"(max-width: 500px) 100vw, 500px\" \/>\t\t\t\t\t\t\t\t\t\t\t\t\t\t<\/div>\n\t\t\t\t\t\t<\/div>\n\t\t\t\t<\/div>\n\t\t\t\t\t\t<\/div>\n\t\t\t\t\t<\/div>\n\t\t<\/div>\n\t\t\t\t\t\t\t\t<\/div>\n\t\t\t\t\t<\/div>\n\t\t<\/section>\n\t\t\t\t<section class=\"elementor-section elementor-top-section elementor-element elementor-element-6268215 elementor-section-stretched elementor-section-boxed elementor-section-height-default elementor-section-height-default\" data-id=\"6268215\" data-element_type=\"section\" data-settings=\"{&quot;background_background&quot;:&quot;classic&quot;,&quot;stretch_section&quot;:&quot;section-stretched&quot;}\">\n\t\t\t\t\t\t<div class=\"elementor-container elementor-column-gap-default\">\n\t\t\t\t\t\t\t<div class=\"elementor-row\">\n\t\t\t\t\t<div class=\"elementor-column elementor-col-33 elementor-top-column elementor-element elementor-element-6c08bfd\" data-id=\"6c08bfd\" data-element_type=\"column\">\n\t\t\t<div class=\"elementor-column-wrap elementor-element-populated\">\n\t\t\t\t\t\t\t<div class=\"elementor-widget-wrap\">\n\t\t\t\t\t\t<div class=\"elementor-element elementor-element-65ff2f2 elementor-widget elementor-widget-heading\" data-id=\"65ff2f2\" data-element_type=\"widget\" data-widget_type=\"heading.default\">\n\t\t\t\t<div class=\"elementor-widget-container\">\n\t\t\t<p class=\"elementor-heading-title elementor-size-default\">Servi\u00e7os complementares<\/p>\t\t<\/div>\n\t\t\t\t<\/div>\n\t\t\t\t<div class=\"elementor-element elementor-element-b0e3dce elementor-align-left elementor-icon-list--layout-traditional elementor-list-item-link-full_width elementor-widget elementor-widget-icon-list\" data-id=\"b0e3dce\" data-element_type=\"widget\" data-widget_type=\"icon-list.default\">\n\t\t\t\t<div class=\"elementor-widget-container\">\n\t\t\t\t\t<ul class=\"elementor-icon-list-items\">\n\t\t\t\t\t\t\t<li class=\"elementor-icon-list-item\">\n\t\t\t\t\t\t\t\t\t\t<span class=\"elementor-icon-list-text\">- SEO<\/span>\n\t\t\t\t\t\t\t\t\t<\/li>\n\t\t\t\t\t\t<\/ul>\n\t\t\t\t<\/div>\n\t\t\t\t<\/div>\n\t\t\t\t\t\t<\/div>\n\t\t\t\t\t<\/div>\n\t\t<\/div>\n\t\t\t\t<div class=\"elementor-column elementor-col-33 elementor-top-column elementor-element elementor-element-641ea39\" data-id=\"641ea39\" data-element_type=\"column\">\n\t\t\t<div class=\"elementor-column-wrap\">\n\t\t\t\t\t\t\t<div class=\"elementor-widget-wrap\">\n\t\t\t\t\t\t\t\t<\/div>\n\t\t\t\t\t<\/div>\n\t\t<\/div>\n\t\t\t\t<div class=\"elementor-column elementor-col-33 elementor-top-column elementor-element elementor-element-7ddddee\" data-id=\"7ddddee\" data-element_type=\"column\">\n\t\t\t<div class=\"elementor-column-wrap elementor-element-populated\">\n\t\t\t\t\t\t\t<div class=\"elementor-widget-wrap\">\n\t\t\t\t\t\t<section class=\"elementor-section elementor-inner-section elementor-element elementor-element-ead06e8 elementor-section-boxed elementor-section-height-default elementor-section-height-default\" data-id=\"ead06e8\" data-element_type=\"section\">\n\t\t\t\t\t\t<div class=\"elementor-container elementor-column-gap-default\">\n\t\t\t\t\t\t\t<div class=\"elementor-row\">\n\t\t\t\t\t<div class=\"elementor-column elementor-col-50 elementor-inner-column elementor-element elementor-element-a667047\" data-id=\"a667047\" data-element_type=\"column\">\n\t\t\t<div class=\"elementor-column-wrap elementor-element-populated\">\n\t\t\t\t\t\t\t<div class=\"elementor-widget-wrap\">\n\t\t\t\t\t\t<div class=\"elementor-element elementor-element-f732b1d elementor-widget elementor-widget-spacer\" data-id=\"f732b1d\" data-element_type=\"widget\" data-widget_type=\"spacer.default\">\n\t\t\t\t<div class=\"elementor-widget-container\">\n\t\t\t\t\t<div class=\"elementor-spacer\">\n\t\t\t<div class=\"elementor-spacer-inner\"><\/div>\n\t\t<\/div>\n\t\t\t\t<\/div>\n\t\t\t\t<\/div>\n\t\t\t\t<div class=\"elementor-element elementor-element-9a04a76 elementor-widget elementor-widget-heading\" data-id=\"9a04a76\" data-element_type=\"widget\" data-widget_type=\"heading.default\">\n\t\t\t\t<div class=\"elementor-widget-container\">\n\t\t\t<p class=\"elementor-heading-title elementor-size-default\">Parceiros:<\/p>\t\t<\/div>\n\t\t\t\t<\/div>\n\t\t\t\t\t\t<\/div>\n\t\t\t\t\t<\/div>\n\t\t<\/div>\n\t\t\t\t<div class=\"elementor-column elementor-col-50 elementor-inner-column elementor-element elementor-element-738b487\" data-id=\"738b487\" data-element_type=\"column\">\n\t\t\t<div class=\"elementor-column-wrap elementor-element-populated\">\n\t\t\t\t\t\t\t<div class=\"elementor-widget-wrap\">\n\t\t\t\t\t\t<div class=\"elementor-element elementor-element-187743f elementor-widget elementor-widget-image\" data-id=\"187743f\" data-element_type=\"widget\" data-widget_type=\"image.default\">\n\t\t\t\t<div class=\"elementor-widget-container\">\n\t\t\t\t\t\t\t\t<div class=\"elementor-image\">\n\t\t\t\t\t\t\t\t\t\t\t\t\t<a href=\"https:\/\/www.tray.com.br\/parceiros\/lista-parceiros\/\" target=\"_blank\">\n\t\t\t\t\t\t\t<img width=\"150\" height=\"150\" src=\"https:\/\/mercadobinario.com.br\/blog\/wp-content\/uploads\/2020\/07\/tray-parceiro.png\" class=\"attachment-large size-large\" alt=\"\" loading=\"lazy\" \/>\t\t\t\t\t\t\t\t<\/a>\n\t\t\t\t\t\t\t\t\t\t\t\t\t\t<\/div>\n\t\t\t\t\t\t<\/div>\n\t\t\t\t<\/div>\n\t\t\t\t\t\t<\/div>\n\t\t\t\t\t<\/div>\n\t\t<\/div>\n\t\t\t\t\t\t\t\t<\/div>\n\t\t\t\t\t<\/div>\n\t\t<\/section>\n\t\t\t\t\t\t<\/div>\n\t\t\t\t\t<\/div>\n\t\t<\/div>\n\t\t\t\t\t\t\t\t<\/div>\n\t\t\t\t\t<\/div>\n\t\t<\/section>\n\t\t\t\t\t\t\t\t\t<\/div>\n\t\t\t<\/div>\n\t\t\t\t\t<\/div>\n\t\t","protected":false},"excerpt":{"rendered":"<p>Site e E-commerce Seu site vende? A base de qualquer estrat\u00e9gia digital inicia em um site, ele \u00e9 o ponto de contato para iniciar o relacionamento com seus clientes. Mas existe uma grande diferen\u00e7a entre um site comum e um site que realmente gere convers\u00e3o. Uma boa estrutura de alta convers\u00e3o consiste: &#8211; Site r\u00e1pido;&#8211; [&hellip;]<\/p>\n","protected":false},"author":24,"featured_media":0,"parent":0,"menu_order":0,"comment_status":"closed","ping_status":"closed","template":"","meta":{"_seopress_robots_primary_cat":"","inline_featured_image":false,"site-sidebar-layout":"default","site-content-layout":"","ast-site-content-layout":"","site-content-style":"default","site-sidebar-style":"default","ast-global-header-display":"","ast-banner-title-visibility":"","ast-main-header-display":"","ast-hfb-above-header-display":"","ast-hfb-below-header-display":"","ast-hfb-mobile-header-display":"","site-post-title":"","ast-breadcrumbs-content":"","ast-featured-img":"","footer-sml-layout":"","theme-transparent-header-meta":"","adv-header-id-meta":"","stick-header-meta":"","header-above-stick-meta":"","header-main-stick-meta":"","header-below-stick-meta":"","astra-migrate-meta-layouts":"default","ast-page-background-enabled":"default","ast-page-background-meta":{"desktop":{"background-color":"var(--ast-global-color-4)","background-image":"","background-repeat":"repeat","background-position":"center center","background-size":"auto","background-attachment":"scroll","background-type":"","background-media":"","overlay-type":"","overlay-color":"","overlay-opacity":"","overlay-gradient":""},"tablet":{"background-color":"","background-image":"","background-repeat":"repeat","background-position":"center center","background-size":"auto","background-attachment":"scroll","background-type":"","background-media":"","overlay-type":"","overlay-color":"","overlay-opacity":"","overlay-gradient":""},"mobile":{"background-color":"","background-image":"","background-repeat":"repeat","background-position":"center center","background-size":"auto","background-attachment":"scroll","background-type":"","background-media":"","overlay-type":"","overlay-color":"","overlay-opacity":"","overlay-gradient":""}},"ast-content-background-meta":{"desktop":{"background-color":"var(--ast-global-color-5)","background-image":"","background-repeat":"repeat","background-position":"center center","background-size":"auto","background-attachment":"scroll","background-type":"","background-media":"","overlay-type":"","overlay-color":"","overlay-opacity":"","overlay-gradient":""},"tablet":{"background-color":"var(--ast-global-color-5)","background-image":"","background-repeat":"repeat","background-position":"center center","background-size":"auto","background-attachment":"scroll","background-type":"","background-media":"","overlay-type":"","overlay-color":"","overlay-opacity":"","overlay-gradient":""},"mobile":{"background-color":"var(--ast-global-color-5)","background-image":"","background-repeat":"repeat","background-position":"center center","background-size":"auto","background-attachment":"scroll","background-type":"","background-media":"","overlay-type":"","overlay-color":"","overlay-opacity":"","overlay-gradient":""}}},"yoast_head":"<!-- This site is optimized with the Yoast SEO Premium plugin v17.3 (Yoast SEO v19.11) - https:\/\/yoast.com\/wordpress\/plugins\/seo\/ -->\n<title>Site e E-commerce - Mercado Bin\u00e1rio - Ag\u00eancia de marketing Digital<\/title>\n<meta name=\"robots\" content=\"index, follow, max-snippet:-1, max-image-preview:large, max-video-preview:-1\" \/>\n<link rel=\"canonical\" href=\"https:\/\/mercadobinario.com.br\/blog\/site-e-e-commerce\/\" \/>\n<meta property=\"og:locale\" content=\"pt_BR\" \/>\n<meta property=\"og:type\" content=\"article\" \/>\n<meta property=\"og:title\" content=\"Site e E-commerce\" \/>\n<meta property=\"og:description\" content=\"Site e E-commerce Seu site vende? A base de qualquer estrat\u00e9gia digital inicia em um site, ele \u00e9 o ponto de contato para iniciar o relacionamento com seus clientes. Mas existe uma grande diferen\u00e7a entre um site comum e um site que realmente gere convers\u00e3o. Uma boa estrutura de alta convers\u00e3o consiste: &#8211; Site r\u00e1pido;&#8211; [&hellip;]\" \/>\n<meta property=\"og:url\" content=\"https:\/\/mercadobinario.com.br\/blog\/site-e-e-commerce\/\" \/>\n<meta property=\"og:site_name\" content=\"Mercado Bin\u00e1rio - Ag\u00eancia de marketing Digital\" \/>\n<meta property=\"article:publisher\" content=\"https:\/\/www.facebook.com\/mercadobinario\/\" \/>\n<meta property=\"article:modified_time\" content=\"2021-04-15T15:38:55+00:00\" \/>\n<meta property=\"og:image\" content=\"https:\/\/mercadobinario.com.br\/blog\/wp-content\/uploads\/2020\/07\/site.png\" \/>\n<meta name=\"twitter:card\" content=\"summary_large_image\" \/>\n<meta name=\"twitter:site\" content=\"@mercadobinario\" \/>\n<meta name=\"twitter:label1\" content=\"Est. tempo de leitura\" \/>\n\t<meta name=\"twitter:data1\" content=\"1 minuto\" \/>\n<script type=\"application\/ld+json\" class=\"yoast-schema-graph\">{\"@context\":\"https:\/\/schema.org\",\"@graph\":[{\"@type\":\"WebPage\",\"@id\":\"https:\/\/mercadobinario.com.br\/blog\/site-e-e-commerce\/\",\"url\":\"https:\/\/mercadobinario.com.br\/blog\/site-e-e-commerce\/\",\"name\":\"Site e E-commerce - Mercado Bin\u00e1rio - Ag\u00eancia de marketing Digital\",\"isPartOf\":{\"@id\":\"https:\/\/mercadobinario.com.br\/blog\/#website\"},\"datePublished\":\"2020-07-17T17:26:40+00:00\",\"dateModified\":\"2021-04-15T15:38:55+00:00\",\"breadcrumb\":{\"@id\":\"https:\/\/mercadobinario.com.br\/blog\/site-e-e-commerce\/#breadcrumb\"},\"inLanguage\":\"pt-BR\",\"potentialAction\":[{\"@type\":\"ReadAction\",\"target\":[\"https:\/\/mercadobinario.com.br\/blog\/site-e-e-commerce\/\"]}]},{\"@type\":\"BreadcrumbList\",\"@id\":\"https:\/\/mercadobinario.com.br\/blog\/site-e-e-commerce\/#breadcrumb\",\"itemListElement\":[{\"@type\":\"ListItem\",\"position\":1,\"name\":\"In\u00edcio\",\"item\":\"https:\/\/mercadobinario.com.br\/blog\/\"},{\"@type\":\"ListItem\",\"position\":2,\"name\":\"Site e E-commerce\"}]},{\"@type\":\"WebSite\",\"@id\":\"https:\/\/mercadobinario.com.br\/blog\/#website\",\"url\":\"https:\/\/mercadobinario.com.br\/blog\/\",\"name\":\"Mercado Binario Ag\u00eancia de Marketing Digital Curitiba e S\u00e3o Paulo\",\"description\":\"Ag\u00eancia de Marketing Digital em Curitiba - Somos a solu\u00e7\u00e3o completa para sua empresa. Com uma metodologia \u00fanica. Entre em contatoCria\u00e7\u00e3o de Sites, E-commerce, Automa\u00e7\u00e3o e Marketing Digital\",\"potentialAction\":[{\"@type\":\"SearchAction\",\"target\":{\"@type\":\"EntryPoint\",\"urlTemplate\":\"https:\/\/mercadobinario.com.br\/blog\/?s={search_term_string}\"},\"query-input\":\"required name=search_term_string\"}],\"inLanguage\":\"pt-BR\"}]}<\/script>\n<!-- \/ Yoast SEO Premium plugin. -->","yoast_head_json":{"title":"Site e E-commerce - Mercado Bin\u00e1rio - Ag\u00eancia de marketing Digital","robots":{"index":"index","follow":"follow","max-snippet":"max-snippet:-1","max-image-preview":"max-image-preview:large","max-video-preview":"max-video-preview:-1"},"canonical":"https:\/\/mercadobinario.com.br\/blog\/site-e-e-commerce\/","og_locale":"pt_BR","og_type":"article","og_title":"Site e E-commerce","og_description":"Site e E-commerce Seu site vende? A base de qualquer estrat\u00e9gia digital inicia em um site, ele \u00e9 o ponto de contato para iniciar o relacionamento com seus clientes. Mas existe uma grande diferen\u00e7a entre um site comum e um site que realmente gere convers\u00e3o. Uma boa estrutura de alta convers\u00e3o consiste: &#8211; Site r\u00e1pido;&#8211; [&hellip;]","og_url":"https:\/\/mercadobinario.com.br\/blog\/site-e-e-commerce\/","og_site_name":"Mercado Bin\u00e1rio - Ag\u00eancia de marketing Digital","article_publisher":"https:\/\/www.facebook.com\/mercadobinario\/","article_modified_time":"2021-04-15T15:38:55+00:00","og_image":[{"url":"https:\/\/mercadobinario.com.br\/blog\/wp-content\/uploads\/2020\/07\/site.png"}],"twitter_card":"summary_large_image","twitter_site":"@mercadobinario","twitter_misc":{"Est. tempo de leitura":"1 minuto"},"schema":{"@context":"https:\/\/schema.org","@graph":[{"@type":"WebPage","@id":"https:\/\/mercadobinario.com.br\/blog\/site-e-e-commerce\/","url":"https:\/\/mercadobinario.com.br\/blog\/site-e-e-commerce\/","name":"Site e E-commerce - Mercado Bin\u00e1rio - Ag\u00eancia de marketing Digital","isPartOf":{"@id":"https:\/\/mercadobinario.com.br\/blog\/#website"},"datePublished":"2020-07-17T17:26:40+00:00","dateModified":"2021-04-15T15:38:55+00:00","breadcrumb":{"@id":"https:\/\/mercadobinario.com.br\/blog\/site-e-e-commerce\/#breadcrumb"},"inLanguage":"pt-BR","potentialAction":[{"@type":"ReadAction","target":["https:\/\/mercadobinario.com.br\/blog\/site-e-e-commerce\/"]}]},{"@type":"BreadcrumbList","@id":"https:\/\/mercadobinario.com.br\/blog\/site-e-e-commerce\/#breadcrumb","itemListElement":[{"@type":"ListItem","position":1,"name":"In\u00edcio","item":"https:\/\/mercadobinario.com.br\/blog\/"},{"@type":"ListItem","position":2,"name":"Site e E-commerce"}]},{"@type":"WebSite","@id":"https:\/\/mercadobinario.com.br\/blog\/#website","url":"https:\/\/mercadobinario.com.br\/blog\/","name":"Mercado Binario Ag\u00eancia de Marketing Digital Curitiba e S\u00e3o Paulo","description":"Ag\u00eancia de Marketing Digital em Curitiba - Somos a solu\u00e7\u00e3o completa para sua empresa. Com uma metodologia \u00fanica. Entre em contatoCria\u00e7\u00e3o de Sites, E-commerce, Automa\u00e7\u00e3o e Marketing Digital","potentialAction":[{"@type":"SearchAction","target":{"@type":"EntryPoint","urlTemplate":"https:\/\/mercadobinario.com.br\/blog\/?s={search_term_string}"},"query-input":"required name=search_term_string"}],"inLanguage":"pt-BR"}]}},"_links":{"self":[{"href":"https:\/\/mercadobinario.com.br\/blog\/wp-json\/wp\/v2\/pages\/23333"}],"collection":[{"href":"https:\/\/mercadobinario.com.br\/blog\/wp-json\/wp\/v2\/pages"}],"about":[{"href":"https:\/\/mercadobinario.com.br\/blog\/wp-json\/wp\/v2\/types\/page"}],"author":[{"embeddable":true,"href":"https:\/\/mercadobinario.com.br\/blog\/wp-json\/wp\/v2\/users\/24"}],"replies":[{"embeddable":true,"href":"https:\/\/mercadobinario.com.br\/blog\/wp-json\/wp\/v2\/comments?post=23333"}],"version-history":[{"count":0,"href":"https:\/\/mercadobinario.com.br\/blog\/wp-json\/wp\/v2\/pages\/23333\/revisions"}],"wp:attachment":[{"href":"https:\/\/mercadobinario.com.br\/blog\/wp-json\/wp\/v2\/media?parent=23333"}],"curies":[{"name":"wp","href":"https:\/\/api.w.org\/{rel}","templated":true}]}}