{"id":23351,"date":"2020-07-17T14:59:08","date_gmt":"2020-07-17T17:59:08","guid":{"rendered":"https:\/\/mercadobinario.com.br\/?page_id=23351"},"modified":"2021-04-15T12:36:13","modified_gmt":"2021-04-15T15:36:13","slug":"robo-elevaweb","status":"publish","type":"page","link":"https:\/\/mercadobinario.com.br\/blog\/robo-elevaweb\/","title":{"rendered":"Robo Elevaweb"},"content":{"rendered":"\t\t<div data-elementor-type=\"wp-page\" data-elementor-id=\"23351\" class=\"elementor elementor-23351\">\n\t\t\t\t\t\t<div class=\"elementor-inner\">\n\t\t\t\t<div class=\"elementor-section-wrap\">\n\t\t\t\t\t\t\t\t\t<section class=\"elementor-section elementor-top-section elementor-element elementor-element-d816487 elementor-section-height-min-height elementor-section-stretched elementor-section-full_width elementor-section-height-default elementor-section-items-middle\" data-id=\"d816487\" data-element_type=\"section\" data-settings=\"{&quot;background_background&quot;:&quot;classic&quot;,&quot;background_motion_fx_motion_fx_scrolling&quot;:&quot;yes&quot;,&quot;background_motion_fx_translateX_effect&quot;:&quot;yes&quot;,&quot;background_motion_fx_translateX_direction&quot;:&quot;negative&quot;,&quot;background_motion_fx_translateX_speed&quot;:{&quot;unit&quot;:&quot;px&quot;,&quot;size&quot;:2.8,&quot;sizes&quot;:[]},&quot;background_motion_fx_translateX_affectedRange&quot;:{&quot;unit&quot;:&quot;%&quot;,&quot;size&quot;:&quot;&quot;,&quot;sizes&quot;:{&quot;start&quot;:57,&quot;end&quot;:100}},&quot;stretch_section&quot;:&quot;section-stretched&quot;,&quot;background_motion_fx_devices&quot;:[&quot;desktop&quot;,&quot;tablet&quot;,&quot;mobile&quot;]}\">\n\t\t\t\t\t\t<div class=\"elementor-container elementor-column-gap-default\">\n\t\t\t\t\t\t\t<div class=\"elementor-row\">\n\t\t\t\t\t<div class=\"elementor-column elementor-col-100 elementor-top-column elementor-element elementor-element-f69bb7c\" data-id=\"f69bb7c\" data-element_type=\"column\">\n\t\t\t<div class=\"elementor-column-wrap elementor-element-populated\">\n\t\t\t\t\t\t\t<div class=\"elementor-widget-wrap\">\n\t\t\t\t\t\t<div class=\"elementor-element elementor-element-daec6bb elementor-widget elementor-widget-heading\" data-id=\"daec6bb\" data-element_type=\"widget\" data-widget_type=\"heading.default\">\n\t\t\t\t<div class=\"elementor-widget-container\">\n\t\t\t<h2 class=\"elementor-heading-title elementor-size-default\">Rob\u00f4 Elevaweb<\/h2>\t\t<\/div>\n\t\t\t\t<\/div>\n\t\t\t\t\t\t<\/div>\n\t\t\t\t\t<\/div>\n\t\t<\/div>\n\t\t\t\t\t\t\t\t<\/div>\n\t\t\t\t\t<\/div>\n\t\t<\/section>\n\t\t\t\t<section class=\"elementor-section elementor-top-section elementor-element elementor-element-755704e elementor-section-stretched elementor-section-boxed elementor-section-height-default elementor-section-height-default\" data-id=\"755704e\" data-element_type=\"section\" data-settings=\"{&quot;stretch_section&quot;:&quot;section-stretched&quot;}\">\n\t\t\t\t\t\t<div class=\"elementor-container elementor-column-gap-default\">\n\t\t\t\t\t\t\t<div class=\"elementor-row\">\n\t\t\t\t\t<div class=\"elementor-column elementor-col-50 elementor-top-column elementor-element elementor-element-014ae9f\" data-id=\"014ae9f\" data-element_type=\"column\">\n\t\t\t<div class=\"elementor-column-wrap elementor-element-populated\">\n\t\t\t\t\t\t\t<div class=\"elementor-widget-wrap\">\n\t\t\t\t\t\t<div class=\"elementor-element elementor-element-c2e69c8 elementor-widget elementor-widget-heading\" data-id=\"c2e69c8\" data-element_type=\"widget\" data-widget_type=\"heading.default\">\n\t\t\t\t<div class=\"elementor-widget-container\">\n\t\t\t<h2 class=\"elementor-heading-title elementor-size-default\">Intelig\u00eancia Artificial<br>\najudando em seus resultados.<\/h2>\t\t<\/div>\n\t\t\t\t<\/div>\n\t\t\t\t<div class=\"elementor-element elementor-element-f6104b9 elementor-widget elementor-widget-text-editor\" data-id=\"f6104b9\" data-element_type=\"widget\" data-widget_type=\"text-editor.default\">\n\t\t\t\t<div class=\"elementor-widget-container\">\n\t\t\t\t\t\t\t\t<div class=\"elementor-text-editor elementor-clearfix\">\n\t\t\t\t<p>Para quem inicia no marketing digital ou procura uma ferramenta para auxiliar no dia a dia das campanhas, o rob\u00f4 Elevaweb \u00e9 uma \u00f3tima op\u00e7\u00e3o.<\/p><p>Voc\u00ea deixa ele fazendo otimiza\u00e7\u00e3o di\u00e1rias na sua conta junto com o Google e s\u00f3 entra de vez em quando para otimizar algumas palavras-chaves e an\u00fancios.<\/p><p><span style=\"font-weight: 400;\">Servi\u00e7os complementares:<\/span><\/p><ul><li style=\"font-weight: 400;\" aria-level=\"1\"><span style=\"font-weight: 400;\">Consultoria Google Premier;<\/span><\/li><li style=\"font-weight: 400;\" aria-level=\"1\"><span style=\"font-weight: 400;\">Desenvolvimento de Campanha;<\/span><\/li><li style=\"font-weight: 400;\" aria-level=\"1\"><span style=\"font-weight: 400;\">Higieniza\u00e7\u00e3o de Palavras-chaves;<\/span><\/li><li style=\"font-weight: 400;\" aria-level=\"1\"><span style=\"font-weight: 400;\">Configura\u00e7\u00e3o do Tag Manager e Convers\u00e3o.<\/span><\/li><\/ul>\t\t\t\t\t<\/div>\n\t\t\t\t\t\t<\/div>\n\t\t\t\t<\/div>\n\t\t\t\t\t\t<\/div>\n\t\t\t\t\t<\/div>\n\t\t<\/div>\n\t\t\t\t<div class=\"elementor-column elementor-col-50 elementor-top-column elementor-element elementor-element-f0f53d0\" data-id=\"f0f53d0\" data-element_type=\"column\">\n\t\t\t<div class=\"elementor-column-wrap elementor-element-populated\">\n\t\t\t\t\t\t\t<div class=\"elementor-widget-wrap\">\n\t\t\t\t\t\t<div class=\"elementor-element elementor-element-69ec93e animated-slow elementor-invisible elementor-widget elementor-widget-image\" data-id=\"69ec93e\" data-element_type=\"widget\" data-settings=\"{&quot;_animation&quot;:&quot;fadeInUp&quot;,&quot;_animation_delay&quot;:200}\" data-widget_type=\"image.default\">\n\t\t\t\t<div class=\"elementor-widget-container\">\n\t\t\t\t\t\t\t\t<div class=\"elementor-image\">\n\t\t\t\t\t\t\t\t\t\t\t\t<img width=\"720\" height=\"520\" src=\"https:\/\/mercadobinario.com.br\/blog\/wp-content\/uploads\/2020\/07\/robo.png\" class=\"elementor-animation-grow-rotate attachment-large size-large\" alt=\"\" loading=\"lazy\" srcset=\"https:\/\/mercadobinario.com.br\/blog\/wp-content\/uploads\/2020\/07\/robo.png 720w, https:\/\/mercadobinario.com.br\/blog\/wp-content\/uploads\/2020\/07\/robo-300x217.png 300w\" sizes=\"(max-width: 720px) 100vw, 720px\" \/>\t\t\t\t\t\t\t\t\t\t\t\t\t\t<\/div>\n\t\t\t\t\t\t<\/div>\n\t\t\t\t<\/div>\n\t\t\t\t\t\t<\/div>\n\t\t\t\t\t<\/div>\n\t\t<\/div>\n\t\t\t\t\t\t\t\t<\/div>\n\t\t\t\t\t<\/div>\n\t\t<\/section>\n\t\t\t\t<section class=\"elementor-section elementor-top-section elementor-element elementor-element-6268215 elementor-section-stretched elementor-section-boxed elementor-section-height-default elementor-section-height-default\" data-id=\"6268215\" data-element_type=\"section\" data-settings=\"{&quot;background_background&quot;:&quot;classic&quot;,&quot;stretch_section&quot;:&quot;section-stretched&quot;}\">\n\t\t\t\t\t\t<div class=\"elementor-container elementor-column-gap-default\">\n\t\t\t\t\t\t\t<div class=\"elementor-row\">\n\t\t\t\t\t<div class=\"elementor-column elementor-col-33 elementor-top-column elementor-element elementor-element-6c08bfd\" data-id=\"6c08bfd\" data-element_type=\"column\">\n\t\t\t<div class=\"elementor-column-wrap elementor-element-populated\">\n\t\t\t\t\t\t\t<div class=\"elementor-widget-wrap\">\n\t\t\t\t\t\t<div class=\"elementor-element elementor-element-65ff2f2 elementor-widget elementor-widget-heading\" data-id=\"65ff2f2\" data-element_type=\"widget\" data-widget_type=\"heading.default\">\n\t\t\t\t<div class=\"elementor-widget-container\">\n\t\t\t<p class=\"elementor-heading-title elementor-size-default\">Servi\u00e7os complementares<\/p>\t\t<\/div>\n\t\t\t\t<\/div>\n\t\t\t\t<div class=\"elementor-element elementor-element-b0e3dce elementor-align-left elementor-icon-list--layout-traditional elementor-list-item-link-full_width elementor-widget elementor-widget-icon-list\" data-id=\"b0e3dce\" data-element_type=\"widget\" data-widget_type=\"icon-list.default\">\n\t\t\t\t<div class=\"elementor-widget-container\">\n\t\t\t\t\t<ul class=\"elementor-icon-list-items\">\n\t\t\t\t\t\t\t<li class=\"elementor-icon-list-item\">\n\t\t\t\t\t\t\t\t\t\t<span class=\"elementor-icon-list-text\">- Consultoria Google Premier<\/span>\n\t\t\t\t\t\t\t\t\t<\/li>\n\t\t\t\t\t\t\t\t<li class=\"elementor-icon-list-item\">\n\t\t\t\t\t\t\t\t\t\t<span class=\"elementor-icon-list-text\">- Desenvolvimento De Campanha<\/span>\n\t\t\t\t\t\t\t\t\t<\/li>\n\t\t\t\t\t\t\t\t<li class=\"elementor-icon-list-item\">\n\t\t\t\t\t\t\t\t\t\t<span class=\"elementor-icon-list-text\">- Higieniza\u00e7\u00e3o de Palavras Chaves<\/span>\n\t\t\t\t\t\t\t\t\t<\/li>\n\t\t\t\t\t\t\t\t<li class=\"elementor-icon-list-item\">\n\t\t\t\t\t\t\t\t\t\t<span class=\"elementor-icon-list-text\">- Configura\u00e7\u00e3o do Tag Manager e Convers\u00e3o<\/span>\n\t\t\t\t\t\t\t\t\t<\/li>\n\t\t\t\t\t\t<\/ul>\n\t\t\t\t<\/div>\n\t\t\t\t<\/div>\n\t\t\t\t\t\t<\/div>\n\t\t\t\t\t<\/div>\n\t\t<\/div>\n\t\t\t\t<div class=\"elementor-column elementor-col-33 elementor-top-column elementor-element elementor-element-641ea39\" data-id=\"641ea39\" data-element_type=\"column\">\n\t\t\t<div class=\"elementor-column-wrap\">\n\t\t\t\t\t\t\t<div class=\"elementor-widget-wrap\">\n\t\t\t\t\t\t\t\t<\/div>\n\t\t\t\t\t<\/div>\n\t\t<\/div>\n\t\t\t\t<div class=\"elementor-column elementor-col-33 elementor-top-column elementor-element elementor-element-7ddddee\" data-id=\"7ddddee\" data-element_type=\"column\">\n\t\t\t<div class=\"elementor-column-wrap elementor-element-populated\">\n\t\t\t\t\t\t\t<div class=\"elementor-widget-wrap\">\n\t\t\t\t\t\t<div class=\"elementor-element elementor-element-9a04a76 elementor-widget elementor-widget-heading\" data-id=\"9a04a76\" data-element_type=\"widget\" data-widget_type=\"heading.default\">\n\t\t\t\t<div class=\"elementor-widget-container\">\n\t\t\t<p class=\"elementor-heading-title elementor-size-default\">Parceiros:<\/p>\t\t<\/div>\n\t\t\t\t<\/div>\n\t\t\t\t<section class=\"elementor-section elementor-inner-section elementor-element elementor-element-53b151f elementor-section-boxed elementor-section-height-default elementor-section-height-default\" data-id=\"53b151f\" data-element_type=\"section\">\n\t\t\t\t\t\t<div class=\"elementor-container elementor-column-gap-default\">\n\t\t\t\t\t\t\t<div class=\"elementor-row\">\n\t\t\t\t\t<div class=\"elementor-column elementor-col-50 elementor-inner-column elementor-element elementor-element-dccaa80\" data-id=\"dccaa80\" data-element_type=\"column\">\n\t\t\t<div class=\"elementor-column-wrap elementor-element-populated\">\n\t\t\t\t\t\t\t<div class=\"elementor-widget-wrap\">\n\t\t\t\t\t\t<div class=\"elementor-element elementor-element-187743f elementor-widget elementor-widget-image\" data-id=\"187743f\" data-element_type=\"widget\" data-widget_type=\"image.default\">\n\t\t\t\t<div class=\"elementor-widget-container\">\n\t\t\t\t\t\t\t\t<div class=\"elementor-image\">\n\t\t\t\t\t\t\t\t\t\t\t\t<img width=\"160\" height=\"50\" src=\"https:\/\/mercadobinario.com.br\/blog\/wp-content\/uploads\/2020\/07\/logo_elevaweb_verde.png\" class=\"attachment-large size-large\" alt=\"\" loading=\"lazy\" \/>\t\t\t\t\t\t\t\t\t\t\t\t\t\t<\/div>\n\t\t\t\t\t\t<\/div>\n\t\t\t\t<\/div>\n\t\t\t\t\t\t<\/div>\n\t\t\t\t\t<\/div>\n\t\t<\/div>\n\t\t\t\t<div class=\"elementor-column elementor-col-50 elementor-inner-column elementor-element elementor-element-a4df645\" data-id=\"a4df645\" data-element_type=\"column\">\n\t\t\t<div class=\"elementor-column-wrap elementor-element-populated\">\n\t\t\t\t\t\t\t<div class=\"elementor-widget-wrap\">\n\t\t\t\t\t\t<div class=\"elementor-element elementor-element-6c8ca6d elementor-widget elementor-widget-image\" data-id=\"6c8ca6d\" data-element_type=\"widget\" data-widget_type=\"image.default\">\n\t\t\t\t<div class=\"elementor-widget-container\">\n\t\t\t\t\t\t\t\t<div class=\"elementor-image\">\n\t\t\t\t\t\t\t\t\t\t\t\t<img width=\"203\" height=\"85\" src=\"https:\/\/mercadobinario.com.br\/blog\/wp-content\/uploads\/2020\/07\/tray-parceiro-1.png\" class=\"attachment-large size-large\" alt=\"\" loading=\"lazy\" \/>\t\t\t\t\t\t\t\t\t\t\t\t\t\t<\/div>\n\t\t\t\t\t\t<\/div>\n\t\t\t\t<\/div>\n\t\t\t\t\t\t<\/div>\n\t\t\t\t\t<\/div>\n\t\t<\/div>\n\t\t\t\t\t\t\t\t<\/div>\n\t\t\t\t\t<\/div>\n\t\t<\/section>\n\t\t\t\t\t\t<\/div>\n\t\t\t\t\t<\/div>\n\t\t<\/div>\n\t\t\t\t\t\t\t\t<\/div>\n\t\t\t\t\t<\/div>\n\t\t<\/section>\n\t\t\t\t\t\t\t\t\t<\/div>\n\t\t\t<\/div>\n\t\t\t\t\t<\/div>\n\t\t","protected":false},"excerpt":{"rendered":"<p>Rob\u00f4 Elevaweb Intelig\u00eancia Artificial ajudando em seus resultados. Para quem inicia no marketing digital ou procura uma ferramenta para auxiliar no dia a dia das campanhas, o rob\u00f4 Elevaweb \u00e9 uma \u00f3tima op\u00e7\u00e3o. Voc\u00ea deixa ele fazendo otimiza\u00e7\u00e3o di\u00e1rias na sua conta junto com o Google e s\u00f3 entra de vez em quando para otimizar [&hellip;]<\/p>\n","protected":false},"author":24,"featured_media":0,"parent":0,"menu_order":0,"comment_status":"closed","ping_status":"closed","template":"","meta":{"_seopress_robots_primary_cat":"","inline_featured_image":false,"site-sidebar-layout":"default","site-content-layout":"","ast-site-content-layout":"","site-content-style":"default","site-sidebar-style":"default","ast-global-header-display":"","ast-banner-title-visibility":"","ast-main-header-display":"","ast-hfb-above-header-display":"","ast-hfb-below-header-display":"","ast-hfb-mobile-header-display":"","site-post-title":"","ast-breadcrumbs-content":"","ast-featured-img":"","footer-sml-layout":"","theme-transparent-header-meta":"","adv-header-id-meta":"","stick-header-meta":"","header-above-stick-meta":"","header-main-stick-meta":"","header-below-stick-meta":"","astra-migrate-meta-layouts":"default","ast-page-background-enabled":"default","ast-page-background-meta":{"desktop":{"background-color":"var(--ast-global-color-4)","background-image":"","background-repeat":"repeat","background-position":"center center","background-size":"auto","background-attachment":"scroll","background-type":"","background-media":"","overlay-type":"","overlay-color":"","overlay-opacity":"","overlay-gradient":""},"tablet":{"background-color":"","background-image":"","background-repeat":"repeat","background-position":"center center","background-size":"auto","background-attachment":"scroll","background-type":"","background-media":"","overlay-type":"","overlay-color":"","overlay-opacity":"","overlay-gradient":""},"mobile":{"background-color":"","background-image":"","background-repeat":"repeat","background-position":"center center","background-size":"auto","background-attachment":"scroll","background-type":"","background-media":"","overlay-type":"","overlay-color":"","overlay-opacity":"","overlay-gradient":""}},"ast-content-background-meta":{"desktop":{"background-color":"var(--ast-global-color-5)","background-image":"","background-repeat":"repeat","background-position":"center center","background-size":"auto","background-attachment":"scroll","background-type":"","background-media":"","overlay-type":"","overlay-color":"","overlay-opacity":"","overlay-gradient":""},"tablet":{"background-color":"var(--ast-global-color-5)","background-image":"","background-repeat":"repeat","background-position":"center center","background-size":"auto","background-attachment":"scroll","background-type":"","background-media":"","overlay-type":"","overlay-color":"","overlay-opacity":"","overlay-gradient":""},"mobile":{"background-color":"var(--ast-global-color-5)","background-image":"","background-repeat":"repeat","background-position":"center center","background-size":"auto","background-attachment":"scroll","background-type":"","background-media":"","overlay-type":"","overlay-color":"","overlay-opacity":"","overlay-gradient":""}}},"yoast_head":"<!-- This site is optimized with the Yoast SEO Premium plugin v17.3 (Yoast SEO v19.11) - https:\/\/yoast.com\/wordpress\/plugins\/seo\/ -->\n<title>Robo Elevaweb - Mercado Bin\u00e1rio - Ag\u00eancia de marketing Digital<\/title>\n<meta name=\"robots\" content=\"index, follow, max-snippet:-1, max-image-preview:large, max-video-preview:-1\" \/>\n<link rel=\"canonical\" href=\"https:\/\/mercadobinario.com.br\/blog\/robo-elevaweb\/\" \/>\n<meta property=\"og:locale\" content=\"pt_BR\" \/>\n<meta property=\"og:type\" content=\"article\" \/>\n<meta property=\"og:title\" content=\"Robo Elevaweb\" \/>\n<meta property=\"og:description\" content=\"Rob\u00f4 Elevaweb Intelig\u00eancia Artificial ajudando em seus resultados. Para quem inicia no marketing digital ou procura uma ferramenta para auxiliar no dia a dia das campanhas, o rob\u00f4 Elevaweb \u00e9 uma \u00f3tima op\u00e7\u00e3o. Voc\u00ea deixa ele fazendo otimiza\u00e7\u00e3o di\u00e1rias na sua conta junto com o Google e s\u00f3 entra de vez em quando para otimizar [&hellip;]\" \/>\n<meta property=\"og:url\" content=\"https:\/\/mercadobinario.com.br\/blog\/robo-elevaweb\/\" \/>\n<meta property=\"og:site_name\" content=\"Mercado Bin\u00e1rio - Ag\u00eancia de marketing Digital\" \/>\n<meta property=\"article:publisher\" content=\"https:\/\/www.facebook.com\/mercadobinario\/\" \/>\n<meta property=\"article:modified_time\" content=\"2021-04-15T15:36:13+00:00\" \/>\n<meta property=\"og:image\" content=\"https:\/\/mercadobinario.com.br\/blog\/wp-content\/uploads\/2020\/07\/robo.png\" \/>\n<meta name=\"twitter:card\" content=\"summary_large_image\" \/>\n<meta name=\"twitter:site\" content=\"@mercadobinario\" \/>\n<meta name=\"twitter:label1\" content=\"Est. tempo de leitura\" \/>\n\t<meta name=\"twitter:data1\" content=\"1 minuto\" \/>\n<script type=\"application\/ld+json\" class=\"yoast-schema-graph\">{\"@context\":\"https:\/\/schema.org\",\"@graph\":[{\"@type\":\"WebPage\",\"@id\":\"https:\/\/mercadobinario.com.br\/blog\/robo-elevaweb\/\",\"url\":\"https:\/\/mercadobinario.com.br\/blog\/robo-elevaweb\/\",\"name\":\"Robo Elevaweb - Mercado Bin\u00e1rio - Ag\u00eancia de marketing Digital\",\"isPartOf\":{\"@id\":\"https:\/\/mercadobinario.com.br\/blog\/#website\"},\"datePublished\":\"2020-07-17T17:59:08+00:00\",\"dateModified\":\"2021-04-15T15:36:13+00:00\",\"breadcrumb\":{\"@id\":\"https:\/\/mercadobinario.com.br\/blog\/robo-elevaweb\/#breadcrumb\"},\"inLanguage\":\"pt-BR\",\"potentialAction\":[{\"@type\":\"ReadAction\",\"target\":[\"https:\/\/mercadobinario.com.br\/blog\/robo-elevaweb\/\"]}]},{\"@type\":\"BreadcrumbList\",\"@id\":\"https:\/\/mercadobinario.com.br\/blog\/robo-elevaweb\/#breadcrumb\",\"itemListElement\":[{\"@type\":\"ListItem\",\"position\":1,\"name\":\"In\u00edcio\",\"item\":\"https:\/\/mercadobinario.com.br\/blog\/\"},{\"@type\":\"ListItem\",\"position\":2,\"name\":\"Robo Elevaweb\"}]},{\"@type\":\"WebSite\",\"@id\":\"https:\/\/mercadobinario.com.br\/blog\/#website\",\"url\":\"https:\/\/mercadobinario.com.br\/blog\/\",\"name\":\"Mercado Binario Ag\u00eancia de Marketing Digital Curitiba e S\u00e3o Paulo\",\"description\":\"Ag\u00eancia de Marketing Digital em Curitiba - Somos a solu\u00e7\u00e3o completa para sua empresa. Com uma metodologia \u00fanica. Entre em contatoCria\u00e7\u00e3o de Sites, E-commerce, Automa\u00e7\u00e3o e Marketing Digital\",\"potentialAction\":[{\"@type\":\"SearchAction\",\"target\":{\"@type\":\"EntryPoint\",\"urlTemplate\":\"https:\/\/mercadobinario.com.br\/blog\/?s={search_term_string}\"},\"query-input\":\"required name=search_term_string\"}],\"inLanguage\":\"pt-BR\"}]}<\/script>\n<!-- \/ Yoast SEO Premium plugin. -->","yoast_head_json":{"title":"Robo Elevaweb - Mercado Bin\u00e1rio - Ag\u00eancia de marketing Digital","robots":{"index":"index","follow":"follow","max-snippet":"max-snippet:-1","max-image-preview":"max-image-preview:large","max-video-preview":"max-video-preview:-1"},"canonical":"https:\/\/mercadobinario.com.br\/blog\/robo-elevaweb\/","og_locale":"pt_BR","og_type":"article","og_title":"Robo Elevaweb","og_description":"Rob\u00f4 Elevaweb Intelig\u00eancia Artificial ajudando em seus resultados. Para quem inicia no marketing digital ou procura uma ferramenta para auxiliar no dia a dia das campanhas, o rob\u00f4 Elevaweb \u00e9 uma \u00f3tima op\u00e7\u00e3o. Voc\u00ea deixa ele fazendo otimiza\u00e7\u00e3o di\u00e1rias na sua conta junto com o Google e s\u00f3 entra de vez em quando para otimizar [&hellip;]","og_url":"https:\/\/mercadobinario.com.br\/blog\/robo-elevaweb\/","og_site_name":"Mercado Bin\u00e1rio - Ag\u00eancia de marketing Digital","article_publisher":"https:\/\/www.facebook.com\/mercadobinario\/","article_modified_time":"2021-04-15T15:36:13+00:00","og_image":[{"url":"https:\/\/mercadobinario.com.br\/blog\/wp-content\/uploads\/2020\/07\/robo.png"}],"twitter_card":"summary_large_image","twitter_site":"@mercadobinario","twitter_misc":{"Est. tempo de leitura":"1 minuto"},"schema":{"@context":"https:\/\/schema.org","@graph":[{"@type":"WebPage","@id":"https:\/\/mercadobinario.com.br\/blog\/robo-elevaweb\/","url":"https:\/\/mercadobinario.com.br\/blog\/robo-elevaweb\/","name":"Robo Elevaweb - Mercado Bin\u00e1rio - Ag\u00eancia de marketing Digital","isPartOf":{"@id":"https:\/\/mercadobinario.com.br\/blog\/#website"},"datePublished":"2020-07-17T17:59:08+00:00","dateModified":"2021-04-15T15:36:13+00:00","breadcrumb":{"@id":"https:\/\/mercadobinario.com.br\/blog\/robo-elevaweb\/#breadcrumb"},"inLanguage":"pt-BR","potentialAction":[{"@type":"ReadAction","target":["https:\/\/mercadobinario.com.br\/blog\/robo-elevaweb\/"]}]},{"@type":"BreadcrumbList","@id":"https:\/\/mercadobinario.com.br\/blog\/robo-elevaweb\/#breadcrumb","itemListElement":[{"@type":"ListItem","position":1,"name":"In\u00edcio","item":"https:\/\/mercadobinario.com.br\/blog\/"},{"@type":"ListItem","position":2,"name":"Robo Elevaweb"}]},{"@type":"WebSite","@id":"https:\/\/mercadobinario.com.br\/blog\/#website","url":"https:\/\/mercadobinario.com.br\/blog\/","name":"Mercado Binario Ag\u00eancia de Marketing Digital Curitiba e S\u00e3o Paulo","description":"Ag\u00eancia de Marketing Digital em Curitiba - Somos a solu\u00e7\u00e3o completa para sua empresa. Com uma metodologia \u00fanica. Entre em contatoCria\u00e7\u00e3o de Sites, E-commerce, Automa\u00e7\u00e3o e Marketing Digital","potentialAction":[{"@type":"SearchAction","target":{"@type":"EntryPoint","urlTemplate":"https:\/\/mercadobinario.com.br\/blog\/?s={search_term_string}"},"query-input":"required name=search_term_string"}],"inLanguage":"pt-BR"}]}},"_links":{"self":[{"href":"https:\/\/mercadobinario.com.br\/blog\/wp-json\/wp\/v2\/pages\/23351"}],"collection":[{"href":"https:\/\/mercadobinario.com.br\/blog\/wp-json\/wp\/v2\/pages"}],"about":[{"href":"https:\/\/mercadobinario.com.br\/blog\/wp-json\/wp\/v2\/types\/page"}],"author":[{"embeddable":true,"href":"https:\/\/mercadobinario.com.br\/blog\/wp-json\/wp\/v2\/users\/24"}],"replies":[{"embeddable":true,"href":"https:\/\/mercadobinario.com.br\/blog\/wp-json\/wp\/v2\/comments?post=23351"}],"version-history":[{"count":0,"href":"https:\/\/mercadobinario.com.br\/blog\/wp-json\/wp\/v2\/pages\/23351\/revisions"}],"wp:attachment":[{"href":"https:\/\/mercadobinario.com.br\/blog\/wp-json\/wp\/v2\/media?parent=23351"}],"curies":[{"name":"wp","href":"https:\/\/api.w.org\/{rel}","templated":true}]}}