{"id":23367,"date":"2020-07-17T15:15:46","date_gmt":"2020-07-17T18:15:46","guid":{"rendered":"https:\/\/mercadobinario.com.br\/?page_id=23367"},"modified":"2021-04-15T12:29:27","modified_gmt":"2021-04-15T15:29:27","slug":"performance","status":"publish","type":"page","link":"https:\/\/mercadobinario.com.br\/blog\/performance\/","title":{"rendered":"Performance"},"content":{"rendered":"\t\t<div data-elementor-type=\"wp-page\" data-elementor-id=\"23367\" class=\"elementor elementor-23367\">\n\t\t\t\t\t\t<div class=\"elementor-inner\">\n\t\t\t\t<div class=\"elementor-section-wrap\">\n\t\t\t\t\t\t\t\t\t<section class=\"elementor-section elementor-top-section elementor-element elementor-element-d816487 elementor-section-height-min-height elementor-section-stretched elementor-section-full_width elementor-section-height-default elementor-section-items-middle\" data-id=\"d816487\" data-element_type=\"section\" data-settings=\"{&quot;background_background&quot;:&quot;classic&quot;,&quot;stretch_section&quot;:&quot;section-stretched&quot;}\">\n\t\t\t\t\t\t<div class=\"elementor-container elementor-column-gap-default\">\n\t\t\t\t\t\t\t<div class=\"elementor-row\">\n\t\t\t\t\t<div class=\"elementor-column elementor-col-100 elementor-top-column elementor-element elementor-element-f69bb7c\" data-id=\"f69bb7c\" data-element_type=\"column\">\n\t\t\t<div class=\"elementor-column-wrap elementor-element-populated\">\n\t\t\t\t\t\t\t<div class=\"elementor-widget-wrap\">\n\t\t\t\t\t\t<div class=\"elementor-element elementor-element-daec6bb elementor-widget elementor-widget-heading\" data-id=\"daec6bb\" data-element_type=\"widget\" data-widget_type=\"heading.default\">\n\t\t\t\t<div class=\"elementor-widget-container\">\n\t\t\t<h2 class=\"elementor-heading-title elementor-size-default\">Performance MB<\/h2>\t\t<\/div>\n\t\t\t\t<\/div>\n\t\t\t\t\t\t<\/div>\n\t\t\t\t\t<\/div>\n\t\t<\/div>\n\t\t\t\t\t\t\t\t<\/div>\n\t\t\t\t\t<\/div>\n\t\t<\/section>\n\t\t\t\t<section class=\"elementor-section elementor-top-section elementor-element elementor-element-755704e elementor-section-stretched elementor-section-boxed elementor-section-height-default elementor-section-height-default\" data-id=\"755704e\" data-element_type=\"section\" data-settings=\"{&quot;stretch_section&quot;:&quot;section-stretched&quot;}\">\n\t\t\t\t\t\t<div class=\"elementor-container elementor-column-gap-default\">\n\t\t\t\t\t\t\t<div class=\"elementor-row\">\n\t\t\t\t\t<div class=\"elementor-column elementor-col-50 elementor-top-column elementor-element elementor-element-014ae9f\" data-id=\"014ae9f\" data-element_type=\"column\">\n\t\t\t<div class=\"elementor-column-wrap elementor-element-populated\">\n\t\t\t\t\t\t\t<div class=\"elementor-widget-wrap\">\n\t\t\t\t\t\t<div class=\"elementor-element elementor-element-c2e69c8 elementor-widget elementor-widget-heading\" data-id=\"c2e69c8\" data-element_type=\"widget\" data-widget_type=\"heading.default\">\n\t\t\t\t<div class=\"elementor-widget-container\">\n\t\t\t<h2 class=\"elementor-heading-title elementor-size-default\">Equipe Certificada + \nIntelig\u00eancia Artificial\n<\/h2>\t\t<\/div>\n\t\t\t\t<\/div>\n\t\t\t\t<div class=\"elementor-element elementor-element-f6104b9 elementor-widget elementor-widget-text-editor\" data-id=\"f6104b9\" data-element_type=\"widget\" data-widget_type=\"text-editor.default\">\n\t\t\t\t<div class=\"elementor-widget-container\">\n\t\t\t\t\t\t\t\t<div class=\"elementor-text-editor elementor-clearfix\">\n\t\t\t\t<p>Nosso servi\u00e7o de Performance \u00e9 \u00fanico no mercado.<\/p><p>Unimos profissionais certificados com o melhor da tecnologia de AI, permitindo que voc\u00ea tenha os \u00f3timos resultados em convers\u00f5es.<\/p><p>Montamos a melhor estrat\u00e9gia e realizamos a\u00e7\u00f5es di\u00e1rias de otimiza\u00e7\u00f5es nas segmenta\u00e7\u00f5es e palavras e, al\u00e9m disso, temos na equipe um background de matem\u00e1tica e intelig\u00eancia artificial para usar os melhores dados a favor da sua campanha.<\/p>\t\t\t\t\t<\/div>\n\t\t\t\t\t\t<\/div>\n\t\t\t\t<\/div>\n\t\t\t\t\t\t<\/div>\n\t\t\t\t\t<\/div>\n\t\t<\/div>\n\t\t\t\t<div class=\"elementor-column elementor-col-50 elementor-top-column elementor-element elementor-element-f0f53d0\" data-id=\"f0f53d0\" data-element_type=\"column\">\n\t\t\t<div class=\"elementor-column-wrap elementor-element-populated\">\n\t\t\t\t\t\t\t<div class=\"elementor-widget-wrap\">\n\t\t\t\t\t\t<div class=\"elementor-element elementor-element-69ec93e elementor-invisible elementor-widget elementor-widget-image\" data-id=\"69ec93e\" data-element_type=\"widget\" data-settings=\"{&quot;_animation&quot;:&quot;fadeInDown&quot;}\" data-widget_type=\"image.default\">\n\t\t\t\t<div class=\"elementor-widget-container\">\n\t\t\t\t\t\t\t\t<div class=\"elementor-image\">\n\t\t\t\t\t\t\t\t\t\t\t\t<img width=\"500\" height=\"475\" src=\"https:\/\/mercadobinario.com.br\/blog\/wp-content\/uploads\/2020\/07\/performance-1.png\" class=\"attachment-large size-large\" alt=\"\" loading=\"lazy\" srcset=\"https:\/\/mercadobinario.com.br\/blog\/wp-content\/uploads\/2020\/07\/performance-1.png 500w, https:\/\/mercadobinario.com.br\/blog\/wp-content\/uploads\/2020\/07\/performance-1-300x285.png 300w\" sizes=\"(max-width: 500px) 100vw, 500px\" \/>\t\t\t\t\t\t\t\t\t\t\t\t\t\t<\/div>\n\t\t\t\t\t\t<\/div>\n\t\t\t\t<\/div>\n\t\t\t\t\t\t<\/div>\n\t\t\t\t\t<\/div>\n\t\t<\/div>\n\t\t\t\t\t\t\t\t<\/div>\n\t\t\t\t\t<\/div>\n\t\t<\/section>\n\t\t\t\t<section class=\"elementor-section elementor-top-section elementor-element elementor-element-6268215 elementor-section-stretched elementor-section-boxed elementor-section-height-default elementor-section-height-default\" data-id=\"6268215\" data-element_type=\"section\" data-settings=\"{&quot;background_background&quot;:&quot;classic&quot;,&quot;stretch_section&quot;:&quot;section-stretched&quot;}\">\n\t\t\t\t\t\t<div class=\"elementor-container elementor-column-gap-default\">\n\t\t\t\t\t\t\t<div class=\"elementor-row\">\n\t\t\t\t\t<div class=\"elementor-column elementor-col-33 elementor-top-column elementor-element elementor-element-6c08bfd\" data-id=\"6c08bfd\" data-element_type=\"column\">\n\t\t\t<div class=\"elementor-column-wrap elementor-element-populated\">\n\t\t\t\t\t\t\t<div class=\"elementor-widget-wrap\">\n\t\t\t\t\t\t<div class=\"elementor-element elementor-element-65ff2f2 elementor-widget elementor-widget-heading\" data-id=\"65ff2f2\" data-element_type=\"widget\" data-widget_type=\"heading.default\">\n\t\t\t\t<div class=\"elementor-widget-container\">\n\t\t\t<p class=\"elementor-heading-title elementor-size-default\">Servi\u00e7os complementares<\/p>\t\t<\/div>\n\t\t\t\t<\/div>\n\t\t\t\t<div class=\"elementor-element elementor-element-b0e3dce elementor-align-left elementor-icon-list--layout-traditional elementor-list-item-link-full_width elementor-widget elementor-widget-icon-list\" data-id=\"b0e3dce\" data-element_type=\"widget\" data-widget_type=\"icon-list.default\">\n\t\t\t\t<div class=\"elementor-widget-container\">\n\t\t\t\t\t<ul class=\"elementor-icon-list-items\">\n\t\t\t\t\t\t\t<li class=\"elementor-icon-list-item\">\n\t\t\t\t\t\t\t\t\t\t<span class=\"elementor-icon-list-text\">- Consultoria de Vendas<\/span>\n\t\t\t\t\t\t\t\t\t<\/li>\n\t\t\t\t\t\t<\/ul>\n\t\t\t\t<\/div>\n\t\t\t\t<\/div>\n\t\t\t\t\t\t<\/div>\n\t\t\t\t\t<\/div>\n\t\t<\/div>\n\t\t\t\t<div class=\"elementor-column elementor-col-33 elementor-top-column elementor-element elementor-element-641ea39\" data-id=\"641ea39\" data-element_type=\"column\">\n\t\t\t<div class=\"elementor-column-wrap\">\n\t\t\t\t\t\t\t<div class=\"elementor-widget-wrap\">\n\t\t\t\t\t\t\t\t<\/div>\n\t\t\t\t\t<\/div>\n\t\t<\/div>\n\t\t\t\t<div class=\"elementor-column elementor-col-33 elementor-top-column elementor-element elementor-element-7ddddee\" data-id=\"7ddddee\" data-element_type=\"column\">\n\t\t\t<div class=\"elementor-column-wrap elementor-element-populated\">\n\t\t\t\t\t\t\t<div class=\"elementor-widget-wrap\">\n\t\t\t\t\t\t<div class=\"elementor-element elementor-element-9a04a76 elementor-widget elementor-widget-heading\" data-id=\"9a04a76\" data-element_type=\"widget\" data-widget_type=\"heading.default\">\n\t\t\t\t<div class=\"elementor-widget-container\">\n\t\t\t<p class=\"elementor-heading-title elementor-size-default\">Parceiros:<\/p>\t\t<\/div>\n\t\t\t\t<\/div>\n\t\t\t\t<section class=\"elementor-section elementor-inner-section elementor-element elementor-element-53b151f elementor-section-boxed elementor-section-height-default elementor-section-height-default\" data-id=\"53b151f\" data-element_type=\"section\">\n\t\t\t\t\t\t<div class=\"elementor-container elementor-column-gap-default\">\n\t\t\t\t\t\t\t<div class=\"elementor-row\">\n\t\t\t\t\t<div class=\"elementor-column elementor-col-50 elementor-inner-column elementor-element elementor-element-dccaa80\" data-id=\"dccaa80\" data-element_type=\"column\">\n\t\t\t<div class=\"elementor-column-wrap elementor-element-populated\">\n\t\t\t\t\t\t\t<div class=\"elementor-widget-wrap\">\n\t\t\t\t\t\t<div class=\"elementor-element elementor-element-187743f elementor-widget elementor-widget-image\" data-id=\"187743f\" data-element_type=\"widget\" data-widget_type=\"image.default\">\n\t\t\t\t<div class=\"elementor-widget-container\">\n\t\t\t\t\t\t\t\t<div class=\"elementor-image\">\n\t\t\t\t\t\t\t\t\t\t\t\t<img width=\"254\" height=\"105\" src=\"https:\/\/mercadobinario.com.br\/blog\/wp-content\/uploads\/2020\/07\/Sem-T\u00edtulo-1.png\" class=\"attachment-large size-large\" alt=\"\" loading=\"lazy\" \/>\t\t\t\t\t\t\t\t\t\t\t\t\t\t<\/div>\n\t\t\t\t\t\t<\/div>\n\t\t\t\t<\/div>\n\t\t\t\t\t\t<\/div>\n\t\t\t\t\t<\/div>\n\t\t<\/div>\n\t\t\t\t<div class=\"elementor-column elementor-col-50 elementor-inner-column elementor-element elementor-element-a4df645\" data-id=\"a4df645\" data-element_type=\"column\">\n\t\t\t<div class=\"elementor-column-wrap elementor-element-populated\">\n\t\t\t\t\t\t\t<div class=\"elementor-widget-wrap\">\n\t\t\t\t\t\t<div class=\"elementor-element elementor-element-6c8ca6d elementor-widget elementor-widget-image\" data-id=\"6c8ca6d\" data-element_type=\"widget\" data-widget_type=\"image.default\">\n\t\t\t\t<div class=\"elementor-widget-container\">\n\t\t\t\t\t\t\t\t<div class=\"elementor-image\">\n\t\t\t\t\t\t\t\t\t\t\t\t<img width=\"203\" height=\"85\" src=\"https:\/\/mercadobinario.com.br\/blog\/wp-content\/uploads\/2020\/07\/tray-parceiro-1.png\" class=\"attachment-large size-large\" alt=\"\" loading=\"lazy\" \/>\t\t\t\t\t\t\t\t\t\t\t\t\t\t<\/div>\n\t\t\t\t\t\t<\/div>\n\t\t\t\t<\/div>\n\t\t\t\t\t\t<\/div>\n\t\t\t\t\t<\/div>\n\t\t<\/div>\n\t\t\t\t\t\t\t\t<\/div>\n\t\t\t\t\t<\/div>\n\t\t<\/section>\n\t\t\t\t\t\t<\/div>\n\t\t\t\t\t<\/div>\n\t\t<\/div>\n\t\t\t\t\t\t\t\t<\/div>\n\t\t\t\t\t<\/div>\n\t\t<\/section>\n\t\t\t\t\t\t\t\t\t<\/div>\n\t\t\t<\/div>\n\t\t\t\t\t<\/div>\n\t\t","protected":false},"excerpt":{"rendered":"<p>Performance MB Equipe Certificada + Intelig\u00eancia Artificial Nosso servi\u00e7o de Performance \u00e9 \u00fanico no mercado. Unimos profissionais certificados com o melhor da tecnologia de AI, permitindo que voc\u00ea tenha os \u00f3timos resultados em convers\u00f5es. Montamos a melhor estrat\u00e9gia e realizamos a\u00e7\u00f5es di\u00e1rias de otimiza\u00e7\u00f5es nas segmenta\u00e7\u00f5es e palavras e, al\u00e9m disso, temos na equipe um [&hellip;]<\/p>\n","protected":false},"author":24,"featured_media":0,"parent":0,"menu_order":0,"comment_status":"closed","ping_status":"closed","template":"","meta":{"_seopress_robots_primary_cat":"","inline_featured_image":false,"site-sidebar-layout":"default","site-content-layout":"","ast-site-content-layout":"","site-content-style":"default","site-sidebar-style":"default","ast-global-header-display":"","ast-banner-title-visibility":"","ast-main-header-display":"","ast-hfb-above-header-display":"","ast-hfb-below-header-display":"","ast-hfb-mobile-header-display":"","site-post-title":"","ast-breadcrumbs-content":"","ast-featured-img":"","footer-sml-layout":"","theme-transparent-header-meta":"","adv-header-id-meta":"","stick-header-meta":"","header-above-stick-meta":"","header-main-stick-meta":"","header-below-stick-meta":"","astra-migrate-meta-layouts":"default","ast-page-background-enabled":"default","ast-page-background-meta":{"desktop":{"background-color":"var(--ast-global-color-4)","background-image":"","background-repeat":"repeat","background-position":"center center","background-size":"auto","background-attachment":"scroll","background-type":"","background-media":"","overlay-type":"","overlay-color":"","overlay-opacity":"","overlay-gradient":""},"tablet":{"background-color":"","background-image":"","background-repeat":"repeat","background-position":"center center","background-size":"auto","background-attachment":"scroll","background-type":"","background-media":"","overlay-type":"","overlay-color":"","overlay-opacity":"","overlay-gradient":""},"mobile":{"background-color":"","background-image":"","background-repeat":"repeat","background-position":"center center","background-size":"auto","background-attachment":"scroll","background-type":"","background-media":"","overlay-type":"","overlay-color":"","overlay-opacity":"","overlay-gradient":""}},"ast-content-background-meta":{"desktop":{"background-color":"var(--ast-global-color-5)","background-image":"","background-repeat":"repeat","background-position":"center center","background-size":"auto","background-attachment":"scroll","background-type":"","background-media":"","overlay-type":"","overlay-color":"","overlay-opacity":"","overlay-gradient":""},"tablet":{"background-color":"var(--ast-global-color-5)","background-image":"","background-repeat":"repeat","background-position":"center center","background-size":"auto","background-attachment":"scroll","background-type":"","background-media":"","overlay-type":"","overlay-color":"","overlay-opacity":"","overlay-gradient":""},"mobile":{"background-color":"var(--ast-global-color-5)","background-image":"","background-repeat":"repeat","background-position":"center center","background-size":"auto","background-attachment":"scroll","background-type":"","background-media":"","overlay-type":"","overlay-color":"","overlay-opacity":"","overlay-gradient":""}}},"yoast_head":"<!-- This site is optimized with the Yoast SEO Premium plugin v17.3 (Yoast SEO v19.11) - https:\/\/yoast.com\/wordpress\/plugins\/seo\/ -->\n<title>Performance - Mercado Bin\u00e1rio - Ag\u00eancia de marketing Digital<\/title>\n<meta name=\"robots\" content=\"index, follow, max-snippet:-1, max-image-preview:large, max-video-preview:-1\" \/>\n<link rel=\"canonical\" href=\"https:\/\/mercadobinario.com.br\/blog\/performance\/\" \/>\n<meta property=\"og:locale\" content=\"pt_BR\" \/>\n<meta property=\"og:type\" content=\"article\" \/>\n<meta property=\"og:title\" content=\"Performance\" \/>\n<meta property=\"og:description\" content=\"Performance MB Equipe Certificada + Intelig\u00eancia Artificial Nosso servi\u00e7o de Performance \u00e9 \u00fanico no mercado. Unimos profissionais certificados com o melhor da tecnologia de AI, permitindo que voc\u00ea tenha os \u00f3timos resultados em convers\u00f5es. Montamos a melhor estrat\u00e9gia e realizamos a\u00e7\u00f5es di\u00e1rias de otimiza\u00e7\u00f5es nas segmenta\u00e7\u00f5es e palavras e, al\u00e9m disso, temos na equipe um [&hellip;]\" \/>\n<meta property=\"og:url\" content=\"https:\/\/mercadobinario.com.br\/blog\/performance\/\" \/>\n<meta property=\"og:site_name\" content=\"Mercado Bin\u00e1rio - Ag\u00eancia de marketing Digital\" \/>\n<meta property=\"article:publisher\" content=\"https:\/\/www.facebook.com\/mercadobinario\/\" \/>\n<meta property=\"article:modified_time\" content=\"2021-04-15T15:29:27+00:00\" \/>\n<meta property=\"og:image\" content=\"https:\/\/mercadobinario.com.br\/blog\/wp-content\/uploads\/2020\/07\/performance-1.png\" \/>\n<meta name=\"twitter:card\" content=\"summary_large_image\" \/>\n<meta name=\"twitter:site\" content=\"@mercadobinario\" \/>\n<script type=\"application\/ld+json\" class=\"yoast-schema-graph\">{\"@context\":\"https:\/\/schema.org\",\"@graph\":[{\"@type\":\"WebPage\",\"@id\":\"https:\/\/mercadobinario.com.br\/blog\/performance\/\",\"url\":\"https:\/\/mercadobinario.com.br\/blog\/performance\/\",\"name\":\"Performance - Mercado Bin\u00e1rio - Ag\u00eancia de marketing Digital\",\"isPartOf\":{\"@id\":\"https:\/\/mercadobinario.com.br\/blog\/#website\"},\"datePublished\":\"2020-07-17T18:15:46+00:00\",\"dateModified\":\"2021-04-15T15:29:27+00:00\",\"breadcrumb\":{\"@id\":\"https:\/\/mercadobinario.com.br\/blog\/performance\/#breadcrumb\"},\"inLanguage\":\"pt-BR\",\"potentialAction\":[{\"@type\":\"ReadAction\",\"target\":[\"https:\/\/mercadobinario.com.br\/blog\/performance\/\"]}]},{\"@type\":\"BreadcrumbList\",\"@id\":\"https:\/\/mercadobinario.com.br\/blog\/performance\/#breadcrumb\",\"itemListElement\":[{\"@type\":\"ListItem\",\"position\":1,\"name\":\"In\u00edcio\",\"item\":\"https:\/\/mercadobinario.com.br\/blog\/\"},{\"@type\":\"ListItem\",\"position\":2,\"name\":\"Performance\"}]},{\"@type\":\"WebSite\",\"@id\":\"https:\/\/mercadobinario.com.br\/blog\/#website\",\"url\":\"https:\/\/mercadobinario.com.br\/blog\/\",\"name\":\"Mercado Binario Ag\u00eancia de Marketing Digital Curitiba e S\u00e3o Paulo\",\"description\":\"Ag\u00eancia de Marketing Digital em Curitiba - Somos a solu\u00e7\u00e3o completa para sua empresa. Com uma metodologia \u00fanica. Entre em contatoCria\u00e7\u00e3o de Sites, E-commerce, Automa\u00e7\u00e3o e Marketing Digital\",\"potentialAction\":[{\"@type\":\"SearchAction\",\"target\":{\"@type\":\"EntryPoint\",\"urlTemplate\":\"https:\/\/mercadobinario.com.br\/blog\/?s={search_term_string}\"},\"query-input\":\"required name=search_term_string\"}],\"inLanguage\":\"pt-BR\"}]}<\/script>\n<!-- \/ Yoast SEO Premium plugin. -->","yoast_head_json":{"title":"Performance - Mercado Bin\u00e1rio - Ag\u00eancia de marketing Digital","robots":{"index":"index","follow":"follow","max-snippet":"max-snippet:-1","max-image-preview":"max-image-preview:large","max-video-preview":"max-video-preview:-1"},"canonical":"https:\/\/mercadobinario.com.br\/blog\/performance\/","og_locale":"pt_BR","og_type":"article","og_title":"Performance","og_description":"Performance MB Equipe Certificada + Intelig\u00eancia Artificial Nosso servi\u00e7o de Performance \u00e9 \u00fanico no mercado. Unimos profissionais certificados com o melhor da tecnologia de AI, permitindo que voc\u00ea tenha os \u00f3timos resultados em convers\u00f5es. Montamos a melhor estrat\u00e9gia e realizamos a\u00e7\u00f5es di\u00e1rias de otimiza\u00e7\u00f5es nas segmenta\u00e7\u00f5es e palavras e, al\u00e9m disso, temos na equipe um [&hellip;]","og_url":"https:\/\/mercadobinario.com.br\/blog\/performance\/","og_site_name":"Mercado Bin\u00e1rio - Ag\u00eancia de marketing Digital","article_publisher":"https:\/\/www.facebook.com\/mercadobinario\/","article_modified_time":"2021-04-15T15:29:27+00:00","og_image":[{"url":"https:\/\/mercadobinario.com.br\/blog\/wp-content\/uploads\/2020\/07\/performance-1.png"}],"twitter_card":"summary_large_image","twitter_site":"@mercadobinario","schema":{"@context":"https:\/\/schema.org","@graph":[{"@type":"WebPage","@id":"https:\/\/mercadobinario.com.br\/blog\/performance\/","url":"https:\/\/mercadobinario.com.br\/blog\/performance\/","name":"Performance - Mercado Bin\u00e1rio - Ag\u00eancia de marketing Digital","isPartOf":{"@id":"https:\/\/mercadobinario.com.br\/blog\/#website"},"datePublished":"2020-07-17T18:15:46+00:00","dateModified":"2021-04-15T15:29:27+00:00","breadcrumb":{"@id":"https:\/\/mercadobinario.com.br\/blog\/performance\/#breadcrumb"},"inLanguage":"pt-BR","potentialAction":[{"@type":"ReadAction","target":["https:\/\/mercadobinario.com.br\/blog\/performance\/"]}]},{"@type":"BreadcrumbList","@id":"https:\/\/mercadobinario.com.br\/blog\/performance\/#breadcrumb","itemListElement":[{"@type":"ListItem","position":1,"name":"In\u00edcio","item":"https:\/\/mercadobinario.com.br\/blog\/"},{"@type":"ListItem","position":2,"name":"Performance"}]},{"@type":"WebSite","@id":"https:\/\/mercadobinario.com.br\/blog\/#website","url":"https:\/\/mercadobinario.com.br\/blog\/","name":"Mercado Binario Ag\u00eancia de Marketing Digital Curitiba e S\u00e3o Paulo","description":"Ag\u00eancia de Marketing Digital em Curitiba - Somos a solu\u00e7\u00e3o completa para sua empresa. Com uma metodologia \u00fanica. Entre em contatoCria\u00e7\u00e3o de Sites, E-commerce, Automa\u00e7\u00e3o e Marketing Digital","potentialAction":[{"@type":"SearchAction","target":{"@type":"EntryPoint","urlTemplate":"https:\/\/mercadobinario.com.br\/blog\/?s={search_term_string}"},"query-input":"required name=search_term_string"}],"inLanguage":"pt-BR"}]}},"_links":{"self":[{"href":"https:\/\/mercadobinario.com.br\/blog\/wp-json\/wp\/v2\/pages\/23367"}],"collection":[{"href":"https:\/\/mercadobinario.com.br\/blog\/wp-json\/wp\/v2\/pages"}],"about":[{"href":"https:\/\/mercadobinario.com.br\/blog\/wp-json\/wp\/v2\/types\/page"}],"author":[{"embeddable":true,"href":"https:\/\/mercadobinario.com.br\/blog\/wp-json\/wp\/v2\/users\/24"}],"replies":[{"embeddable":true,"href":"https:\/\/mercadobinario.com.br\/blog\/wp-json\/wp\/v2\/comments?post=23367"}],"version-history":[{"count":0,"href":"https:\/\/mercadobinario.com.br\/blog\/wp-json\/wp\/v2\/pages\/23367\/revisions"}],"wp:attachment":[{"href":"https:\/\/mercadobinario.com.br\/blog\/wp-json\/wp\/v2\/media?parent=23367"}],"curies":[{"name":"wp","href":"https:\/\/api.w.org\/{rel}","templated":true}]}}