{"id":1652,"date":"2024-05-27T13:51:22","date_gmt":"2024-05-27T16:51:22","guid":{"rendered":"https:\/\/mercadobinario.com.br\/cases-de-sucesso\/?page_id=1652"},"modified":"2024-05-27T15:53:20","modified_gmt":"2024-05-27T18:53:20","slug":"case-de-sucesso-bry-air","status":"publish","type":"page","link":"https:\/\/mercadobinario.com.br\/cases-de-sucesso\/case-de-sucesso-bry-air\/","title":{"rendered":"Case de sucesso Bry-Air"},"content":{"rendered":"\t\t<div data-elementor-type=\"wp-page\" data-elementor-id=\"1652\" class=\"elementor elementor-1652\" data-elementor-post-type=\"page\">\n\t\t\t\t\t\t\t\t\t<section class=\"elementor-section elementor-top-section elementor-element elementor-element-891f102 elementor-section-boxed elementor-section-height-default elementor-section-height-default\" data-id=\"891f102\" data-element_type=\"section\" data-settings=\"{&quot;background_background&quot;:&quot;classic&quot;}\">\n\t\t\t\t\t\t<div class=\"elementor-container elementor-column-gap-default\">\n\t\t\t\t\t<div class=\"elementor-column elementor-col-100 elementor-top-column elementor-element elementor-element-484ee7ea\" data-id=\"484ee7ea\" data-element_type=\"column\">\n\t\t\t<div class=\"elementor-widget-wrap elementor-element-populated\">\n\t\t\t\t\t\t\t\t<section class=\"elementor-section elementor-inner-section elementor-element elementor-element-7d2d7599 elementor-section-boxed elementor-section-height-default elementor-section-height-default\" data-id=\"7d2d7599\" data-element_type=\"section\">\n\t\t\t\t\t\t<div class=\"elementor-container elementor-column-gap-no\">\n\t\t\t\t\t<div class=\"elementor-column elementor-col-50 elementor-inner-column elementor-element elementor-element-4a6e01a8\" data-id=\"4a6e01a8\" data-element_type=\"column\">\n\t\t\t<div class=\"elementor-widget-wrap elementor-element-populated\">\n\t\t\t\t\t\t\t\t<div class=\"elementor-element elementor-element-321718a0 elementor-widget elementor-widget-image\" data-id=\"321718a0\" data-element_type=\"widget\" id=\"mercado\" data-widget_type=\"image.default\">\n\t\t\t\t<div class=\"elementor-widget-container\">\n\t\t\t\t\t\t\t\t\t\t\t\t\t\t\t<img loading=\"lazy\" decoding=\"async\" width=\"171\" height=\"47\" src=\"https:\/\/mercadobinario.com.br\/cases-de-sucesso\/wp-content\/uploads\/2021\/05\/logo.png\" class=\"attachment-full size-full wp-image-696\" alt=\"\" \/>\t\t\t\t\t\t\t\t\t\t\t\t\t\t\t<\/div>\n\t\t\t\t<\/div>\n\t\t\t\t\t<\/div>\n\t\t<\/div>\n\t\t\t\t<div class=\"elementor-column elementor-col-50 elementor-inner-column elementor-element elementor-element-7404fe54\" data-id=\"7404fe54\" data-element_type=\"column\">\n\t\t\t<div class=\"elementor-widget-wrap elementor-element-populated\">\n\t\t\t\t\t\t\t\t<div class=\"elementor-element elementor-element-6c837677 bra elementor-widget elementor-widget-image\" data-id=\"6c837677\" data-element_type=\"widget\" data-widget_type=\"image.default\">\n\t\t\t\t<div class=\"elementor-widget-container\">\n\t\t\t\t\t\t\t\t\t\t\t\t\t\t\t<img loading=\"lazy\" decoding=\"async\" width=\"300\" height=\"78\" src=\"https:\/\/mercadobinario.com.br\/cases-de-sucesso\/wp-content\/uploads\/2024\/05\/logo_bryair_neg_simples.png\" class=\"attachment-full size-full wp-image-1659\" alt=\"\" \/>\t\t\t\t\t\t\t\t\t\t\t\t\t\t\t<\/div>\n\t\t\t\t<\/div>\n\t\t\t\t\t<\/div>\n\t\t<\/div>\n\t\t\t\t\t\t\t<\/div>\n\t\t<\/section>\n\t\t\t\t\t<\/div>\n\t\t<\/div>\n\t\t\t\t\t\t\t<\/div>\n\t\t<\/section>\n\t\t\t\t<section class=\"elementor-section elementor-top-section elementor-element elementor-element-42c14f3d elementor-section-height-min-height elementor-section-stretched elementor-section-boxed elementor-section-height-default elementor-section-items-middle\" data-id=\"42c14f3d\" data-element_type=\"section\" data-settings=\"{&quot;stretch_section&quot;:&quot;section-stretched&quot;,&quot;background_background&quot;:&quot;classic&quot;}\">\n\t\t\t\t\t\t<div class=\"elementor-container elementor-column-gap-no\">\n\t\t\t\t\t<div class=\"elementor-column elementor-col-100 elementor-top-column elementor-element elementor-element-2729467\" data-id=\"2729467\" data-element_type=\"column\">\n\t\t\t<div class=\"elementor-widget-wrap elementor-element-populated\">\n\t\t\t\t\t\t\t\t<div class=\"elementor-element elementor-element-ee60106 elementor-widget elementor-widget-text-editor\" data-id=\"ee60106\" data-element_type=\"widget\" data-widget_type=\"text-editor.default\">\n\t\t\t\t<div class=\"elementor-widget-container\">\n\t\t\t\t\t\t\t<p><span style=\"font-weight: 400;\">Marketing B2B com Intelig\u00eancia Artificial <br \/>para Produtos Industriais<\/span><\/p>\t\t\t\t\t\t<\/div>\n\t\t\t\t<\/div>\n\t\t\t\t\t<\/div>\n\t\t<\/div>\n\t\t\t\t\t\t\t<\/div>\n\t\t<\/section>\n\t\t\t\t<section class=\"elementor-section elementor-top-section elementor-element elementor-element-1d30853d elementor-section-boxed elementor-section-height-default elementor-section-height-default\" data-id=\"1d30853d\" data-element_type=\"section\">\n\t\t\t\t\t\t<div class=\"elementor-container elementor-column-gap-default\">\n\t\t\t\t\t<div class=\"elementor-column elementor-col-100 elementor-top-column elementor-element elementor-element-35072ab2\" data-id=\"35072ab2\" data-element_type=\"column\">\n\t\t\t<div class=\"elementor-widget-wrap elementor-element-populated\">\n\t\t\t\t\t\t\t\t<div class=\"elementor-element elementor-element-4a482493 elementor-widget elementor-widget-heading\" data-id=\"4a482493\" data-element_type=\"widget\" data-widget_type=\"heading.default\">\n\t\t\t\t<div class=\"elementor-widget-container\">\n\t\t\t<h2 class=\"elementor-heading-title elementor-size-default\">Bry Air<\/h2>\t\t<\/div>\n\t\t\t\t<\/div>\n\t\t\t\t<div class=\"elementor-element elementor-element-106527a elementor-widget elementor-widget-text-editor\" data-id=\"106527a\" data-element_type=\"widget\" data-widget_type=\"text-editor.default\">\n\t\t\t\t<div class=\"elementor-widget-container\">\n\t\t\t\t\t\t\t<p><span style=\"font-weight: 400;\">Ind\u00fastria multinacional com foco em produtos industriais enfrentava o desafio de redefinir suas estrat\u00e9gias de marketing B2B. Seu objetivo era otimizar a qualifica\u00e7\u00e3o de leads e alimentar seus algoritmos com dados ricos e acion\u00e1veis e se destacar no mercado.<\/span><\/p><p>\u00a0<\/p><p><span style=\"font-weight: 400;\">A Bry-Air abra\u00e7ou a tecnologia de intelig\u00eancia artificial para transformar completamente seu processo de marketing digital. <\/span><\/p>\t\t\t\t\t\t<\/div>\n\t\t\t\t<\/div>\n\t\t\t\t\t<\/div>\n\t\t<\/div>\n\t\t\t\t\t\t\t<\/div>\n\t\t<\/section>\n\t\t\t\t<section class=\"elementor-section elementor-top-section elementor-element elementor-element-15434015 elementor-section-full_width elementor-section-stretched elementor-section-height-default elementor-section-height-default\" data-id=\"15434015\" data-element_type=\"section\" data-settings=\"{&quot;stretch_section&quot;:&quot;section-stretched&quot;}\">\n\t\t\t\t\t\t<div class=\"elementor-container elementor-column-gap-no\">\n\t\t\t\t\t<div class=\"elementor-column elementor-col-50 elementor-top-column elementor-element elementor-element-1cf8ff75\" data-id=\"1cf8ff75\" data-element_type=\"column\" data-settings=\"{&quot;background_background&quot;:&quot;classic&quot;}\">\n\t\t\t<div class=\"elementor-widget-wrap elementor-element-populated\">\n\t\t\t\t\t\t\t\t<div class=\"elementor-element elementor-element-5cd9fcc2 elementor-hidden-desktop elementor-hidden-tablet elementor-widget elementor-widget-spacer\" data-id=\"5cd9fcc2\" data-element_type=\"widget\" data-widget_type=\"spacer.default\">\n\t\t\t\t<div class=\"elementor-widget-container\">\n\t\t\t\t\t<div class=\"elementor-spacer\">\n\t\t\t<div class=\"elementor-spacer-inner\"><\/div>\n\t\t<\/div>\n\t\t\t\t<\/div>\n\t\t\t\t<\/div>\n\t\t\t\t\t<\/div>\n\t\t<\/div>\n\t\t\t\t<div class=\"elementor-column elementor-col-50 elementor-top-column elementor-element elementor-element-507f9381\" data-id=\"507f9381\" data-element_type=\"column\" data-settings=\"{&quot;background_background&quot;:&quot;classic&quot;}\">\n\t\t\t<div class=\"elementor-widget-wrap elementor-element-populated\">\n\t\t\t\t\t\t\t\t<div class=\"elementor-element elementor-element-699b8058 elementor-widget elementor-widget-heading\" data-id=\"699b8058\" data-element_type=\"widget\" data-widget_type=\"heading.default\">\n\t\t\t\t<div class=\"elementor-widget-container\">\n\t\t\t<h2 class=\"elementor-heading-title elementor-size-default\">Execu\u00e7\u00e3o e resultados:<\/h2>\t\t<\/div>\n\t\t\t\t<\/div>\n\t\t\t\t<div class=\"elementor-element elementor-element-379023d9 elementor-hidden-phone elementor-widget elementor-widget-text-editor\" data-id=\"379023d9\" data-element_type=\"widget\" data-widget_type=\"text-editor.default\">\n\t\t\t\t<div class=\"elementor-widget-container\">\n\t\t\t\t\t\t\t<ul><li style=\"font-weight: 400;\" aria-level=\"1\"><span style=\"font-weight: 400;\">A Mercado Bin\u00e1rio implementou sistemas avan\u00e7ados de IA, gerando precis\u00e3o na qualifica\u00e7\u00e3o dos leads, garantindo que apenas os mais promissores fossem encaminhados para a equipe de vendas.<br \/><\/span><\/li><\/ul><ul><li style=\"font-weight: 400;\" aria-level=\"1\"><span style=\"font-weight: 400;\">O sistema de IA filtrava os leads e retornava insights valiosos para os algoritmos das campanhas, o que permitiu o aprimoramento e evolu\u00e7\u00e3o constante das estrat\u00e9gias de marketing, focando em dados para uma tomada de decis\u00e3o mais assertiva.<br \/><br \/><\/span><\/li><\/ul><ul><li style=\"font-weight: 400;\" aria-level=\"1\"><span style=\"font-weight: 400;\">Al\u00e9m de usar a IA para qualifica\u00e7\u00e3o de leads, a Bry-Air tamb\u00e9m personalizou suas campanhas para atender de maneira precisa \u00e0s demandas do setor industrial. <\/span><\/li><\/ul>\t\t\t\t\t\t<\/div>\n\t\t\t\t<\/div>\n\t\t\t\t<div class=\"elementor-element elementor-element-55e082e7 elementor-hidden-desktop elementor-hidden-tablet elementor-widget elementor-widget-text-editor\" data-id=\"55e082e7\" data-element_type=\"widget\" data-widget_type=\"text-editor.default\">\n\t\t\t\t<div class=\"elementor-widget-container\">\n\t\t\t\t\t\t\t<ul><li style=\"font-weight: 400;\" aria-level=\"1\"><span style=\"font-weight: 400;\">A Mercado Bin\u00e1rio implementou sistemas avan\u00e7ados de IA, gerando precis\u00e3o na qualifica\u00e7\u00e3o dos leads, garantindo que apenas os mais promissores fossem encaminhados para a equipe de vendas.<\/span><\/li><\/ul><p>\u00a0<\/p><ul><li style=\"font-weight: 400;\" aria-level=\"1\"><span style=\"font-weight: 400;\">O sistema de IA filtrava os leads e retornava insights valiosos para os algoritmos das campanhas, o que permitiu o aprimoramento e evolu\u00e7\u00e3o constante das estrat\u00e9gias de marketing, focando em dados para uma tomada de decis\u00e3o mais assertiva.<\/span><\/li><\/ul><p>\u00a0<\/p><ul><li style=\"font-weight: 400;\" aria-level=\"1\"><span style=\"font-weight: 400;\">Al\u00e9m de usar a IA para qualifica\u00e7\u00e3o de leads, a Bry-Air tamb\u00e9m personalizou suas campanhas para atender de maneira precisa \u00e0s demandas do setor industrial. <\/span><\/li><\/ul>\t\t\t\t\t\t<\/div>\n\t\t\t\t<\/div>\n\t\t\t\t\t<\/div>\n\t\t<\/div>\n\t\t\t\t\t\t\t<\/div>\n\t\t<\/section>\n\t\t\t\t<section class=\"elementor-section elementor-top-section elementor-element elementor-element-8d93b43 elementor-section-full_width elementor-section-stretched elementor-section-height-default elementor-section-height-default\" data-id=\"8d93b43\" data-element_type=\"section\" id=\"resultados\" data-settings=\"{&quot;stretch_section&quot;:&quot;section-stretched&quot;}\">\n\t\t\t\t\t\t<div class=\"elementor-container elementor-column-gap-no\">\n\t\t\t\t\t<div class=\"elementor-column elementor-col-50 elementor-top-column elementor-element elementor-element-f21af40\" data-id=\"f21af40\" data-element_type=\"column\">\n\t\t\t<div class=\"elementor-widget-wrap elementor-element-populated\">\n\t\t\t\t\t\t\t\t<div class=\"elementor-element elementor-element-ceee14b elementor-widget elementor-widget-text-editor\" data-id=\"ceee14b\" data-element_type=\"widget\" data-widget_type=\"text-editor.default\">\n\t\t\t\t<div class=\"elementor-widget-container\">\n\t\t\t\t\t\t\t<p><span style=\"font-weight: 400;\">Os resultados foram surpreendentes. Em apenas tr\u00eas meses ap\u00f3s a implementa\u00e7\u00e3o da IA, a Bry-Air obteve um aumento de 80% na gera\u00e7\u00e3o de leads qualificados. Al\u00e9m disso, o retorno sobre o investimento catapultou um marco no marketing industrial B2B.<\/span><\/p>\t\t\t\t\t\t<\/div>\n\t\t\t\t<\/div>\n\t\t\t\t\t<\/div>\n\t\t<\/div>\n\t\t\t\t<div class=\"elementor-column elementor-col-50 elementor-top-column elementor-element elementor-element-d004a66\" data-id=\"d004a66\" data-element_type=\"column\" data-settings=\"{&quot;background_background&quot;:&quot;classic&quot;}\">\n\t\t\t<div class=\"elementor-widget-wrap elementor-element-populated\">\n\t\t\t\t\t\t\t\t<div class=\"elementor-element elementor-element-26aac2f elementor-hidden-desktop elementor-hidden-tablet elementor-widget elementor-widget-spacer\" data-id=\"26aac2f\" data-element_type=\"widget\" data-widget_type=\"spacer.default\">\n\t\t\t\t<div class=\"elementor-widget-container\">\n\t\t\t\t\t<div class=\"elementor-spacer\">\n\t\t\t<div class=\"elementor-spacer-inner\"><\/div>\n\t\t<\/div>\n\t\t\t\t<\/div>\n\t\t\t\t<\/div>\n\t\t\t\t\t<\/div>\n\t\t<\/div>\n\t\t\t\t\t\t\t<\/div>\n\t\t<\/section>\n\t\t\t\t<section class=\"elementor-section elementor-top-section elementor-element elementor-element-59cb7bf2 elementor-section-boxed elementor-section-height-default elementor-section-height-default\" data-id=\"59cb7bf2\" data-element_type=\"section\" id=\"aqui\">\n\t\t\t\t\t\t<div class=\"elementor-container elementor-column-gap-default\">\n\t\t\t\t\t<div class=\"elementor-column elementor-col-100 elementor-top-column elementor-element elementor-element-ccd59e1\" data-id=\"ccd59e1\" data-element_type=\"column\">\n\t\t\t<div class=\"elementor-widget-wrap elementor-element-populated\">\n\t\t\t\t\t\t\t\t\t<\/div>\n\t\t<\/div>\n\t\t\t\t\t\t\t<\/div>\n\t\t<\/section>\n\t\t\t\t\t\t\t<\/div>\n\t\t","protected":false},"excerpt":{"rendered":"<p>Marketing B2B com Intelig\u00eancia Artificial para Produtos Industriais Bry Air Ind\u00fastria multinacional com foco em produtos industriais enfrentava o desafio de redefinir suas estrat\u00e9gias de marketing B2B. Seu objetivo era otimizar a qualifica\u00e7\u00e3o de leads e alimentar seus algoritmos com dados ricos e acion\u00e1veis e se destacar no mercado. \u00a0 A Bry-Air abra\u00e7ou a tecnologia [&hellip;]<\/p>\n","protected":false},"author":1,"featured_media":0,"parent":0,"menu_order":0,"comment_status":"closed","ping_status":"closed","template":"elementor_canvas","meta":{"inline_featured_image":false,"footnotes":""},"class_list":["post-1652","page","type-page","status-publish","hentry"],"_links":{"self":[{"href":"https:\/\/mercadobinario.com.br\/cases-de-sucesso\/wp-json\/wp\/v2\/pages\/1652","targetHints":{"allow":["GET"]}}],"collection":[{"href":"https:\/\/mercadobinario.com.br\/cases-de-sucesso\/wp-json\/wp\/v2\/pages"}],"about":[{"href":"https:\/\/mercadobinario.com.br\/cases-de-sucesso\/wp-json\/wp\/v2\/types\/page"}],"author":[{"embeddable":true,"href":"https:\/\/mercadobinario.com.br\/cases-de-sucesso\/wp-json\/wp\/v2\/users\/1"}],"replies":[{"embeddable":true,"href":"https:\/\/mercadobinario.com.br\/cases-de-sucesso\/wp-json\/wp\/v2\/comments?post=1652"}],"version-history":[{"count":50,"href":"https:\/\/mercadobinario.com.br\/cases-de-sucesso\/wp-json\/wp\/v2\/pages\/1652\/revisions"}],"predecessor-version":[{"id":1764,"href":"https:\/\/mercadobinario.com.br\/cases-de-sucesso\/wp-json\/wp\/v2\/pages\/1652\/revisions\/1764"}],"wp:attachment":[{"href":"https:\/\/mercadobinario.com.br\/cases-de-sucesso\/wp-json\/wp\/v2\/media?parent=1652"}],"curies":[{"name":"wp","href":"https:\/\/api.w.org\/{rel}","templated":true}]}}