{"id":1900,"date":"2024-11-12T09:37:57","date_gmt":"2024-11-12T12:37:57","guid":{"rendered":"https:\/\/mercadobinario.com.br\/cases-de-sucesso\/?page_id=1900"},"modified":"2024-12-04T22:38:13","modified_gmt":"2024-12-05T01:38:13","slug":"case-de-sucesso-mb","status":"publish","type":"page","link":"https:\/\/mercadobinario.com.br\/cases-de-sucesso\/case-de-sucesso-mb\/","title":{"rendered":"Case de sucesso MB"},"content":{"rendered":"\t\t<div data-elementor-type=\"wp-page\" data-elementor-id=\"1900\" class=\"elementor elementor-1900\" data-elementor-post-type=\"page\">\n\t\t\t\t\t\t\t\t\t<section class=\"elementor-section elementor-top-section elementor-element elementor-element-891f102 elementor-section-boxed elementor-section-height-default elementor-section-height-default\" data-id=\"891f102\" data-element_type=\"section\">\n\t\t\t\t\t\t<div class=\"elementor-container elementor-column-gap-default\">\n\t\t\t\t\t<div class=\"elementor-column elementor-col-100 elementor-top-column elementor-element elementor-element-484ee7ea\" data-id=\"484ee7ea\" data-element_type=\"column\">\n\t\t\t<div class=\"elementor-widget-wrap elementor-element-populated\">\n\t\t\t\t\t\t\t\t<section class=\"elementor-section elementor-inner-section elementor-element elementor-element-7d2d7599 elementor-section-boxed elementor-section-height-default elementor-section-height-default\" data-id=\"7d2d7599\" data-element_type=\"section\">\n\t\t\t\t\t\t<div class=\"elementor-container elementor-column-gap-no\">\n\t\t\t\t\t<div class=\"elementor-column elementor-col-50 elementor-inner-column elementor-element elementor-element-4a6e01a8\" data-id=\"4a6e01a8\" data-element_type=\"column\">\n\t\t\t<div class=\"elementor-widget-wrap elementor-element-populated\">\n\t\t\t\t\t\t\t\t<div class=\"elementor-element elementor-element-321718a0 elementor-widget elementor-widget-image\" data-id=\"321718a0\" data-element_type=\"widget\" data-widget_type=\"image.default\">\n\t\t\t\t<div class=\"elementor-widget-container\">\n\t\t\t\t\t\t\t\t\t\t\t\t\t\t\t<img loading=\"lazy\" decoding=\"async\" width=\"171\" height=\"47\" src=\"https:\/\/mercadobinario.com.br\/cases-de-sucesso\/wp-content\/uploads\/2021\/05\/logo.png\" class=\"attachment-full size-full wp-image-696\" alt=\"\" \/>\t\t\t\t\t\t\t\t\t\t\t\t\t\t\t<\/div>\n\t\t\t\t<\/div>\n\t\t\t\t\t<\/div>\n\t\t<\/div>\n\t\t\t\t<div class=\"elementor-column elementor-col-50 elementor-inner-column elementor-element elementor-element-7404fe54\" data-id=\"7404fe54\" data-element_type=\"column\">\n\t\t\t<div class=\"elementor-widget-wrap elementor-element-populated\">\n\t\t\t\t\t\t\t\t<div class=\"elementor-element elementor-element-6c837677 elementor-widget elementor-widget-image\" data-id=\"6c837677\" data-element_type=\"widget\" data-widget_type=\"image.default\">\n\t\t\t\t<div class=\"elementor-widget-container\">\n\t\t\t\t\t\t\t\t\t\t\t\t\t\t\t<img loading=\"lazy\" decoding=\"async\" width=\"182\" height=\"79\" src=\"https:\/\/mercadobinario.com.br\/cases-de-sucesso\/wp-content\/uploads\/2024\/11\/logorape.png\" class=\"attachment-full size-full wp-image-1913\" alt=\"\" \/>\t\t\t\t\t\t\t\t\t\t\t\t\t\t\t<\/div>\n\t\t\t\t<\/div>\n\t\t\t\t\t<\/div>\n\t\t<\/div>\n\t\t\t\t\t\t\t<\/div>\n\t\t<\/section>\n\t\t\t\t\t<\/div>\n\t\t<\/div>\n\t\t\t\t\t\t\t<\/div>\n\t\t<\/section>\n\t\t\t\t<section class=\"elementor-section elementor-top-section elementor-element elementor-element-42c14f3d elementor-section-height-min-height elementor-section-stretched elementor-section-boxed elementor-section-height-default elementor-section-items-middle\" data-id=\"42c14f3d\" data-element_type=\"section\" data-settings=\"{&quot;stretch_section&quot;:&quot;section-stretched&quot;,&quot;background_background&quot;:&quot;classic&quot;}\">\n\t\t\t\t\t\t<div class=\"elementor-container elementor-column-gap-no\">\n\t\t\t\t\t<div class=\"elementor-column elementor-col-100 elementor-top-column elementor-element elementor-element-2729467\" data-id=\"2729467\" data-element_type=\"column\">\n\t\t\t<div class=\"elementor-widget-wrap elementor-element-populated\">\n\t\t\t\t\t\t\t\t<div class=\"elementor-element elementor-element-1300ccc6 elementor-widget elementor-widget-heading\" data-id=\"1300ccc6\" data-element_type=\"widget\" data-widget_type=\"heading.default\">\n\t\t\t\t<div class=\"elementor-widget-container\">\n\t\t\t<h2 class=\"elementor-heading-title elementor-size-default\"> <strong>Case <\/strong> <br> Mercado Bin\u00e1rio<\/h2>\t\t<\/div>\n\t\t\t\t<\/div>\n\t\t\t\t\t<\/div>\n\t\t<\/div>\n\t\t\t\t\t\t\t<\/div>\n\t\t<\/section>\n\t\t\t\t<section class=\"elementor-section elementor-top-section elementor-element elementor-element-1d30853d elementor-section-boxed elementor-section-height-default elementor-section-height-default\" data-id=\"1d30853d\" data-element_type=\"section\">\n\t\t\t\t\t\t<div class=\"elementor-container elementor-column-gap-default\">\n\t\t\t\t\t<div class=\"elementor-column elementor-col-100 elementor-top-column elementor-element elementor-element-35072ab2\" data-id=\"35072ab2\" data-element_type=\"column\">\n\t\t\t<div class=\"elementor-widget-wrap elementor-element-populated\">\n\t\t\t\t\t\t\t\t<div class=\"elementor-element elementor-element-4a482493 elementor-widget elementor-widget-heading\" data-id=\"4a482493\" data-element_type=\"widget\" data-widget_type=\"heading.default\">\n\t\t\t\t<div class=\"elementor-widget-container\">\n\t\t\t<h2 class=\"elementor-heading-title elementor-size-default\">Mercado Bin\u00e1rio<\/h2>\t\t<\/div>\n\t\t\t\t<\/div>\n\t\t\t\t<div class=\"elementor-element elementor-element-106527a elementor-widget elementor-widget-text-editor\" data-id=\"106527a\" data-element_type=\"widget\" data-widget_type=\"text-editor.default\">\n\t\t\t\t<div class=\"elementor-widget-container\">\n\t\t\t\t\t\t\t<p><b>Desafio<\/b><\/p><p>A ag\u00eancia Mercado Bin\u00e1rio enfrentava o desafio de otimizar o processo de valida\u00e7\u00e3o de leads e agendamento de reuni\u00f5es, buscando reduzir o tempo gasto pela equipe de vendas e aumentar a precis\u00e3o na qualifica\u00e7\u00e3o de potenciais clientes. O processo anterior exigia muitas intera\u00e7\u00f5es manuais, o que resultava em um ciclo mais longo para a convers\u00e3o de leads e aumento da carga de trabalho operacional.<\/p>\t\t\t\t\t\t<\/div>\n\t\t\t\t<\/div>\n\t\t\t\t\t<\/div>\n\t\t<\/div>\n\t\t\t\t\t\t\t<\/div>\n\t\t<\/section>\n\t\t\t\t<section class=\"elementor-section elementor-top-section elementor-element elementor-element-0093e02 elementor-section-boxed elementor-section-height-default elementor-section-height-default\" data-id=\"0093e02\" data-element_type=\"section\">\n\t\t\t\t\t\t<div class=\"elementor-container elementor-column-gap-default\">\n\t\t\t\t\t<div class=\"elementor-column elementor-col-50 elementor-top-column elementor-element elementor-element-38d902c\" data-id=\"38d902c\" data-element_type=\"column\">\n\t\t\t<div class=\"elementor-widget-wrap elementor-element-populated\">\n\t\t\t\t\t\t\t\t<div class=\"elementor-element elementor-element-c2b32bf elementor-widget elementor-widget-image\" data-id=\"c2b32bf\" data-element_type=\"widget\" data-widget_type=\"image.default\">\n\t\t\t\t<div class=\"elementor-widget-container\">\n\t\t\t\t\t\t\t\t\t\t\t\t\t\t\t<img loading=\"lazy\" decoding=\"async\" width=\"440\" height=\"623\" src=\"https:\/\/mercadobinario.com.br\/cases-de-sucesso\/wp-content\/uploads\/2024\/12\/Rectangle-7.png\" class=\"attachment-full size-full wp-image-1933\" alt=\"\" srcset=\"https:\/\/mercadobinario.com.br\/cases-de-sucesso\/wp-content\/uploads\/2024\/12\/Rectangle-7.png 440w, https:\/\/mercadobinario.com.br\/cases-de-sucesso\/wp-content\/uploads\/2024\/12\/Rectangle-7-212x300.png 212w\" sizes=\"auto, (max-width: 440px) 100vw, 440px\" \/>\t\t\t\t\t\t\t\t\t\t\t\t\t\t\t<\/div>\n\t\t\t\t<\/div>\n\t\t\t\t\t<\/div>\n\t\t<\/div>\n\t\t\t\t<div class=\"elementor-column elementor-col-50 elementor-top-column elementor-element elementor-element-4cc3a64\" data-id=\"4cc3a64\" data-element_type=\"column\">\n\t\t\t<div class=\"elementor-widget-wrap elementor-element-populated\">\n\t\t\t\t\t\t\t\t<div class=\"elementor-element elementor-element-c383efd elementor-widget elementor-widget-text-editor\" data-id=\"c383efd\" data-element_type=\"widget\" data-widget_type=\"text-editor.default\">\n\t\t\t\t<div class=\"elementor-widget-container\">\n\t\t\t\t\t\t\t<p><strong>Solu\u00e7\u00e3o<\/strong><\/p><p><span style=\"font-size: 12pt;\">Para resolver esse problema, a Mercado Bin\u00e1rio implementou uma solu\u00e7\u00e3o automatizada utilizando agentes de Intelig\u00eancia Artificial (IA) para gerenciar e qualificar leads. A solu\u00e7\u00e3o trabalha em duas frentes principais:<\/span><\/p><ol><li><span style=\"font-size: 12pt;\"><strong>Agente de IA para Valida\u00e7\u00e3o de Lista:<\/strong> O processo come\u00e7a com o agente de IA ligando para os leads, confirmando dados como nome, cargo, e-mail e telefone. Essas informa\u00e7\u00f5es s\u00e3o armazenadas automaticamente no CRM e salvas em uma planilha de Excel para an\u00e1lise das liga\u00e7\u00f5es pelo Gestor, fornecendo dados precisos para a equipe de vendas. O sistema garante que apenas leads com dados confirmados e atualizados avancem para a pr\u00f3xima etapa.<\/span><p>\u00a0<\/p><\/li><li><span style=\"background-color: var(--global--color-background); color: var(--global--color-primary); font-family: var(--global--font-secondary); font-size: 12pt;\"><span style=\"background-color: var(--global--color-background); color: var(--global--color-primary); font-family: var(--global--font-secondary);\"><strong>Agente de IA para Agendamento e Qualifica\u00e7\u00e3o:<\/strong> Ap\u00f3s a valida\u00e7\u00e3o dos dados, o SDR automatizado (IA) entra em contato com os leads para qualificar o interesse e o potencial. O objetivo \u00e9 entender se o lead tem a dor e ver se ele est\u00e1 interessado em agendar uma reuni\u00e3o e, caso positivo. Ps: Estamos implementando agora a fase onde a IA agenda automaticamente a reuni\u00e3o na data dispon\u00edvel, tanto para o vendedor da Mercado Bin\u00e1rio quanto para o lead da consulta da agenda e agendamento autom\u00e1tico.<\/span><\/span><p>\u00a0<\/p><\/li><li><span style=\"background-color: var(--global--color-background); color: var(--global--color-primary); font-family: var(--global--font-secondary); font-size: 12pt;\"><strong>Confirma\u00e7\u00e3o da Reuni\u00e3o atrav\u00e9s de liga\u00e7\u00e3o:<\/strong> A IA realiza uma chamada no dia agendado para verificar a presen\u00e7a do cliente e confirmar o hor\u00e1rio. A confirma\u00e7\u00e3o \u00e9 registrada diretamente no e-mail do vendedor, informando a equipe de vendas que a reuni\u00e3o est\u00e1 confirmada. Caso o cliente n\u00e3o atenda, \u00e9 enviada uma mensagem de Whatsapp para confirmar a reuni\u00e3o. Com essa confirma\u00e7\u00e3o, o vendedor prepara rapidamente uma apresenta\u00e7\u00e3o personalizada para o cliente, garantindo um atendimento eficiente e relevante.<\/span><\/li><\/ol>\t\t\t\t\t\t<\/div>\n\t\t\t\t<\/div>\n\t\t\t\t\t<\/div>\n\t\t<\/div>\n\t\t\t\t\t\t\t<\/div>\n\t\t<\/section>\n\t\t\t\t<section class=\"elementor-section elementor-top-section elementor-element elementor-element-99c5ea0 elementor-section-boxed elementor-section-height-default elementor-section-height-default\" data-id=\"99c5ea0\" data-element_type=\"section\">\n\t\t\t\t\t\t<div class=\"elementor-container elementor-column-gap-default\">\n\t\t\t\t\t<div class=\"elementor-column elementor-col-50 elementor-top-column elementor-element elementor-element-7afc6ed\" data-id=\"7afc6ed\" data-element_type=\"column\">\n\t\t\t<div class=\"elementor-widget-wrap elementor-element-populated\">\n\t\t\t\t\t\t\t\t<div class=\"elementor-element elementor-element-5ca68fa elementor-widget elementor-widget-text-editor\" data-id=\"5ca68fa\" data-element_type=\"widget\" data-widget_type=\"text-editor.default\">\n\t\t\t\t<div class=\"elementor-widget-container\">\n\t\t\t\t\t\t\t<p><b>Resultados<\/b><\/p><p>A implementa\u00e7\u00e3o dessa solu\u00e7\u00e3o automatizada trouxe os seguintes benef\u00edcios para a Mercado Bin\u00e1rio:<\/p>\t\t\t\t\t\t<\/div>\n\t\t\t\t<\/div>\n\t\t\t\t\t<\/div>\n\t\t<\/div>\n\t\t\t\t<div class=\"elementor-column elementor-col-50 elementor-top-column elementor-element elementor-element-7d3f9a6\" data-id=\"7d3f9a6\" data-element_type=\"column\">\n\t\t\t<div class=\"elementor-widget-wrap elementor-element-populated\">\n\t\t\t\t\t\t\t\t<div class=\"elementor-element elementor-element-580d9db elementor-widget elementor-widget-image\" data-id=\"580d9db\" data-element_type=\"widget\" data-widget_type=\"image.default\">\n\t\t\t\t<div class=\"elementor-widget-container\">\n\t\t\t\t\t\t\t\t\t\t\t\t\t\t\t<img loading=\"lazy\" decoding=\"async\" width=\"738\" height=\"190\" src=\"https:\/\/mercadobinario.com.br\/cases-de-sucesso\/wp-content\/uploads\/2024\/12\/Rectangle-8.png\" class=\"attachment-full size-full wp-image-1962\" alt=\"\" srcset=\"https:\/\/mercadobinario.com.br\/cases-de-sucesso\/wp-content\/uploads\/2024\/12\/Rectangle-8.png 738w, https:\/\/mercadobinario.com.br\/cases-de-sucesso\/wp-content\/uploads\/2024\/12\/Rectangle-8-600x154.png 600w, https:\/\/mercadobinario.com.br\/cases-de-sucesso\/wp-content\/uploads\/2024\/12\/Rectangle-8-300x77.png 300w\" sizes=\"auto, (max-width: 738px) 100vw, 738px\" \/>\t\t\t\t\t\t\t\t\t\t\t\t\t\t\t<\/div>\n\t\t\t\t<\/div>\n\t\t\t\t\t<\/div>\n\t\t<\/div>\n\t\t\t\t\t\t\t<\/div>\n\t\t<\/section>\n\t\t\t\t<section class=\"elementor-section elementor-top-section elementor-element elementor-element-c649bc7 elementor-section-boxed elementor-section-height-default elementor-section-height-default\" data-id=\"c649bc7\" data-element_type=\"section\">\n\t\t\t\t\t\t<div class=\"elementor-container elementor-column-gap-default\">\n\t\t\t\t\t<div class=\"elementor-column elementor-col-50 elementor-top-column elementor-element elementor-element-c2b07d6\" data-id=\"c2b07d6\" data-element_type=\"column\">\n\t\t\t<div class=\"elementor-widget-wrap elementor-element-populated\">\n\t\t\t\t\t\t\t\t<div class=\"elementor-element elementor-element-c6fdabb elementor-widget elementor-widget-text-editor\" data-id=\"c6fdabb\" data-element_type=\"widget\" data-widget_type=\"text-editor.default\">\n\t\t\t\t<div class=\"elementor-widget-container\">\n\t\t\t\t\t\t\t<p><b>Aumento de 30% na taxa de reuni\u00f5es agendadas,<br \/><\/b><\/p><p>otimizando o tempo dos consultores ao focar apenas em leads qualificados.<\/p>\t\t\t\t\t\t<\/div>\n\t\t\t\t<\/div>\n\t\t\t\t\t<\/div>\n\t\t<\/div>\n\t\t\t\t<div class=\"elementor-column elementor-col-50 elementor-top-column elementor-element elementor-element-7dc6f0d\" data-id=\"7dc6f0d\" data-element_type=\"column\">\n\t\t\t<div class=\"elementor-widget-wrap elementor-element-populated\">\n\t\t\t\t\t\t\t\t<div class=\"elementor-element elementor-element-df32450 elementor-widget elementor-widget-text-editor\" data-id=\"df32450\" data-element_type=\"widget\" data-widget_type=\"text-editor.default\">\n\t\t\t\t<div class=\"elementor-widget-container\">\n\t\t\t\t\t\t\t<p><b>Redu\u00e7\u00e3o de 80% no tempo de valida\u00e7\u00e3o de leads,<br \/><\/b><\/p><p>eliminando o processo manual de confer\u00eancia de informa\u00e7\u00f5es e garantindo que apenas leads com dados confirmados avan\u00e7assem no funil.<\/p>\t\t\t\t\t\t<\/div>\n\t\t\t\t<\/div>\n\t\t\t\t\t<\/div>\n\t\t<\/div>\n\t\t\t\t\t\t\t<\/div>\n\t\t<\/section>\n\t\t\t\t<section class=\"elementor-section elementor-top-section elementor-element elementor-element-73e7824 elementor-section-boxed elementor-section-height-default elementor-section-height-default\" data-id=\"73e7824\" data-element_type=\"section\">\n\t\t\t\t\t\t<div class=\"elementor-container elementor-column-gap-default\">\n\t\t\t\t\t<div class=\"elementor-column elementor-col-33 elementor-top-column elementor-element elementor-element-ae443fb\" data-id=\"ae443fb\" data-element_type=\"column\">\n\t\t\t<div class=\"elementor-widget-wrap elementor-element-populated\">\n\t\t\t\t\t\t\t\t<div class=\"elementor-element elementor-element-adc214e elementor-widget elementor-widget-text-editor\" data-id=\"adc214e\" data-element_type=\"widget\" data-widget_type=\"text-editor.default\">\n\t\t\t\t<div class=\"elementor-widget-container\">\n\t\t\t\t\t\t\t<p><b>Automa\u00e7\u00e3o de 70% do processo de qualifica\u00e7\u00e3o e agendamento<br \/><\/b><\/p><p>liberando a equipe de vendas para se concentrar em intera\u00e7\u00f5es mais estrat\u00e9gicas e complexas.<\/p>\t\t\t\t\t\t<\/div>\n\t\t\t\t<\/div>\n\t\t\t\t\t<\/div>\n\t\t<\/div>\n\t\t\t\t<div class=\"elementor-column elementor-col-33 elementor-top-column elementor-element elementor-element-1c7ca23\" data-id=\"1c7ca23\" data-element_type=\"column\">\n\t\t\t<div class=\"elementor-widget-wrap elementor-element-populated\">\n\t\t\t\t\t\t\t\t<div class=\"elementor-element elementor-element-c92834f elementor-widget elementor-widget-text-editor\" data-id=\"c92834f\" data-element_type=\"widget\" data-widget_type=\"text-editor.default\">\n\t\t\t\t<div class=\"elementor-widget-container\">\n\t\t\t\t\t\t\t<p><b>Melhoria na gest\u00e3o de agenda,<br \/><\/b><\/p><p>com o agendamento autom\u00e1tico no Google Calendar tanto para o lead quanto para o consultor, garantindo maior efici\u00eancia e menos erros operacionais.<\/p>\t\t\t\t\t\t<\/div>\n\t\t\t\t<\/div>\n\t\t\t\t\t<\/div>\n\t\t<\/div>\n\t\t\t\t<div class=\"elementor-column elementor-col-33 elementor-top-column elementor-element elementor-element-773acbd\" data-id=\"773acbd\" data-element_type=\"column\">\n\t\t\t<div class=\"elementor-widget-wrap elementor-element-populated\">\n\t\t\t\t\t\t\t\t<div class=\"elementor-element elementor-element-360e122 elementor-widget elementor-widget-text-editor\" data-id=\"360e122\" data-element_type=\"widget\" data-widget_type=\"text-editor.default\">\n\t\t\t\t<div class=\"elementor-widget-container\">\n\t\t\t\t\t\t\t<p><b>Integra\u00e7\u00e3o eficaz com CRM,<br \/><\/b><\/p><p>onde todas as confirma\u00e7\u00f5es e dados de reuni\u00f5es s\u00e3o registrados automaticamente, facilitando o acompanhamento e a organiza\u00e7\u00e3o do time comercial.<\/p>\t\t\t\t\t\t<\/div>\n\t\t\t\t<\/div>\n\t\t\t\t\t<\/div>\n\t\t<\/div>\n\t\t\t\t\t\t\t<\/div>\n\t\t<\/section>\n\t\t\t\t<section class=\"elementor-section elementor-top-section elementor-element elementor-element-2401396 elementor-section-boxed elementor-section-height-default elementor-section-height-default\" data-id=\"2401396\" data-element_type=\"section\">\n\t\t\t\t\t\t<div class=\"elementor-container elementor-column-gap-default\">\n\t\t\t\t\t<div class=\"elementor-column elementor-col-100 elementor-top-column elementor-element elementor-element-46cb41e\" data-id=\"46cb41e\" data-element_type=\"column\">\n\t\t\t<div class=\"elementor-widget-wrap elementor-element-populated\">\n\t\t\t\t\t\t\t\t<div class=\"elementor-element elementor-element-09b2a57 elementor-widget elementor-widget-text-editor\" data-id=\"09b2a57\" data-element_type=\"widget\" data-widget_type=\"text-editor.default\">\n\t\t\t\t<div class=\"elementor-widget-container\">\n\t\t\t\t\t\t\t<p>Essa abordagem personalizada da Mercado Bin\u00e1rio, utilizando agentes de IA para valida\u00e7\u00e3o de dados e qualifica\u00e7\u00e3o de leads, resultou em um processo comercial mais eficiente, \u00e1gil e focado em resultados.<\/p>\t\t\t\t\t\t<\/div>\n\t\t\t\t<\/div>\n\t\t\t\t\t<\/div>\n\t\t<\/div>\n\t\t\t\t\t\t\t<\/div>\n\t\t<\/section>\n\t\t\t\t\t\t\t<\/div>\n\t\t","protected":false},"excerpt":{"rendered":"<p>Case Mercado Bin\u00e1rio Mercado Bin\u00e1rio Desafio A ag\u00eancia Mercado Bin\u00e1rio enfrentava o desafio de otimizar o processo de valida\u00e7\u00e3o de leads e agendamento de reuni\u00f5es, buscando reduzir o tempo gasto pela equipe de vendas e aumentar a precis\u00e3o na qualifica\u00e7\u00e3o de potenciais clientes. O processo anterior exigia muitas intera\u00e7\u00f5es manuais, o que resultava em um [&hellip;]<\/p>\n","protected":false},"author":1,"featured_media":0,"parent":0,"menu_order":0,"comment_status":"closed","ping_status":"closed","template":"elementor_canvas","meta":{"inline_featured_image":false,"footnotes":""},"class_list":["post-1900","page","type-page","status-publish","hentry"],"_links":{"self":[{"href":"https:\/\/mercadobinario.com.br\/cases-de-sucesso\/wp-json\/wp\/v2\/pages\/1900","targetHints":{"allow":["GET"]}}],"collection":[{"href":"https:\/\/mercadobinario.com.br\/cases-de-sucesso\/wp-json\/wp\/v2\/pages"}],"about":[{"href":"https:\/\/mercadobinario.com.br\/cases-de-sucesso\/wp-json\/wp\/v2\/types\/page"}],"author":[{"embeddable":true,"href":"https:\/\/mercadobinario.com.br\/cases-de-sucesso\/wp-json\/wp\/v2\/users\/1"}],"replies":[{"embeddable":true,"href":"https:\/\/mercadobinario.com.br\/cases-de-sucesso\/wp-json\/wp\/v2\/comments?post=1900"}],"version-history":[{"count":68,"href":"https:\/\/mercadobinario.com.br\/cases-de-sucesso\/wp-json\/wp\/v2\/pages\/1900\/revisions"}],"predecessor-version":[{"id":1986,"href":"https:\/\/mercadobinario.com.br\/cases-de-sucesso\/wp-json\/wp\/v2\/pages\/1900\/revisions\/1986"}],"wp:attachment":[{"href":"https:\/\/mercadobinario.com.br\/cases-de-sucesso\/wp-json\/wp\/v2\/media?parent=1900"}],"curies":[{"name":"wp","href":"https:\/\/api.w.org\/{rel}","templated":true}]}}