{"id":45,"date":"2021-05-02T11:41:46","date_gmt":"2021-05-02T14:41:46","guid":{"rendered":"https:\/\/mbnovosite.desenvolvimentode.site\/cases-de-sucesso\/?page_id=45"},"modified":"2022-12-12T10:26:38","modified_gmt":"2022-12-12T13:26:38","slug":"case-de-sucesso-panelinha-fit","status":"publish","type":"page","link":"https:\/\/mercadobinario.com.br\/cases-de-sucesso\/case-de-sucesso-panelinha-fit\/","title":{"rendered":"Case de sucesso Panelinha Fit"},"content":{"rendered":"\t\t<div data-elementor-type=\"wp-page\" data-elementor-id=\"45\" class=\"elementor elementor-45\" data-elementor-post-type=\"page\">\n\t\t\t\t\t\t\t\t\t<section class=\"elementor-section elementor-top-section elementor-element elementor-element-891f102 elementor-section-boxed elementor-section-height-default elementor-section-height-default\" data-id=\"891f102\" data-element_type=\"section\">\n\t\t\t\t\t\t<div class=\"elementor-container elementor-column-gap-default\">\n\t\t\t\t\t<div class=\"elementor-column elementor-col-100 elementor-top-column elementor-element elementor-element-484ee7ea\" data-id=\"484ee7ea\" data-element_type=\"column\">\n\t\t\t<div class=\"elementor-widget-wrap elementor-element-populated\">\n\t\t\t\t\t\t\t\t<section class=\"elementor-section elementor-inner-section elementor-element elementor-element-7d2d7599 elementor-section-boxed elementor-section-height-default elementor-section-height-default\" data-id=\"7d2d7599\" data-element_type=\"section\">\n\t\t\t\t\t\t<div class=\"elementor-container elementor-column-gap-no\">\n\t\t\t\t\t<div class=\"elementor-column elementor-col-50 elementor-inner-column elementor-element elementor-element-4a6e01a8\" data-id=\"4a6e01a8\" data-element_type=\"column\">\n\t\t\t<div class=\"elementor-widget-wrap elementor-element-populated\">\n\t\t\t\t\t\t\t\t<div class=\"elementor-element elementor-element-321718a0 elementor-widget elementor-widget-image\" data-id=\"321718a0\" data-element_type=\"widget\" data-widget_type=\"image.default\">\n\t\t\t\t<div class=\"elementor-widget-container\">\n\t\t\t\t\t\t\t\t\t\t\t\t\t\t\t<img loading=\"lazy\" decoding=\"async\" width=\"171\" height=\"47\" src=\"https:\/\/mercadobinario.com.br\/cases-de-sucesso\/wp-content\/uploads\/2021\/05\/logo-1.svg\" class=\"attachment-full size-full wp-image-68\" alt=\"\" \/>\t\t\t\t\t\t\t\t\t\t\t\t\t\t\t<\/div>\n\t\t\t\t<\/div>\n\t\t\t\t\t<\/div>\n\t\t<\/div>\n\t\t\t\t<div class=\"elementor-column elementor-col-50 elementor-inner-column elementor-element elementor-element-7404fe54\" data-id=\"7404fe54\" data-element_type=\"column\">\n\t\t\t<div class=\"elementor-widget-wrap elementor-element-populated\">\n\t\t\t\t\t\t\t\t<div class=\"elementor-element elementor-element-6c837677 elementor-widget elementor-widget-image\" data-id=\"6c837677\" data-element_type=\"widget\" data-widget_type=\"image.default\">\n\t\t\t\t<div class=\"elementor-widget-container\">\n\t\t\t\t\t\t\t\t\t\t\t\t\t\t\t<img loading=\"lazy\" decoding=\"async\" width=\"169\" height=\"41\" src=\"https:\/\/mercadobinario.com.br\/cases-de-sucesso\/wp-content\/uploads\/2021\/05\/panelinhalogo.svg\" class=\"attachment-full size-full wp-image-61\" alt=\"\" \/>\t\t\t\t\t\t\t\t\t\t\t\t\t\t\t<\/div>\n\t\t\t\t<\/div>\n\t\t\t\t\t<\/div>\n\t\t<\/div>\n\t\t\t\t\t\t\t<\/div>\n\t\t<\/section>\n\t\t\t\t\t<\/div>\n\t\t<\/div>\n\t\t\t\t\t\t\t<\/div>\n\t\t<\/section>\n\t\t\t\t<section class=\"elementor-section elementor-top-section elementor-element elementor-element-42c14f3d elementor-section-height-min-height elementor-section-stretched elementor-section-boxed elementor-section-height-default elementor-section-items-middle\" data-id=\"42c14f3d\" data-element_type=\"section\" data-settings=\"{&quot;stretch_section&quot;:&quot;section-stretched&quot;,&quot;background_background&quot;:&quot;classic&quot;}\">\n\t\t\t\t\t\t<div class=\"elementor-container elementor-column-gap-no\">\n\t\t\t\t\t<div class=\"elementor-column elementor-col-100 elementor-top-column elementor-element elementor-element-4c073889\" data-id=\"4c073889\" data-element_type=\"column\">\n\t\t\t<div class=\"elementor-widget-wrap elementor-element-populated\">\n\t\t\t\t\t\t\t\t<div class=\"elementor-element elementor-element-1300ccc6 elementor-widget elementor-widget-heading\" data-id=\"1300ccc6\" data-element_type=\"widget\" data-widget_type=\"heading.default\">\n\t\t\t\t<div class=\"elementor-widget-container\">\n\t\t\t<h2 class=\"elementor-heading-title elementor-size-default\">Como o faturamento do<strong> e-commerce da\nPanelinha Fit decolou em apenas 30 dias<\/strong><\/h2>\t\t<\/div>\n\t\t\t\t<\/div>\n\t\t\t\t\t<\/div>\n\t\t<\/div>\n\t\t\t\t\t\t\t<\/div>\n\t\t<\/section>\n\t\t\t\t<section class=\"elementor-section elementor-top-section elementor-element elementor-element-1d30853d elementor-section-boxed elementor-section-height-default elementor-section-height-default\" data-id=\"1d30853d\" data-element_type=\"section\">\n\t\t\t\t\t\t<div class=\"elementor-container elementor-column-gap-default\">\n\t\t\t\t\t<div class=\"elementor-column elementor-col-100 elementor-top-column elementor-element elementor-element-35072ab2\" data-id=\"35072ab2\" data-element_type=\"column\">\n\t\t\t<div class=\"elementor-widget-wrap elementor-element-populated\">\n\t\t\t\t\t\t\t\t<div class=\"elementor-element elementor-element-4a482493 elementor-widget elementor-widget-heading\" data-id=\"4a482493\" data-element_type=\"widget\" data-widget_type=\"heading.default\">\n\t\t\t\t<div class=\"elementor-widget-container\">\n\t\t\t<h2 class=\"elementor-heading-title elementor-size-default\">A Panelinha Fit<\/h2>\t\t<\/div>\n\t\t\t\t<\/div>\n\t\t\t\t<div class=\"elementor-element elementor-element-106527a elementor-widget elementor-widget-text-editor\" data-id=\"106527a\" data-element_type=\"widget\" data-widget_type=\"text-editor.default\">\n\t\t\t\t<div class=\"elementor-widget-container\">\n\t\t\t\t\t\t\t<p>A Panelinha Fit \u00e9 um e-commerce especializado em pratos, kits e lanches saud\u00e1veis congelados. Seus clientes podem adquirir os pratos prontos ou personalizar kits para uma ou duas semanas, possibilitando a sua organiza\u00e7\u00e3o e planejamento pr\u00e9vio para uma alimenta\u00e7\u00e3o saud\u00e1vel. <br \/><br \/>Outra facilidade que a Panelinha Fit oferece \u00e9 a entrega das refei\u00e7\u00f5es, que pode ser feita no dia e hor\u00e1rio de prefer\u00eancia do cliente.<\/p>\t\t\t\t\t\t<\/div>\n\t\t\t\t<\/div>\n\t\t\t\t<div class=\"elementor-element elementor-element-5bd6ec6c elementor-widget elementor-widget-heading\" data-id=\"5bd6ec6c\" data-element_type=\"widget\" data-widget_type=\"heading.default\">\n\t\t\t\t<div class=\"elementor-widget-container\">\n\t\t\t<h2 class=\"elementor-heading-title elementor-size-default\">Objetivo<\/h2>\t\t<\/div>\n\t\t\t\t<\/div>\n\t\t\t\t<div class=\"elementor-element elementor-element-568f172f elementor-widget elementor-widget-text-editor\" data-id=\"568f172f\" data-element_type=\"widget\" data-widget_type=\"text-editor.default\">\n\t\t\t\t<div class=\"elementor-widget-container\">\n\t\t\t\t\t\t\t<p>O principal objetivo da marca \u00e9 aliar refei\u00e7\u00f5es completas, saborosas e saud\u00e1veis a comodidade do cliente, facilidade de preparo e pre\u00e7o acess\u00edvel. J\u00e1 consolidada no mercado, a Panelinha Fit descobriu no Inbound Marketing novas oportunidades para gerar mais vendas e engajar seus clientes.<\/p>\t\t\t\t\t\t<\/div>\n\t\t\t\t<\/div>\n\t\t\t\t\t<\/div>\n\t\t<\/div>\n\t\t\t\t\t\t\t<\/div>\n\t\t<\/section>\n\t\t\t\t<section class=\"elementor-section elementor-top-section elementor-element elementor-element-15434015 elementor-section-full_width elementor-section-stretched elementor-section-height-default elementor-section-height-default\" data-id=\"15434015\" data-element_type=\"section\" data-settings=\"{&quot;stretch_section&quot;:&quot;section-stretched&quot;}\">\n\t\t\t\t\t\t<div class=\"elementor-container elementor-column-gap-no\">\n\t\t\t\t\t<div class=\"elementor-column elementor-col-50 elementor-top-column elementor-element elementor-element-1cf8ff75\" data-id=\"1cf8ff75\" data-element_type=\"column\" data-settings=\"{&quot;background_background&quot;:&quot;classic&quot;}\">\n\t\t\t<div class=\"elementor-widget-wrap elementor-element-populated\">\n\t\t\t\t\t\t\t\t<div class=\"elementor-element elementor-element-5cd9fcc2 elementor-hidden-desktop elementor-hidden-tablet elementor-widget elementor-widget-spacer\" data-id=\"5cd9fcc2\" data-element_type=\"widget\" data-widget_type=\"spacer.default\">\n\t\t\t\t<div class=\"elementor-widget-container\">\n\t\t\t\t\t<div class=\"elementor-spacer\">\n\t\t\t<div class=\"elementor-spacer-inner\"><\/div>\n\t\t<\/div>\n\t\t\t\t<\/div>\n\t\t\t\t<\/div>\n\t\t\t\t\t<\/div>\n\t\t<\/div>\n\t\t\t\t<div class=\"elementor-column elementor-col-50 elementor-top-column elementor-element elementor-element-507f9381\" data-id=\"507f9381\" data-element_type=\"column\">\n\t\t\t<div class=\"elementor-widget-wrap elementor-element-populated\">\n\t\t\t\t\t\t\t\t<div class=\"elementor-element elementor-element-699b8058 elementor-widget elementor-widget-heading\" data-id=\"699b8058\" data-element_type=\"widget\" data-widget_type=\"heading.default\">\n\t\t\t\t<div class=\"elementor-widget-container\">\n\t\t\t<h2 class=\"elementor-heading-title elementor-size-default\">Qual o principal desafio?<\/h2>\t\t<\/div>\n\t\t\t\t<\/div>\n\t\t\t\t<div class=\"elementor-element elementor-element-379023d9 elementor-hidden-phone elementor-widget elementor-widget-text-editor\" data-id=\"379023d9\" data-element_type=\"widget\" data-widget_type=\"text-editor.default\">\n\t\t\t\t<div class=\"elementor-widget-container\">\n\t\t\t\t\t\t\t<p>A nossa parceria teve como principal foco<br \/>melhorar seus resultados de vendas e impactar mais pessoas sobre a<br \/>import\u00e2ncia de manter uma rotina<\/p><p>alimentar saud\u00e1vel, ajudando-as no<br \/>processo.<\/p>\t\t\t\t\t\t<\/div>\n\t\t\t\t<\/div>\n\t\t\t\t<div class=\"elementor-element elementor-element-55e082e7 elementor-hidden-desktop elementor-hidden-tablet elementor-widget elementor-widget-text-editor\" data-id=\"55e082e7\" data-element_type=\"widget\" data-widget_type=\"text-editor.default\">\n\t\t\t\t<div class=\"elementor-widget-container\">\n\t\t\t\t\t\t\t<p>A nossa parceria teve como principal foco melhorar seus resultados de vendas e impactar mais pessoas sobre a import\u00e2ncia de manter uma rotina\u00a0alimentar saud\u00e1vel, ajudando-as no<br \/>processo.<\/p>\t\t\t\t\t\t<\/div>\n\t\t\t\t<\/div>\n\t\t\t\t\t<\/div>\n\t\t<\/div>\n\t\t\t\t\t\t\t<\/div>\n\t\t<\/section>\n\t\t\t\t<section class=\"elementor-section elementor-top-section elementor-element elementor-element-59cb7bf2 elementor-section-boxed elementor-section-height-default elementor-section-height-default\" data-id=\"59cb7bf2\" data-element_type=\"section\" id=\"quer\">\n\t\t\t\t\t\t<div class=\"elementor-container elementor-column-gap-default\">\n\t\t\t\t\t<div class=\"elementor-column elementor-col-100 elementor-top-column elementor-element elementor-element-ccd59e1\" data-id=\"ccd59e1\" data-element_type=\"column\">\n\t\t\t<div class=\"elementor-widget-wrap elementor-element-populated\">\n\t\t\t\t\t\t\t\t<div class=\"elementor-element elementor-element-1c3e6112 elementor-widget elementor-widget-heading\" data-id=\"1c3e6112\" data-element_type=\"widget\" data-widget_type=\"heading.default\">\n\t\t\t\t<div class=\"elementor-widget-container\">\n\t\t\t<h2 class=\"elementor-heading-title elementor-size-default\">Mas como geramos esse e outros resultados?<\/h2>\t\t<\/div>\n\t\t\t\t<\/div>\n\t\t\t\t<div class=\"elementor-element elementor-element-9d2c215 elementor-widget elementor-widget-text-editor\" data-id=\"9d2c215\" data-element_type=\"widget\" data-widget_type=\"text-editor.default\">\n\t\t\t\t<div class=\"elementor-widget-container\">\n\t\t\t\t\t\t\t<p>A Mercado Bin\u00e1rio traz um m\u00e9todo de mensura\u00e7\u00e3o in\u00e9dito e totalmente diferente do que as empresas de marketing tradicional fazem. Focado na metodologia \u201cdata driven\u201d, que \u00e9 o marketing dirigido por dados, as tomadas de decis\u00f5es estrat\u00e9gicas n\u00e3o s\u00e3o aleat\u00f3rias ou com base em achismos\u2026<\/p>\t\t\t\t\t\t<\/div>\n\t\t\t\t<\/div>\n\t\t\t\t\t<\/div>\n\t\t<\/div>\n\t\t\t\t\t\t\t<\/div>\n\t\t<\/section>\n\t\t\t\t\t\t\t<\/div>\n\t\t","protected":false},"excerpt":{"rendered":"<p>Como o faturamento do e-commerce da Panelinha Fit decolou em apenas 30 dias A Panelinha Fit A Panelinha Fit \u00e9 um e-commerce especializado em pratos, kits e lanches saud\u00e1veis congelados. Seus clientes podem adquirir os pratos prontos ou personalizar kits para uma ou duas semanas, possibilitando a sua organiza\u00e7\u00e3o e planejamento pr\u00e9vio para uma alimenta\u00e7\u00e3o [&hellip;]<\/p>\n","protected":false},"author":1,"featured_media":0,"parent":0,"menu_order":0,"comment_status":"closed","ping_status":"closed","template":"elementor_canvas","meta":{"inline_featured_image":false,"footnotes":""},"class_list":["post-45","page","type-page","status-publish","hentry"],"_links":{"self":[{"href":"https:\/\/mercadobinario.com.br\/cases-de-sucesso\/wp-json\/wp\/v2\/pages\/45","targetHints":{"allow":["GET"]}}],"collection":[{"href":"https:\/\/mercadobinario.com.br\/cases-de-sucesso\/wp-json\/wp\/v2\/pages"}],"about":[{"href":"https:\/\/mercadobinario.com.br\/cases-de-sucesso\/wp-json\/wp\/v2\/types\/page"}],"author":[{"embeddable":true,"href":"https:\/\/mercadobinario.com.br\/cases-de-sucesso\/wp-json\/wp\/v2\/users\/1"}],"replies":[{"embeddable":true,"href":"https:\/\/mercadobinario.com.br\/cases-de-sucesso\/wp-json\/wp\/v2\/comments?post=45"}],"version-history":[{"count":3,"href":"https:\/\/mercadobinario.com.br\/cases-de-sucesso\/wp-json\/wp\/v2\/pages\/45\/revisions"}],"predecessor-version":[{"id":1590,"href":"https:\/\/mercadobinario.com.br\/cases-de-sucesso\/wp-json\/wp\/v2\/pages\/45\/revisions\/1590"}],"wp:attachment":[{"href":"https:\/\/mercadobinario.com.br\/cases-de-sucesso\/wp-json\/wp\/v2\/media?parent=45"}],"curies":[{"name":"wp","href":"https:\/\/api.w.org\/{rel}","templated":true}]}}