{"id":555,"date":"2021-05-18T11:07:51","date_gmt":"2021-05-18T14:07:51","guid":{"rendered":"https:\/\/mbnovosite.desenvolvimentode.site\/cases-de-sucesso\/?page_id=555"},"modified":"2022-12-12T10:23:00","modified_gmt":"2022-12-12T13:23:00","slug":"case-de-sucesso-neffertari-e-la-boutik","status":"publish","type":"page","link":"https:\/\/mercadobinario.com.br\/cases-de-sucesso\/case-de-sucesso-neffertari-e-la-boutik\/","title":{"rendered":"Case de sucesso Neffertari e La Boutik"},"content":{"rendered":"\t\t<div data-elementor-type=\"wp-page\" data-elementor-id=\"555\" class=\"elementor elementor-555\" data-elementor-post-type=\"page\">\n\t\t\t\t\t\t\t\t\t<section class=\"elementor-section elementor-top-section elementor-element elementor-element-891f102 elementor-section-boxed elementor-section-height-default elementor-section-height-default\" data-id=\"891f102\" data-element_type=\"section\">\n\t\t\t\t\t\t<div class=\"elementor-container elementor-column-gap-default\">\n\t\t\t\t\t<div class=\"elementor-column elementor-col-100 elementor-top-column elementor-element elementor-element-484ee7ea\" data-id=\"484ee7ea\" data-element_type=\"column\">\n\t\t\t<div class=\"elementor-widget-wrap elementor-element-populated\">\n\t\t\t\t\t\t\t\t<section class=\"elementor-section elementor-inner-section elementor-element elementor-element-fff39a2 elementor-section-boxed elementor-section-height-default elementor-section-height-default\" data-id=\"fff39a2\" data-element_type=\"section\">\n\t\t\t\t\t\t<div class=\"elementor-container elementor-column-gap-no\">\n\t\t\t\t\t<div class=\"elementor-column elementor-col-33 elementor-inner-column elementor-element elementor-element-5d0acb7\" data-id=\"5d0acb7\" data-element_type=\"column\">\n\t\t\t<div class=\"elementor-widget-wrap elementor-element-populated\">\n\t\t\t\t\t\t\t\t<div class=\"elementor-element elementor-element-321718a0 elementor-widget elementor-widget-image\" data-id=\"321718a0\" data-element_type=\"widget\" data-widget_type=\"image.default\">\n\t\t\t\t<div class=\"elementor-widget-container\">\n\t\t\t\t\t\t\t\t\t\t\t\t\t\t\t<img loading=\"lazy\" decoding=\"async\" width=\"159\" height=\"44\" src=\"https:\/\/mercadobinario.com.br\/cases-de-sucesso\/wp-content\/uploads\/2021\/05\/logo-mb.svg\" class=\"attachment-full size-full wp-image-561\" alt=\"\" \/>\t\t\t\t\t\t\t\t\t\t\t\t\t\t\t<\/div>\n\t\t\t\t<\/div>\n\t\t\t\t\t<\/div>\n\t\t<\/div>\n\t\t\t\t<div class=\"elementor-column elementor-col-33 elementor-inner-column elementor-element elementor-element-d408c86\" data-id=\"d408c86\" data-element_type=\"column\">\n\t\t\t<div class=\"elementor-widget-wrap elementor-element-populated\">\n\t\t\t\t\t\t\t\t<div class=\"elementor-element elementor-element-6c837677 elementor-widget elementor-widget-image\" data-id=\"6c837677\" data-element_type=\"widget\" data-widget_type=\"image.default\">\n\t\t\t\t<div class=\"elementor-widget-container\">\n\t\t\t\t\t\t\t\t\t\t\t\t\t\t\t<img loading=\"lazy\" decoding=\"async\" width=\"130\" height=\"53\" src=\"https:\/\/mercadobinario.com.br\/cases-de-sucesso\/wp-content\/uploads\/2021\/05\/LaBoutiK_Logotipo2020.svg\" class=\"attachment-full size-full wp-image-560\" alt=\"\" \/>\t\t\t\t\t\t\t\t\t\t\t\t\t\t\t<\/div>\n\t\t\t\t<\/div>\n\t\t\t\t\t<\/div>\n\t\t<\/div>\n\t\t\t\t<div class=\"elementor-column elementor-col-33 elementor-inner-column elementor-element elementor-element-600bbcb\" data-id=\"600bbcb\" data-element_type=\"column\">\n\t\t\t<div class=\"elementor-widget-wrap elementor-element-populated\">\n\t\t\t\t\t\t\t\t<div class=\"elementor-element elementor-element-78bf441 elementor-widget elementor-widget-image\" data-id=\"78bf441\" data-element_type=\"widget\" data-widget_type=\"image.default\">\n\t\t\t\t<div class=\"elementor-widget-container\">\n\t\t\t\t\t\t\t\t\t\t\t\t\t\t\t<img loading=\"lazy\" decoding=\"async\" width=\"90\" height=\"60\" src=\"https:\/\/mercadobinario.com.br\/cases-de-sucesso\/wp-content\/uploads\/2021\/05\/logo-cliente.svg\" class=\"attachment-full size-full wp-image-562\" alt=\"\" \/>\t\t\t\t\t\t\t\t\t\t\t\t\t\t\t<\/div>\n\t\t\t\t<\/div>\n\t\t\t\t\t<\/div>\n\t\t<\/div>\n\t\t\t\t\t\t\t<\/div>\n\t\t<\/section>\n\t\t\t\t\t<\/div>\n\t\t<\/div>\n\t\t\t\t\t\t\t<\/div>\n\t\t<\/section>\n\t\t\t\t<section class=\"elementor-section elementor-top-section elementor-element elementor-element-42c14f3d elementor-section-height-min-height elementor-section-stretched elementor-section-boxed elementor-section-height-default elementor-section-items-middle\" data-id=\"42c14f3d\" data-element_type=\"section\" data-settings=\"{&quot;stretch_section&quot;:&quot;section-stretched&quot;,&quot;background_background&quot;:&quot;classic&quot;}\">\n\t\t\t\t\t\t<div class=\"elementor-container elementor-column-gap-no\">\n\t\t\t\t\t<div class=\"elementor-column elementor-col-100 elementor-top-column elementor-element elementor-element-2729467\" data-id=\"2729467\" data-element_type=\"column\">\n\t\t\t<div class=\"elementor-widget-wrap elementor-element-populated\">\n\t\t\t\t\t\t\t\t<div class=\"elementor-element elementor-element-1300ccc6 elementor-widget elementor-widget-heading\" data-id=\"1300ccc6\" data-element_type=\"widget\" data-widget_type=\"heading.default\">\n\t\t\t\t<div class=\"elementor-widget-container\">\n\t\t\t<h2 class=\"elementor-heading-title elementor-size-default\">Transforma\u00e7\u00e3o digital<br> <strong>aumentou a lucratividade<\/h2>\t\t<\/div>\n\t\t\t\t<\/div>\n\t\t\t\t\t<\/div>\n\t\t<\/div>\n\t\t\t\t\t\t\t<\/div>\n\t\t<\/section>\n\t\t\t\t<section class=\"elementor-section elementor-top-section elementor-element elementor-element-1d30853d elementor-section-boxed elementor-section-height-default elementor-section-height-default\" data-id=\"1d30853d\" data-element_type=\"section\">\n\t\t\t\t\t\t<div class=\"elementor-container elementor-column-gap-default\">\n\t\t\t\t\t<div class=\"elementor-column elementor-col-100 elementor-top-column elementor-element elementor-element-35072ab2\" data-id=\"35072ab2\" data-element_type=\"column\">\n\t\t\t<div class=\"elementor-widget-wrap elementor-element-populated\">\n\t\t\t\t\t\t\t\t<div class=\"elementor-element elementor-element-4a482493 elementor-widget elementor-widget-heading\" data-id=\"4a482493\" data-element_type=\"widget\" data-widget_type=\"heading.default\">\n\t\t\t\t<div class=\"elementor-widget-container\">\n\t\t\t<h2 class=\"elementor-heading-title elementor-size-default\">Neffertari e La Boutik<\/h2>\t\t<\/div>\n\t\t\t\t<\/div>\n\t\t\t\t<div class=\"elementor-element elementor-element-106527a elementor-widget elementor-widget-text-editor\" data-id=\"106527a\" data-element_type=\"widget\" data-widget_type=\"text-editor.default\">\n\t\t\t\t<div class=\"elementor-widget-container\">\n\t\t\t\t\t\t\t<p>O grupo atacadista \u00e9 refer\u00eancia no Brasil no mercado de semijoias de luxo.<\/p><p>\u00a0<\/p><p>H\u00e1 dez anos em atividade, proporciona ao p\u00fablico pe\u00e7as com valor agregado em cole\u00e7\u00f5es exclusivas, pontualmente.<\/p>\t\t\t\t\t\t<\/div>\n\t\t\t\t<\/div>\n\t\t\t\t<div class=\"elementor-element elementor-element-5bd6ec6c elementor-widget elementor-widget-heading\" data-id=\"5bd6ec6c\" data-element_type=\"widget\" data-widget_type=\"heading.default\">\n\t\t\t\t<div class=\"elementor-widget-container\">\n\t\t\t<h2 class=\"elementor-heading-title elementor-size-default\">Objetivo<\/h2>\t\t<\/div>\n\t\t\t\t<\/div>\n\t\t\t\t<div class=\"elementor-element elementor-element-568f172f elementor-widget elementor-widget-text-editor\" data-id=\"568f172f\" data-element_type=\"widget\" data-widget_type=\"text-editor.default\">\n\t\t\t\t<div class=\"elementor-widget-container\">\n\t\t\t\t\t\t\t<p>O foco dessa campanha era a convers\u00e3o em vendas online.<\/p>\t\t\t\t\t\t<\/div>\n\t\t\t\t<\/div>\n\t\t\t\t\t<\/div>\n\t\t<\/div>\n\t\t\t\t\t\t\t<\/div>\n\t\t<\/section>\n\t\t\t\t<section class=\"elementor-section elementor-top-section elementor-element elementor-element-15434015 elementor-section-full_width elementor-section-stretched elementor-section-height-default elementor-section-height-default\" data-id=\"15434015\" data-element_type=\"section\" id=\"resultado\" data-settings=\"{&quot;stretch_section&quot;:&quot;section-stretched&quot;}\">\n\t\t\t\t\t\t<div class=\"elementor-container elementor-column-gap-no\">\n\t\t\t\t\t<div class=\"elementor-column elementor-col-50 elementor-top-column elementor-element elementor-element-1cf8ff75\" data-id=\"1cf8ff75\" data-element_type=\"column\" data-settings=\"{&quot;background_background&quot;:&quot;classic&quot;}\">\n\t\t\t<div class=\"elementor-widget-wrap elementor-element-populated\">\n\t\t\t\t\t\t\t\t<div class=\"elementor-element elementor-element-5cd9fcc2 elementor-hidden-desktop elementor-hidden-tablet elementor-widget elementor-widget-spacer\" data-id=\"5cd9fcc2\" data-element_type=\"widget\" data-widget_type=\"spacer.default\">\n\t\t\t\t<div class=\"elementor-widget-container\">\n\t\t\t\t\t<div class=\"elementor-spacer\">\n\t\t\t<div class=\"elementor-spacer-inner\"><\/div>\n\t\t<\/div>\n\t\t\t\t<\/div>\n\t\t\t\t<\/div>\n\t\t\t\t\t<\/div>\n\t\t<\/div>\n\t\t\t\t<div class=\"elementor-column elementor-col-50 elementor-top-column elementor-element elementor-element-507f9381\" data-id=\"507f9381\" data-element_type=\"column\" data-settings=\"{&quot;background_background&quot;:&quot;classic&quot;}\">\n\t\t\t<div class=\"elementor-widget-wrap elementor-element-populated\">\n\t\t\t\t\t\t\t\t<div class=\"elementor-element elementor-element-699b8058 elementor-widget elementor-widget-heading\" data-id=\"699b8058\" data-element_type=\"widget\" data-widget_type=\"heading.default\">\n\t\t\t\t<div class=\"elementor-widget-container\">\n\t\t\t<h2 class=\"elementor-heading-title elementor-size-default\">Solu\u00e7\u00e3o<\/h2>\t\t<\/div>\n\t\t\t\t<\/div>\n\t\t\t\t<div class=\"elementor-element elementor-element-379023d9 elementor-hidden-phone elementor-widget elementor-widget-text-editor\" data-id=\"379023d9\" data-element_type=\"widget\" data-widget_type=\"text-editor.default\">\n\t\t\t\t<div class=\"elementor-widget-container\">\n\t\t\t\t\t\t\tCriamos diversos fluxos e landpages para a divulga\u00e7\u00e3o dos produtos da empresa. Conseguimos gerar muitos leads de qualidade, captados por uma estrat\u00e9gia bem amarrada entre inbound, performance e social media.\t\t\t\t\t\t<\/div>\n\t\t\t\t<\/div>\n\t\t\t\t<div class=\"elementor-element elementor-element-55e082e7 elementor-hidden-desktop elementor-hidden-tablet elementor-widget elementor-widget-text-editor\" data-id=\"55e082e7\" data-element_type=\"widget\" data-widget_type=\"text-editor.default\">\n\t\t\t\t<div class=\"elementor-widget-container\">\n\t\t\t\t\t\t\tCriamos diversos fluxos e landpages para a divulga\u00e7\u00e3o dos produtos da empresa. Conseguimos gerar muitos leads de qualidade, captados por uma estrat\u00e9gia bem amarrada entre inbound, performance e social media.\t\t\t\t\t\t<\/div>\n\t\t\t\t<\/div>\n\t\t\t\t\t<\/div>\n\t\t<\/div>\n\t\t\t\t\t\t\t<\/div>\n\t\t<\/section>\n\t\t\t\t\t\t\t<\/div>\n\t\t","protected":false},"excerpt":{"rendered":"<p>Transforma\u00e7\u00e3o digital aumentou a lucratividade Neffertari e La Boutik O grupo atacadista \u00e9 refer\u00eancia no Brasil no mercado de semijoias de luxo. \u00a0 H\u00e1 dez anos em atividade, proporciona ao p\u00fablico pe\u00e7as com valor agregado em cole\u00e7\u00f5es exclusivas, pontualmente. Objetivo O foco dessa campanha era a convers\u00e3o em vendas online. Solu\u00e7\u00e3o Criamos diversos fluxos e [&hellip;]<\/p>\n","protected":false},"author":1,"featured_media":0,"parent":0,"menu_order":0,"comment_status":"closed","ping_status":"closed","template":"elementor_canvas","meta":{"inline_featured_image":false,"footnotes":""},"class_list":["post-555","page","type-page","status-publish","hentry"],"_links":{"self":[{"href":"https:\/\/mercadobinario.com.br\/cases-de-sucesso\/wp-json\/wp\/v2\/pages\/555","targetHints":{"allow":["GET"]}}],"collection":[{"href":"https:\/\/mercadobinario.com.br\/cases-de-sucesso\/wp-json\/wp\/v2\/pages"}],"about":[{"href":"https:\/\/mercadobinario.com.br\/cases-de-sucesso\/wp-json\/wp\/v2\/types\/page"}],"author":[{"embeddable":true,"href":"https:\/\/mercadobinario.com.br\/cases-de-sucesso\/wp-json\/wp\/v2\/users\/1"}],"replies":[{"embeddable":true,"href":"https:\/\/mercadobinario.com.br\/cases-de-sucesso\/wp-json\/wp\/v2\/comments?post=555"}],"version-history":[{"count":3,"href":"https:\/\/mercadobinario.com.br\/cases-de-sucesso\/wp-json\/wp\/v2\/pages\/555\/revisions"}],"predecessor-version":[{"id":1587,"href":"https:\/\/mercadobinario.com.br\/cases-de-sucesso\/wp-json\/wp\/v2\/pages\/555\/revisions\/1587"}],"wp:attachment":[{"href":"https:\/\/mercadobinario.com.br\/cases-de-sucesso\/wp-json\/wp\/v2\/media?parent=555"}],"curies":[{"name":"wp","href":"https:\/\/api.w.org\/{rel}","templated":true}]}}