{"id":788,"date":"2021-05-20T11:40:07","date_gmt":"2021-05-20T14:40:07","guid":{"rendered":"https:\/\/mbnovosite.desenvolvimentode.site\/cases-de-sucesso\/?page_id=788"},"modified":"2024-05-27T14:42:40","modified_gmt":"2024-05-27T17:42:40","slug":"case-de-sucesso-plastitape","status":"publish","type":"page","link":"https:\/\/mercadobinario.com.br\/cases-de-sucesso\/case-de-sucesso-plastitape\/","title":{"rendered":"Case de sucesso Plastitape"},"content":{"rendered":"\t\t<div data-elementor-type=\"wp-page\" data-elementor-id=\"788\" class=\"elementor elementor-788\" data-elementor-post-type=\"page\">\n\t\t\t\t\t\t\t\t\t<section class=\"elementor-section elementor-top-section elementor-element elementor-element-891f102 elementor-section-boxed elementor-section-height-default elementor-section-height-default\" data-id=\"891f102\" data-element_type=\"section\">\n\t\t\t\t\t\t<div class=\"elementor-container elementor-column-gap-default\">\n\t\t\t\t\t<div class=\"elementor-column elementor-col-100 elementor-top-column elementor-element elementor-element-484ee7ea\" data-id=\"484ee7ea\" data-element_type=\"column\">\n\t\t\t<div class=\"elementor-widget-wrap elementor-element-populated\">\n\t\t\t\t\t\t\t\t<section class=\"elementor-section elementor-inner-section elementor-element elementor-element-7d2d7599 elementor-section-boxed elementor-section-height-default elementor-section-height-default\" data-id=\"7d2d7599\" data-element_type=\"section\">\n\t\t\t\t\t\t<div class=\"elementor-container elementor-column-gap-no\">\n\t\t\t\t\t<div class=\"elementor-column elementor-col-50 elementor-inner-column elementor-element elementor-element-4a6e01a8\" data-id=\"4a6e01a8\" data-element_type=\"column\">\n\t\t\t<div class=\"elementor-widget-wrap elementor-element-populated\">\n\t\t\t\t\t\t\t\t<div class=\"elementor-element elementor-element-321718a0 elementor-widget elementor-widget-image\" data-id=\"321718a0\" data-element_type=\"widget\" data-widget_type=\"image.default\">\n\t\t\t\t<div class=\"elementor-widget-container\">\n\t\t\t\t\t\t\t\t\t\t\t\t\t\t\t<img loading=\"lazy\" decoding=\"async\" width=\"171\" height=\"47\" src=\"https:\/\/mercadobinario.com.br\/cases-de-sucesso\/wp-content\/uploads\/2021\/05\/logo.png\" class=\"attachment-full size-full wp-image-696\" alt=\"\" \/>\t\t\t\t\t\t\t\t\t\t\t\t\t\t\t<\/div>\n\t\t\t\t<\/div>\n\t\t\t\t\t<\/div>\n\t\t<\/div>\n\t\t\t\t<div class=\"elementor-column elementor-col-50 elementor-inner-column elementor-element elementor-element-7404fe54\" data-id=\"7404fe54\" data-element_type=\"column\">\n\t\t\t<div class=\"elementor-widget-wrap elementor-element-populated\">\n\t\t\t\t\t\t\t\t<div class=\"elementor-element elementor-element-6c837677 elementor-widget elementor-widget-image\" data-id=\"6c837677\" data-element_type=\"widget\" data-widget_type=\"image.default\">\n\t\t\t\t<div class=\"elementor-widget-container\">\n\t\t\t\t\t\t\t\t\t\t\t\t\t\t\t<img loading=\"lazy\" decoding=\"async\" width=\"155\" height=\"43\" src=\"https:\/\/mercadobinario.com.br\/cases-de-sucesso\/wp-content\/uploads\/2021\/05\/logo-cliente-1.svg\" class=\"attachment-full size-full wp-image-793\" alt=\"\" \/>\t\t\t\t\t\t\t\t\t\t\t\t\t\t\t<\/div>\n\t\t\t\t<\/div>\n\t\t\t\t\t<\/div>\n\t\t<\/div>\n\t\t\t\t\t\t\t<\/div>\n\t\t<\/section>\n\t\t\t\t\t<\/div>\n\t\t<\/div>\n\t\t\t\t\t\t\t<\/div>\n\t\t<\/section>\n\t\t\t\t<section class=\"elementor-section elementor-top-section elementor-element elementor-element-42c14f3d elementor-section-height-min-height elementor-section-stretched elementor-section-boxed elementor-section-height-default elementor-section-items-middle\" data-id=\"42c14f3d\" data-element_type=\"section\" data-settings=\"{&quot;stretch_section&quot;:&quot;section-stretched&quot;,&quot;background_background&quot;:&quot;classic&quot;}\">\n\t\t\t\t\t\t<div class=\"elementor-container elementor-column-gap-no\">\n\t\t\t\t\t<div class=\"elementor-column elementor-col-100 elementor-top-column elementor-element elementor-element-2729467\" data-id=\"2729467\" data-element_type=\"column\">\n\t\t\t<div class=\"elementor-widget-wrap elementor-element-populated\">\n\t\t\t\t\t\t\t\t<div class=\"elementor-element elementor-element-1300ccc6 elementor-widget elementor-widget-heading\" data-id=\"1300ccc6\" data-element_type=\"widget\" data-widget_type=\"heading.default\">\n\t\t\t\t<div class=\"elementor-widget-container\">\n\t\t\t<h2 class=\"elementor-heading-title elementor-size-default\"> <strong>Case <\/strong> <br> Transforma\u00e7\u00e3o Digital no Marketing de Ind\u00fastria de Embalagens<\/h2>\t\t<\/div>\n\t\t\t\t<\/div>\n\t\t\t\t\t<\/div>\n\t\t<\/div>\n\t\t\t\t\t\t\t<\/div>\n\t\t<\/section>\n\t\t\t\t<section class=\"elementor-section elementor-top-section elementor-element elementor-element-1d30853d elementor-section-boxed elementor-section-height-default elementor-section-height-default\" data-id=\"1d30853d\" data-element_type=\"section\">\n\t\t\t\t\t\t<div class=\"elementor-container elementor-column-gap-default\">\n\t\t\t\t\t<div class=\"elementor-column elementor-col-100 elementor-top-column elementor-element elementor-element-35072ab2\" data-id=\"35072ab2\" data-element_type=\"column\">\n\t\t\t<div class=\"elementor-widget-wrap elementor-element-populated\">\n\t\t\t\t\t\t\t\t<div class=\"elementor-element elementor-element-4a482493 elementor-widget elementor-widget-heading\" data-id=\"4a482493\" data-element_type=\"widget\" data-widget_type=\"heading.default\">\n\t\t\t\t<div class=\"elementor-widget-container\">\n\t\t\t<h2 class=\"elementor-heading-title elementor-size-default\">A Plastitape<\/h2>\t\t<\/div>\n\t\t\t\t<\/div>\n\t\t\t\t<div class=\"elementor-element elementor-element-106527a elementor-widget elementor-widget-text-editor\" data-id=\"106527a\" data-element_type=\"widget\" data-widget_type=\"text-editor.default\">\n\t\t\t\t<div class=\"elementor-widget-container\">\n\t\t\t\t\t\t\t<p><span style=\"font-weight: 400;\">Ind\u00fastria de embalagens B2B buscava melhorar sua presen\u00e7a online, mas tamb\u00e9m dominar seu segmento de mercado.<\/span><\/p><p>\u00a0<\/p><p><span style=\"font-weight: 400;\">Seu objetivo era audacioso, aumentar significativamente o n\u00famero de leads e maximizar o retorno sobre investimento (ROI) por meio de campanhas de Google Ads.<\/span><\/p><p>\u00a0<\/p><p><span style=\"font-weight: 400;\">Por isso, escolheu a Mercado Bin\u00e1rio pela sua expertise em integrar intelig\u00eancia artificial \u00e0s estrat\u00e9gias de marketing digital<\/span><\/p>\t\t\t\t\t\t<\/div>\n\t\t\t\t<\/div>\n\t\t\t\t\t<\/div>\n\t\t<\/div>\n\t\t\t\t\t\t\t<\/div>\n\t\t<\/section>\n\t\t\t\t<section class=\"elementor-section elementor-top-section elementor-element elementor-element-15434015 elementor-section-full_width elementor-section-stretched elementor-section-height-default elementor-section-height-default\" data-id=\"15434015\" data-element_type=\"section\" data-settings=\"{&quot;stretch_section&quot;:&quot;section-stretched&quot;}\">\n\t\t\t\t\t\t<div class=\"elementor-container elementor-column-gap-no\">\n\t\t\t\t\t<div class=\"elementor-column elementor-col-50 elementor-top-column elementor-element elementor-element-1cf8ff75\" data-id=\"1cf8ff75\" data-element_type=\"column\" data-settings=\"{&quot;background_background&quot;:&quot;classic&quot;}\">\n\t\t\t<div class=\"elementor-widget-wrap elementor-element-populated\">\n\t\t\t\t\t\t\t\t<div class=\"elementor-element elementor-element-5cd9fcc2 elementor-hidden-desktop elementor-hidden-tablet elementor-widget elementor-widget-spacer\" data-id=\"5cd9fcc2\" data-element_type=\"widget\" data-widget_type=\"spacer.default\">\n\t\t\t\t<div class=\"elementor-widget-container\">\n\t\t\t\t\t<div class=\"elementor-spacer\">\n\t\t\t<div class=\"elementor-spacer-inner\"><\/div>\n\t\t<\/div>\n\t\t\t\t<\/div>\n\t\t\t\t<\/div>\n\t\t\t\t\t<\/div>\n\t\t<\/div>\n\t\t\t\t<div class=\"elementor-column elementor-col-50 elementor-top-column elementor-element elementor-element-507f9381\" data-id=\"507f9381\" data-element_type=\"column\" data-settings=\"{&quot;background_background&quot;:&quot;classic&quot;}\">\n\t\t\t<div class=\"elementor-widget-wrap elementor-element-populated\">\n\t\t\t\t\t\t\t\t<div class=\"elementor-element elementor-element-699b8058 elementor-widget elementor-widget-heading\" data-id=\"699b8058\" data-element_type=\"widget\" data-widget_type=\"heading.default\">\n\t\t\t\t<div class=\"elementor-widget-container\">\n\t\t\t<h2 class=\"elementor-heading-title elementor-size-default\">Execu\u00e7\u00e3o e resultados:<\/h2>\t\t<\/div>\n\t\t\t\t<\/div>\n\t\t\t\t<div class=\"elementor-element elementor-element-379023d9 elementor-hidden-phone elementor-widget elementor-widget-text-editor\" data-id=\"379023d9\" data-element_type=\"widget\" data-widget_type=\"text-editor.default\">\n\t\t\t\t<div class=\"elementor-widget-container\">\n\t\t\t\t\t\t\t<p><span style=\"font-weight: 400;\">A Mercado Bin\u00e1rio implementou sistemas de intelig\u00eancia artificial para analisar profundamente os dados de campanha, identificando oportunidades de otimiza\u00e7\u00e3o e insights valiosos para o neg\u00f3cio.<\/span><\/p><p>\u00a0<\/p><p><span style=\"font-weight: 400;\">Foram realizados testes A\/B inovadores para determinar as estrat\u00e9gias mais eficazes, garantindo que cada an\u00fancio atingisse seu potencial m\u00e1ximo.<\/span><\/p>\t\t\t\t\t\t<\/div>\n\t\t\t\t<\/div>\n\t\t\t\t<div class=\"elementor-element elementor-element-55e082e7 elementor-hidden-desktop elementor-hidden-tablet elementor-widget elementor-widget-text-editor\" data-id=\"55e082e7\" data-element_type=\"widget\" data-widget_type=\"text-editor.default\">\n\t\t\t\t<div class=\"elementor-widget-container\">\n\t\t\t\t\t\t\t<p><span style=\"font-weight: 400;\">A Mercado Bin\u00e1rio implementou sistemas de intelig\u00eancia artificial para analisar profundamente os dados de campanha, identificando oportunidades de otimiza\u00e7\u00e3o e insights valiosos para o neg\u00f3cio.<\/span><\/p><p>\u00a0<\/p><p><span style=\"font-weight: 400;\">Foram realizados testes A\/B inovadores para determinar as estrat\u00e9gias mais eficazes, garantindo que cada an\u00fancio atingisse seu potencial m\u00e1ximo.<\/span><\/p>\t\t\t\t\t\t<\/div>\n\t\t\t\t<\/div>\n\t\t\t\t\t<\/div>\n\t\t<\/div>\n\t\t\t\t\t\t\t<\/div>\n\t\t<\/section>\n\t\t\t\t<section class=\"elementor-section elementor-top-section elementor-element elementor-element-8d93b43 elementor-section-full_width elementor-section-stretched elementor-section-height-default elementor-section-height-default\" data-id=\"8d93b43\" data-element_type=\"section\" id=\"resultados\" data-settings=\"{&quot;stretch_section&quot;:&quot;section-stretched&quot;}\">\n\t\t\t\t\t\t<div class=\"elementor-container elementor-column-gap-no\">\n\t\t\t\t\t<div class=\"elementor-column elementor-col-50 elementor-top-column elementor-element elementor-element-f21af40\" data-id=\"f21af40\" data-element_type=\"column\" data-settings=\"{&quot;background_background&quot;:&quot;classic&quot;}\">\n\t\t\t<div class=\"elementor-widget-wrap elementor-element-populated\">\n\t\t\t\t\t\t\t\t<div class=\"elementor-element elementor-element-ceee14b elementor-widget elementor-widget-text-editor\" data-id=\"ceee14b\" data-element_type=\"widget\" data-widget_type=\"text-editor.default\">\n\t\t\t\t<div class=\"elementor-widget-container\">\n\t\t\t\t\t\t\t<p>Tamb\u00e9m foram criadas campanhas de Google e Facebook ads, onde novos clientes demonstraram interesse e realizaram compras no e-commerce da empresa. Tudo foi entrela\u00e7ado com uma estrat\u00e9gia coesa entre inbound, performance e social media, que resultou no aumento do faturamento em 50%.<\/p>\t\t\t\t\t\t<\/div>\n\t\t\t\t<\/div>\n\t\t\t\t\t<\/div>\n\t\t<\/div>\n\t\t\t\t<div class=\"elementor-column elementor-col-50 elementor-top-column elementor-element elementor-element-d004a66\" data-id=\"d004a66\" data-element_type=\"column\" data-settings=\"{&quot;background_background&quot;:&quot;classic&quot;}\">\n\t\t\t<div class=\"elementor-widget-wrap elementor-element-populated\">\n\t\t\t\t\t\t\t\t<div class=\"elementor-element elementor-element-26aac2f elementor-hidden-desktop elementor-hidden-tablet elementor-widget elementor-widget-spacer\" data-id=\"26aac2f\" data-element_type=\"widget\" data-widget_type=\"spacer.default\">\n\t\t\t\t<div class=\"elementor-widget-container\">\n\t\t\t\t\t<div class=\"elementor-spacer\">\n\t\t\t<div class=\"elementor-spacer-inner\"><\/div>\n\t\t<\/div>\n\t\t\t\t<\/div>\n\t\t\t\t<\/div>\n\t\t\t\t\t<\/div>\n\t\t<\/div>\n\t\t\t\t\t\t\t<\/div>\n\t\t<\/section>\n\t\t\t\t\t\t\t<\/div>\n\t\t","protected":false},"excerpt":{"rendered":"<p>Case Transforma\u00e7\u00e3o Digital no Marketing de Ind\u00fastria de Embalagens A Plastitape Ind\u00fastria de embalagens B2B buscava melhorar sua presen\u00e7a online, mas tamb\u00e9m dominar seu segmento de mercado. \u00a0 Seu objetivo era audacioso, aumentar significativamente o n\u00famero de leads e maximizar o retorno sobre investimento (ROI) por meio de campanhas de Google Ads. \u00a0 Por isso, [&hellip;]<\/p>\n","protected":false},"author":1,"featured_media":0,"parent":0,"menu_order":0,"comment_status":"closed","ping_status":"closed","template":"elementor_canvas","meta":{"inline_featured_image":false,"footnotes":""},"class_list":["post-788","page","type-page","status-publish","hentry"],"_links":{"self":[{"href":"https:\/\/mercadobinario.com.br\/cases-de-sucesso\/wp-json\/wp\/v2\/pages\/788","targetHints":{"allow":["GET"]}}],"collection":[{"href":"https:\/\/mercadobinario.com.br\/cases-de-sucesso\/wp-json\/wp\/v2\/pages"}],"about":[{"href":"https:\/\/mercadobinario.com.br\/cases-de-sucesso\/wp-json\/wp\/v2\/types\/page"}],"author":[{"embeddable":true,"href":"https:\/\/mercadobinario.com.br\/cases-de-sucesso\/wp-json\/wp\/v2\/users\/1"}],"replies":[{"embeddable":true,"href":"https:\/\/mercadobinario.com.br\/cases-de-sucesso\/wp-json\/wp\/v2\/comments?post=788"}],"version-history":[{"count":30,"href":"https:\/\/mercadobinario.com.br\/cases-de-sucesso\/wp-json\/wp\/v2\/pages\/788\/revisions"}],"predecessor-version":[{"id":1743,"href":"https:\/\/mercadobinario.com.br\/cases-de-sucesso\/wp-json\/wp\/v2\/pages\/788\/revisions\/1743"}],"wp:attachment":[{"href":"https:\/\/mercadobinario.com.br\/cases-de-sucesso\/wp-json\/wp\/v2\/media?parent=788"}],"curies":[{"name":"wp","href":"https:\/\/api.w.org\/{rel}","templated":true}]}}